{"id":33,"date":"2014-04-24T16:20:59","date_gmt":"2014-04-24T14:20:59","guid":{"rendered":"http:\/\/leroy-et-fils.fr\/leroy-et-fils-3\/?page_id=33"},"modified":"2026-01-12T12:24:42","modified_gmt":"2026-01-12T11:24:42","slug":"recherche-de-fuite-dijon","status":"publish","type":"page","link":"https:\/\/leroy-et-fils.fr\/plombierdijon\/recherche-de-fuite-dijon\/","title":{"rendered":"Recherche de Fuite Dijon"},"content":{"rendered":"\t\t<div data-elementor-type=\"wp-page\" data-elementor-id=\"33\" class=\"elementor elementor-33\">\n\t\t\t\t\t\t<section class=\"elementor-section elementor-top-section elementor-element elementor-element-5e9a3884 elementor-section-boxed elementor-section-height-default elementor-section-height-default\" data-id=\"5e9a3884\" data-element_type=\"section\" data-e-type=\"section\">\n\t\t\t\t\t\t<div class=\"elementor-container elementor-column-gap-default\">\n\t\t\t\t\t<div class=\"elementor-column elementor-col-100 elementor-top-column elementor-element elementor-element-45970ec9\" data-id=\"45970ec9\" data-element_type=\"column\" data-e-type=\"column\">\n\t\t\t<div class=\"elementor-widget-wrap elementor-element-populated\">\n\t\t\t\t\t\t<div class=\"elementor-element elementor-element-76f99e8b elementor-widget elementor-widget-text-editor\" data-id=\"76f99e8b\" data-element_type=\"widget\" data-e-type=\"widget\" data-widget_type=\"text-editor.default\">\n\t\t\t\t<div class=\"elementor-widget-container\">\n\t\t\t\t\t\t\t\t\t<div><h1 data-start=\"228\" data-end=\"313\">\ud83d\udd27 Recherche de Fuite \u00e0 Dijon (C\u00f4te-d\u2019Or) \u2013 Diagnostic pr\u00e9cis &amp; Intervention rapide<\/h1><p data-start=\"315\" data-end=\"609\">Vous suspectez une fuite d\u2019eau dans votre logement ou votre local professionnel \u00e0 Dijon ? Notre \u00e9quipe sp\u00e9cialis\u00e9e en <strong data-start=\"433\" data-end=\"472\">d\u00e9tection de fuite sans destruction<\/strong> intervient rapidement dans toute la <strong data-start=\"509\" data-end=\"527\">C\u00f4te-d\u2019Or (21)<\/strong> pour localiser pr\u00e9cis\u00e9ment l\u2019origine du probl\u00e8me et \u00e9viter des d\u00e9g\u00e2ts importants.<\/p><hr data-start=\"611\" data-end=\"614\" \/><h2 data-start=\"616\" data-end=\"678\">\ud83d\udea8 Service de Recherche de Fuite \u00e0 Dijon \u2013 Intervention 7j\/7<\/h2><p data-start=\"680\" data-end=\"864\">Une fuite non trait\u00e9e peut causer infiltrations, moisissures, surconsommation d\u2019eau ou d\u00e9g\u00e2ts des eaux.<br data-start=\"783\" data-end=\"786\" \/>Nos plombiers experts en <strong data-start=\"811\" data-end=\"846\">d\u00e9tection de fuite non invasive<\/strong> interviennent \u00e0 :<\/p><ul data-start=\"866\" data-end=\"1007\"><li data-start=\"866\" data-end=\"888\"><p data-start=\"868\" data-end=\"888\">Dijon centre-ville<\/p><\/li><li data-start=\"889\" data-end=\"899\"><p data-start=\"891\" data-end=\"899\">Talant<\/p><\/li><li data-start=\"900\" data-end=\"911\"><p data-start=\"902\" data-end=\"911\">Chen\u00f4ve<\/p><\/li><li data-start=\"912\" data-end=\"924\"><p data-start=\"914\" data-end=\"924\">Quetigny<\/p><\/li><li data-start=\"925\" data-end=\"947\"><p data-start=\"927\" data-end=\"947\">Fontaine-l\u00e8s-Dijon<\/p><\/li><li data-start=\"948\" data-end=\"969\"><p data-start=\"950\" data-end=\"969\">Saint-Apollinaire<\/p><\/li><li data-start=\"970\" data-end=\"981\"><p data-start=\"972\" data-end=\"981\">Longvic<\/p><\/li><li data-start=\"982\" data-end=\"1007\"><p data-start=\"984\" data-end=\"1007\">Et partout en C\u00f4te-d\u2019Or<\/p><\/li><\/ul><p data-start=\"1009\" data-end=\"1075\"><strong data-start=\"1009\" data-end=\"1075\">Intervention rapide \u2013 D\u00e9placement express selon disponibilit\u00e9.<\/strong><\/p><hr data-start=\"1077\" data-end=\"1080\" \/><h1 data-start=\"1082\" data-end=\"1129\">\u00a0<\/h1><h2 data-start=\"1955\" data-end=\"1993\">\ud83d\udee0\ufe0f Types de Fuites Trait\u00e9es \u00e0 Dijon<\/h2><p data-start=\"1995\" data-end=\"2038\">Nous intervenons sur tous types de fuites :<\/p><ul data-start=\"2040\" data-end=\"2420\"><li data-start=\"2040\" data-end=\"2087\"><p data-start=\"2042\" data-end=\"2087\">Fuites encastr\u00e9es dans murs, plafonds, sols<\/p><\/li><li data-start=\"2088\" data-end=\"2155\"><p data-start=\"2090\" data-end=\"2155\">Fuites de salle de bain : douche, baignoire, siphon, \u00e9vacuation<\/p><\/li><li data-start=\"2156\" data-end=\"2216\"><p data-start=\"2158\" data-end=\"2216\">Fuites de cuisine : \u00e9vier, lave-vaisselle, arriv\u00e9e d\u2019eau<\/p><\/li><li data-start=\"2217\" data-end=\"2267\"><p data-start=\"2219\" data-end=\"2267\">Fuites de WC : r\u00e9servoir, chasse d\u2019eau, joints<\/p><\/li><li data-start=\"2268\" data-end=\"2313\"><p data-start=\"2270\" data-end=\"2313\">Fuites de chauffage ou plancher chauffant<\/p><\/li><li data-start=\"2314\" data-end=\"2362\"><p data-start=\"2316\" data-end=\"2362\">Fuites de toiture ou infiltration par fa\u00e7ade<\/p><\/li><li data-start=\"2363\" data-end=\"2420\"><p data-start=\"2365\" data-end=\"2420\">Fuites sur r\u00e9seau ext\u00e9rieur (jardin, piscine, terrasse)<\/p><\/li><\/ul><p data-start=\"2422\" data-end=\"2516\">Une <strong data-start=\"2426\" data-end=\"2450\">localisation pr\u00e9cise<\/strong> permet de limiter les travaux et r\u00e9duire les co\u00fbts de r\u00e9paration.<\/p><hr data-start=\"2518\" data-end=\"2521\" \/><h2 data-start=\"2523\" data-end=\"2594\">\ud83d\udca1 Pourquoi Faire Appel \u00e0 Nos Experts en D\u00e9tection de Fuite \u00e0 Dijon ?<\/h2><ul data-start=\"2596\" data-end=\"2936\"><li data-start=\"2596\" data-end=\"2645\"><p data-start=\"2598\" data-end=\"2645\">\ud83d\udfe9 <strong data-start=\"2601\" data-end=\"2643\">Mat\u00e9riel professionnel haute pr\u00e9cision<\/strong><\/p><\/li><li data-start=\"2646\" data-end=\"2686\"><p data-start=\"2648\" data-end=\"2686\">\ud83d\udfe9 <strong data-start=\"2651\" data-end=\"2684\">Intervention sans destruction<\/strong><\/p><\/li><li data-start=\"2687\" data-end=\"2747\"><p data-start=\"2689\" data-end=\"2747\">\ud83d\udfe9 <strong data-start=\"2692\" data-end=\"2745\">Rapport d\u00e9taill\u00e9 pour assurances (d\u00e9g\u00e2t des eaux)<\/strong><\/p><\/li><li data-start=\"2748\" data-end=\"2803\"><p data-start=\"2750\" data-end=\"2803\">\ud83d\udfe9 <strong data-start=\"2753\" data-end=\"2801\">Sp\u00e9cialistes certifi\u00e9s en recherche de fuite<\/strong><\/p><\/li><li data-start=\"2804\" data-end=\"2833\"><p data-start=\"2806\" data-end=\"2833\">\ud83d\udfe9 <strong data-start=\"2809\" data-end=\"2831\">Disponibilit\u00e9 7j\/7<\/strong><\/p><\/li><li data-start=\"2834\" data-end=\"2879\"><p data-start=\"2836\" data-end=\"2879\">\ud83d\udfe9 <strong data-start=\"2839\" data-end=\"2877\">Tarifs transparents et devis clair<\/strong><\/p><\/li><li data-start=\"2880\" data-end=\"2936\"><p data-start=\"2882\" data-end=\"2936\">\ud83d\udfe9 <strong data-start=\"2885\" data-end=\"2936\">Techniciens bas\u00e9s \u00e0 Dijon (r\u00e9activit\u00e9 garantie)<\/strong><\/p><\/li><\/ul><hr data-start=\"2938\" data-end=\"2941\" \/><h2 data-start=\"2943\" data-end=\"3002\">\ud83d\udcdd Recherche de Fuite &amp; Assurance : Notre Rapport Complet<\/h2><p data-start=\"3004\" data-end=\"3057\">En cas de fuite ou d\u00e9g\u00e2t des eaux, nous fournissons :<\/p><ul data-start=\"3059\" data-end=\"3168\"><li data-start=\"3059\" data-end=\"3097\"><p data-start=\"3061\" data-end=\"3097\">un <strong data-start=\"3064\" data-end=\"3094\">rapport technique d\u00e9taill\u00e9<\/strong>,<\/p><\/li><li data-start=\"3098\" data-end=\"3109\"><p data-start=\"3100\" data-end=\"3109\">photos,<\/p><\/li><li data-start=\"3110\" data-end=\"3135\"><p data-start=\"3112\" data-end=\"3135\">localisation pr\u00e9cise,<\/p><\/li><li data-start=\"3136\" data-end=\"3168\"><p data-start=\"3138\" data-end=\"3168\">recommandations de r\u00e9paration.<\/p><\/li><\/ul><p data-start=\"3170\" data-end=\"3254\">Cette documentation est <strong data-start=\"3194\" data-end=\"3225\">accept\u00e9e par les assurances<\/strong> dans le cadre d\u2019un sinistre.<\/p><hr data-start=\"3256\" data-end=\"3259\" \/><h2 data-start=\"3261\" data-end=\"3307\">\ud83d\udcde Contact : Recherche de Fuite \u00e0 Dijon (21)<\/h2><p data-start=\"3309\" data-end=\"3434\">Besoin d\u2019un diagnostic rapide ?<br data-start=\"3340\" data-end=\"3343\" \/><strong data-start=\"3343\" data-end=\"3434\">Appelez d\u00e8s maintenant votre sp\u00e9cialiste en recherche de fuite \u00e0 Dijon : 0373 27 58 14<\/strong><\/p><p data-start=\"3436\" data-end=\"3494\">Intervention rapide \u2022 Devis imm\u00e9diat \u2022 Expertise certifi\u00e9e<\/p><\/div><p><a href=\"http:\/\/leroy-et-fils.fr\/plombierdijon\/wp-content\/uploads\/sites\/173\/2021\/03\/debouchage-canalisation.jpg\"><img fetchpriority=\"high\" decoding=\"async\" class=\"alignnone size-full wp-image-246\" src=\"http:\/\/leroy-et-fils.fr\/plombierdijon\/wp-content\/uploads\/sites\/173\/2021\/03\/debouchage-canalisation.jpg\" alt=\"\" width=\"740\" height=\"874\" srcset=\"https:\/\/leroy-et-fils.fr\/plombierdijon\/wp-content\/uploads\/sites\/173\/2021\/03\/debouchage-canalisation.jpg 740w, https:\/\/leroy-et-fils.fr\/plombierdijon\/wp-content\/uploads\/sites\/173\/2021\/03\/debouchage-canalisation-254x300.jpg 254w\" sizes=\"(max-width: 740px) 100vw, 740px\" \/><\/a><a href=\"http:\/\/leroy-et-fils.fr\/bayonne\/wp-content\/uploads\/sites\/90\/2021\/02\/debouchage-canalisation.jpg\"><img decoding=\"async\" class=\"size-full wp-image-254 aligncenter\" src=\"&quot;http:\/\/leroy-et-fils.fr\/bayonne\/wp-content\/uploads\/sites\/90\/2021&lt;\/p\" \/> <\/a><\/p>\t\t\t\t\t\t\t\t<\/div>\n\t\t\t\t<\/div>\n\t\t\t\t\t<\/div>\n\t\t<\/div>\n\t\t\t\t\t<\/div>\n\t\t<\/section>\n\t\t\t\t<\/div>\n\t\t","protected":false},"excerpt":{"rendered":"<p>&#x1f527; Recherche de Fuite \u00e0 Dijon (C\u00f4te-d\u2019Or) \u2013 Diagnostic pr\u00e9cis &amp; Intervention rapide Vous suspectez une fuite d\u2019eau dans votre [&hellip;]<\/p>\n","protected":false},"author":1,"featured_media":0,"parent":0,"menu_order":0,"comment_status":"open","ping_status":"open","template":"","meta":{"site-sidebar-layout":"default","site-content-layout":"","ast-site-content-layout":"default","site-content-style":"default","site-sidebar-style":"default","ast-global-header-display":"","ast-banner-title-visibility":"","ast-main-header-display":"","ast-hfb-above-header-display":"","ast-hfb-below-header-display":"","ast-hfb-mobile-header-display":"","site-post-title":"disabled","ast-breadcrumbs-content":"","ast-featured-img":"","footer-sml-layout":"","theme-transparent-header-meta":"","adv-header-id-meta":"","stick-header-meta":"","header-above-stick-meta":"","header-main-stick-meta":"","header-below-stick-meta":"","astra-migrate-meta-layouts":"default","ast-page-background-enabled":"default","ast-page-background-meta":{"desktop":{"background-color":"var(--ast-global-color-5)","background-image":"","background-repeat":"repeat","background-position":"center center","background-size":"auto","background-attachment":"scroll","background-type":"","background-media":"","overlay-type":"","overlay-color":"","overlay-opacity":"","overlay-gradient":""},"tablet":{"background-color":"","background-image":"","background-repeat":"repeat","background-position":"center center","background-size":"auto","background-attachment":"scroll","background-type":"","background-media":"","overlay-type":"","overlay-color":"","overlay-opacity":"","overlay-gradient":""},"mobile":{"background-color":"","background-image":"","background-repeat":"repeat","background-position":"center center","background-size":"auto","background-attachment":"scroll","background-type":"","background-media":"","overlay-type":"","overlay-color":"","overlay-opacity":"","overlay-gradient":""}},"ast-content-background-meta":{"desktop":{"background-color":"var(--ast-global-color-4)","background-image":"","background-repeat":"repeat","background-position":"center center","background-size":"auto","background-attachment":"scroll","background-type":"","background-media":"","overlay-type":"","overlay-color":"","overlay-opacity":"","overlay-gradient":""},"tablet":{"background-color":"var(--ast-global-color-4)","background-image":"","background-repeat":"repeat","background-position":"center center","background-size":"auto","background-attachment":"scroll","background-type":"","background-media":"","overlay-type":"","overlay-color":"","overlay-opacity":"","overlay-gradient":""},"mobile":{"background-color":"var(--ast-global-color-4)","background-image":"","background-repeat":"repeat","background-position":"center center","background-size":"auto","background-attachment":"scroll","background-type":"","background-media":"","overlay-type":"","overlay-color":"","overlay-opacity":"","overlay-gradient":""}},"footnotes":""},"class_list":["post-33","page","type-page","status-publish","hentry"],"yoast_head":"<!-- This site is optimized with the Yoast SEO plugin v27.4 - https:\/\/yoast.com\/product\/yoast-seo-wordpress\/ -->\n<title>Recherche de Fuite Dijon - Plombier Dijon 21<\/title>\n<meta name=\"description\" content=\"Une fuite d&#039;eau \u00e0 Dijon ? D\u00e9couvrez notre service de Recherche de Fuite Dijon \u2013 C\u00f4te-d&#039;Or (21)\" \/>\n<meta name=\"robots\" content=\"index, follow, max-snippet:-1, max-image-preview:large, max-video-preview:-1\" \/>\n<link rel=\"canonical\" href=\"https:\/\/leroy-et-fils.fr\/plombierdijon\/recherche-de-fuite-dijon\/\" \/>\n<meta property=\"og:locale\" content=\"fr_FR\" \/>\n<meta property=\"og:type\" content=\"article\" \/>\n<meta property=\"og:title\" content=\"Recherche de Fuite Dijon - Plombier Dijon 21\" \/>\n<meta property=\"og:description\" content=\"Une fuite d&#039;eau \u00e0 Dijon ? D\u00e9couvrez notre service de Recherche de Fuite Dijon \u2013 C\u00f4te-d&#039;Or (21)\" \/>\n<meta property=\"og:url\" content=\"https:\/\/leroy-et-fils.fr\/plombierdijon\/recherche-de-fuite-dijon\/\" \/>\n<meta property=\"og:site_name\" content=\"Plombier Dijon 21\" \/>\n<meta property=\"article:modified_time\" content=\"2026-01-12T11:24:42+00:00\" \/>\n<meta property=\"og:image\" content=\"http:\/\/leroy-et-fils.fr\/plombierdijon\/wp-content\/uploads\/sites\/173\/2021\/03\/debouchage-canalisation.jpg\" \/>\n<meta name=\"twitter:label1\" content=\"Dur\u00e9e de lecture estim\u00e9e\" \/>\n\t<meta name=\"twitter:data1\" content=\"2 minutes\" \/>\n<script type=\"application\/ld+json\" class=\"yoast-schema-graph\">{\"@context\":\"https:\\\/\\\/schema.org\",\"@graph\":[{\"@type\":\"WebPage\",\"@id\":\"https:\\\/\\\/leroy-et-fils.fr\\\/plombierdijon\\\/recherche-de-fuite-dijon\\\/\",\"url\":\"https:\\\/\\\/leroy-et-fils.fr\\\/plombierdijon\\\/recherche-de-fuite-dijon\\\/\",\"name\":\"Recherche de Fuite Dijon - Plombier Dijon 21\",\"isPartOf\":{\"@id\":\"https:\\\/\\\/leroy-et-fils.fr\\\/plombierdijon\\\/#website\"},\"primaryImageOfPage\":{\"@id\":\"https:\\\/\\\/leroy-et-fils.fr\\\/plombierdijon\\\/recherche-de-fuite-dijon\\\/#primaryimage\"},\"image\":{\"@id\":\"https:\\\/\\\/leroy-et-fils.fr\\\/plombierdijon\\\/recherche-de-fuite-dijon\\\/#primaryimage\"},\"thumbnailUrl\":\"http:\\\/\\\/leroy-et-fils.fr\\\/plombierdijon\\\/wp-content\\\/uploads\\\/sites\\\/173\\\/2021\\\/03\\\/debouchage-canalisation.jpg\",\"datePublished\":\"2014-04-24T14:20:59+00:00\",\"dateModified\":\"2026-01-12T11:24:42+00:00\",\"description\":\"Une fuite d'eau \u00e0 Dijon ? D\u00e9couvrez notre service de Recherche de Fuite Dijon \u2013 C\u00f4te-d'Or (21)\",\"breadcrumb\":{\"@id\":\"https:\\\/\\\/leroy-et-fils.fr\\\/plombierdijon\\\/recherche-de-fuite-dijon\\\/#breadcrumb\"},\"inLanguage\":\"fr-FR\",\"potentialAction\":[{\"@type\":\"ReadAction\",\"target\":[\"https:\\\/\\\/leroy-et-fils.fr\\\/plombierdijon\\\/recherche-de-fuite-dijon\\\/\"]}]},{\"@type\":\"ImageObject\",\"inLanguage\":\"fr-FR\",\"@id\":\"https:\\\/\\\/leroy-et-fils.fr\\\/plombierdijon\\\/recherche-de-fuite-dijon\\\/#primaryimage\",\"url\":\"http:\\\/\\\/leroy-et-fils.fr\\\/plombierdijon\\\/wp-content\\\/uploads\\\/sites\\\/173\\\/2021\\\/03\\\/debouchage-canalisation.jpg\",\"contentUrl\":\"http:\\\/\\\/leroy-et-fils.fr\\\/plombierdijon\\\/wp-content\\\/uploads\\\/sites\\\/173\\\/2021\\\/03\\\/debouchage-canalisation.jpg\"},{\"@type\":\"BreadcrumbList\",\"@id\":\"https:\\\/\\\/leroy-et-fils.fr\\\/plombierdijon\\\/recherche-de-fuite-dijon\\\/#breadcrumb\",\"itemListElement\":[{\"@type\":\"ListItem\",\"position\":1,\"name\":\"Accueil\",\"item\":\"https:\\\/\\\/leroy-et-fils.fr\\\/plombierdijon\\\/\"},{\"@type\":\"ListItem\",\"position\":2,\"name\":\"Recherche de Fuite Dijon\"}]},{\"@type\":\"WebSite\",\"@id\":\"https:\\\/\\\/leroy-et-fils.fr\\\/plombierdijon\\\/#website\",\"url\":\"https:\\\/\\\/leroy-et-fils.fr\\\/plombierdijon\\\/\",\"name\":\"Plombier Dijon\",\"description\":\"plombier \u00e0 Dijon\",\"potentialAction\":[{\"@type\":\"SearchAction\",\"target\":{\"@type\":\"EntryPoint\",\"urlTemplate\":\"https:\\\/\\\/leroy-et-fils.fr\\\/plombierdijon\\\/?s={search_term_string}\"},\"query-input\":{\"@type\":\"PropertyValueSpecification\",\"valueRequired\":true,\"valueName\":\"search_term_string\"}}],\"inLanguage\":\"fr-FR\"}]}<\/script>\n<!-- \/ Yoast SEO plugin. -->","yoast_head_json":{"title":"Recherche de Fuite Dijon - Plombier Dijon 21","description":"Une fuite d'eau \u00e0 Dijon ? D\u00e9couvrez notre service de Recherche de Fuite Dijon \u2013 C\u00f4te-d'Or (21)","robots":{"index":"index","follow":"follow","max-snippet":"max-snippet:-1","max-image-preview":"max-image-preview:large","max-video-preview":"max-video-preview:-1"},"canonical":"https:\/\/leroy-et-fils.fr\/plombierdijon\/recherche-de-fuite-dijon\/","og_locale":"fr_FR","og_type":"article","og_title":"Recherche de Fuite Dijon - Plombier Dijon 21","og_description":"Une fuite d'eau \u00e0 Dijon ? D\u00e9couvrez notre service de Recherche de Fuite Dijon \u2013 C\u00f4te-d'Or (21)","og_url":"https:\/\/leroy-et-fils.fr\/plombierdijon\/recherche-de-fuite-dijon\/","og_site_name":"Plombier Dijon 21","article_modified_time":"2026-01-12T11:24:42+00:00","og_image":[{"url":"http:\/\/leroy-et-fils.fr\/plombierdijon\/wp-content\/uploads\/sites\/173\/2021\/03\/debouchage-canalisation.jpg","type":"","width":"","height":""}],"twitter_misc":{"Dur\u00e9e de lecture estim\u00e9e":"2 minutes"},"schema":{"@context":"https:\/\/schema.org","@graph":[{"@type":"WebPage","@id":"https:\/\/leroy-et-fils.fr\/plombierdijon\/recherche-de-fuite-dijon\/","url":"https:\/\/leroy-et-fils.fr\/plombierdijon\/recherche-de-fuite-dijon\/","name":"Recherche de Fuite Dijon - Plombier Dijon 21","isPartOf":{"@id":"https:\/\/leroy-et-fils.fr\/plombierdijon\/#website"},"primaryImageOfPage":{"@id":"https:\/\/leroy-et-fils.fr\/plombierdijon\/recherche-de-fuite-dijon\/#primaryimage"},"image":{"@id":"https:\/\/leroy-et-fils.fr\/plombierdijon\/recherche-de-fuite-dijon\/#primaryimage"},"thumbnailUrl":"http:\/\/leroy-et-fils.fr\/plombierdijon\/wp-content\/uploads\/sites\/173\/2021\/03\/debouchage-canalisation.jpg","datePublished":"2014-04-24T14:20:59+00:00","dateModified":"2026-01-12T11:24:42+00:00","description":"Une fuite d'eau \u00e0 Dijon ? D\u00e9couvrez notre service de Recherche de Fuite Dijon \u2013 C\u00f4te-d'Or (21)","breadcrumb":{"@id":"https:\/\/leroy-et-fils.fr\/plombierdijon\/recherche-de-fuite-dijon\/#breadcrumb"},"inLanguage":"fr-FR","potentialAction":[{"@type":"ReadAction","target":["https:\/\/leroy-et-fils.fr\/plombierdijon\/recherche-de-fuite-dijon\/"]}]},{"@type":"ImageObject","inLanguage":"fr-FR","@id":"https:\/\/leroy-et-fils.fr\/plombierdijon\/recherche-de-fuite-dijon\/#primaryimage","url":"http:\/\/leroy-et-fils.fr\/plombierdijon\/wp-content\/uploads\/sites\/173\/2021\/03\/debouchage-canalisation.jpg","contentUrl":"http:\/\/leroy-et-fils.fr\/plombierdijon\/wp-content\/uploads\/sites\/173\/2021\/03\/debouchage-canalisation.jpg"},{"@type":"BreadcrumbList","@id":"https:\/\/leroy-et-fils.fr\/plombierdijon\/recherche-de-fuite-dijon\/#breadcrumb","itemListElement":[{"@type":"ListItem","position":1,"name":"Accueil","item":"https:\/\/leroy-et-fils.fr\/plombierdijon\/"},{"@type":"ListItem","position":2,"name":"Recherche de Fuite Dijon"}]},{"@type":"WebSite","@id":"https:\/\/leroy-et-fils.fr\/plombierdijon\/#website","url":"https:\/\/leroy-et-fils.fr\/plombierdijon\/","name":"Plombier Dijon","description":"plombier \u00e0 Dijon","potentialAction":[{"@type":"SearchAction","target":{"@type":"EntryPoint","urlTemplate":"https:\/\/leroy-et-fils.fr\/plombierdijon\/?s={search_term_string}"},"query-input":{"@type":"PropertyValueSpecification","valueRequired":true,"valueName":"search_term_string"}}],"inLanguage":"fr-FR"}]}},"_links":{"self":[{"href":"https:\/\/leroy-et-fils.fr\/plombierdijon\/wp-json\/wp\/v2\/pages\/33","targetHints":{"allow":["GET"]}}],"collection":[{"href":"https:\/\/leroy-et-fils.fr\/plombierdijon\/wp-json\/wp\/v2\/pages"}],"about":[{"href":"https:\/\/leroy-et-fils.fr\/plombierdijon\/wp-json\/wp\/v2\/types\/page"}],"author":[{"embeddable":true,"href":"https:\/\/leroy-et-fils.fr\/plombierdijon\/wp-json\/wp\/v2\/users\/1"}],"replies":[{"embeddable":true,"href":"https:\/\/leroy-et-fils.fr\/plombierdijon\/wp-json\/wp\/v2\/comments?post=33"}],"version-history":[{"count":20,"href":"https:\/\/leroy-et-fils.fr\/plombierdijon\/wp-json\/wp\/v2\/pages\/33\/revisions"}],"predecessor-version":[{"id":519,"href":"https:\/\/leroy-et-fils.fr\/plombierdijon\/wp-json\/wp\/v2\/pages\/33\/revisions\/519"}],"wp:attachment":[{"href":"https:\/\/leroy-et-fils.fr\/plombierdijon\/wp-json\/wp\/v2\/media?parent=33"}],"curies":[{"name":"wp","href":"https:\/\/api.w.org\/{rel}","templated":true}]}}