{"id":2,"date":"2014-03-16T10:34:09","date_gmt":"2014-03-16T09:34:09","guid":{"rendered":"http:\/\/leroy-et-fils.fr\/leroy-et-fils-3\/\/?page_id=2"},"modified":"2025-12-22T16:20:47","modified_gmt":"2025-12-22T15:20:47","slug":"plombier-dijon","status":"publish","type":"page","link":"https:\/\/leroy-et-fils.fr\/plombierdijon\/","title":{"rendered":"Plombier dijon"},"content":{"rendered":"\t\t<div data-elementor-type=\"wp-page\" data-elementor-id=\"2\" class=\"elementor elementor-2\">\n\t\t\t\t\t\t<section class=\"elementor-section elementor-top-section elementor-element elementor-element-8546632 elementor-section-boxed elementor-section-height-default elementor-section-height-default\" data-id=\"8546632\" data-element_type=\"section\" data-e-type=\"section\">\n\t\t\t\t\t\t<div class=\"elementor-container elementor-column-gap-default\">\n\t\t\t\t\t<div class=\"elementor-column elementor-col-100 elementor-top-column elementor-element elementor-element-af7a51a\" data-id=\"af7a51a\" data-element_type=\"column\" data-e-type=\"column\">\n\t\t\t<div class=\"elementor-widget-wrap elementor-element-populated\">\n\t\t\t\t\t\t<div class=\"elementor-element elementor-element-cf08439 elementor-hidden-desktop elementor-hidden-laptop elementor-hidden-tablet_extra elementor-widget elementor-widget-image\" data-id=\"cf08439\" data-element_type=\"widget\" data-e-type=\"widget\" data-widget_type=\"image.default\">\n\t\t\t\t<div class=\"elementor-widget-container\">\n\t\t\t\t\t\t\t\t\t\t\t\t\t\t\t<img fetchpriority=\"high\" decoding=\"async\" width=\"1024\" height=\"683\" src=\"https:\/\/leroy-et-fils.fr\/plombierdijon\/wp-content\/uploads\/sites\/173\/2025\/10\/depannage-plomberie-V5-1024x683.jpg\" class=\"attachment-large size-large wp-image-388\" alt=\"d\u00e9pannage plomberie \u00e0 Dijon\" srcset=\"https:\/\/leroy-et-fils.fr\/plombierdijon\/wp-content\/uploads\/sites\/173\/2025\/10\/depannage-plomberie-V5-1024x683.jpg 1024w, https:\/\/leroy-et-fils.fr\/plombierdijon\/wp-content\/uploads\/sites\/173\/2025\/10\/depannage-plomberie-V5-300x200.jpg 300w, https:\/\/leroy-et-fils.fr\/plombierdijon\/wp-content\/uploads\/sites\/173\/2025\/10\/depannage-plomberie-V5-768x512.jpg 768w, https:\/\/leroy-et-fils.fr\/plombierdijon\/wp-content\/uploads\/sites\/173\/2025\/10\/depannage-plomberie-V5.jpg 1536w\" sizes=\"(max-width: 1024px) 100vw, 1024px\" \/>\t\t\t\t\t\t\t\t\t\t\t\t\t\t\t<\/div>\n\t\t\t\t<\/div>\n\t\t\t\t\t<\/div>\n\t\t<\/div>\n\t\t\t\t\t<\/div>\n\t\t<\/section>\n\t\t\t\t<section class=\"elementor-section elementor-top-section elementor-element elementor-element-013fa3a elementor-section-boxed elementor-section-height-default elementor-section-height-default\" data-id=\"013fa3a\" data-element_type=\"section\" data-e-type=\"section\">\n\t\t\t\t\t\t<div class=\"elementor-container elementor-column-gap-default\">\n\t\t\t\t\t<div class=\"elementor-column elementor-col-100 elementor-top-column elementor-element elementor-element-86124a3\" data-id=\"86124a3\" data-element_type=\"column\" data-e-type=\"column\">\n\t\t\t<div class=\"elementor-widget-wrap elementor-element-populated\">\n\t\t\t\t\t\t<div class=\"elementor-element elementor-element-1e73d3d elementor-hidden-tablet elementor-hidden-mobile elementor-widget elementor-widget-image\" data-id=\"1e73d3d\" data-element_type=\"widget\" data-e-type=\"widget\" data-widget_type=\"image.default\">\n\t\t\t\t<div class=\"elementor-widget-container\">\n\t\t\t\t\t\t\t\t\t\t\t\t\t\t\t<img decoding=\"async\" width=\"768\" height=\"512\" src=\"https:\/\/leroy-et-fils.fr\/plombierdijon\/wp-content\/uploads\/sites\/173\/2025\/10\/artisan-plombier-768x512.jpg\" class=\"attachment-medium_large size-medium_large wp-image-387\" alt=\"\" srcset=\"https:\/\/leroy-et-fils.fr\/plombierdijon\/wp-content\/uploads\/sites\/173\/2025\/10\/artisan-plombier-768x512.jpg 768w, https:\/\/leroy-et-fils.fr\/plombierdijon\/wp-content\/uploads\/sites\/173\/2025\/10\/artisan-plombier-300x200.jpg 300w, https:\/\/leroy-et-fils.fr\/plombierdijon\/wp-content\/uploads\/sites\/173\/2025\/10\/artisan-plombier-1024x683.jpg 1024w, https:\/\/leroy-et-fils.fr\/plombierdijon\/wp-content\/uploads\/sites\/173\/2025\/10\/artisan-plombier.jpg 1536w\" sizes=\"(max-width: 768px) 100vw, 768px\" \/>\t\t\t\t\t\t\t\t\t\t\t\t\t\t\t<\/div>\n\t\t\t\t<\/div>\n\t\t\t\t\t<\/div>\n\t\t<\/div>\n\t\t\t\t\t<\/div>\n\t\t<\/section>\n\t\t\t\t<section class=\"elementor-section elementor-top-section elementor-element elementor-element-69bb6945 elementor-section-boxed elementor-section-height-default elementor-section-height-default\" data-id=\"69bb6945\" data-element_type=\"section\" data-e-type=\"section\">\n\t\t\t\t\t\t<div class=\"elementor-container elementor-column-gap-default\">\n\t\t\t\t\t<div class=\"elementor-column elementor-col-100 elementor-top-column elementor-element elementor-element-2544ac6b\" data-id=\"2544ac6b\" data-element_type=\"column\" data-e-type=\"column\">\n\t\t\t<div class=\"elementor-widget-wrap elementor-element-populated\">\n\t\t\t\t\t\t<div class=\"elementor-element elementor-element-1c731b74 elementor-widget elementor-widget-text-editor\" data-id=\"1c731b74\" data-element_type=\"widget\" data-e-type=\"widget\" data-widget_type=\"text-editor.default\">\n\t\t\t\t<div class=\"elementor-widget-container\">\n\t\t\t\t\t\t\t\t\t<h3>\u00a0<\/h3><h3 style=\"text-align: center;\"><span style=\"color: #000000;\">Forfait\u00a0D\u00e9pannage \u00e0 80 Euros<\/span><\/h3><h5 style=\"text-align: center;\"><span style=\"color: #808080;\">Cette prestation comprend :<\/span><\/h5><h5 style=\"text-align: center;\"><span style=\"color: #808080;\">\u2713frais de d\u00e9placement,<\/span><\/h5><h5 style=\"text-align: center;\"><span style=\"color: #808080;\">\u2713jusqu\u2019\u00e0 1h de main-d\u2019\u0153uvre,<\/span><\/h5><h5 style=\"text-align: center;\"><span style=\"color: #808080;\">\u2713jusqu\u2019\u00e0 10\u20ac de pi\u00e8ces.<\/span><\/h5><h5>\u00a0<\/h5><h2 style=\"text-align: center;\"><span style=\"color: #ff0000;\">Pourquoi \u00a0Nous Appeler\u00a0<strong>?<\/strong><\/span><\/h2><ul><li><h5><span style=\"color: #808080;\">Artisan Local, notre entreprise\u00a0 Plombier Dijon Leroy et Fils est pr\u00e9sente depuis 20 ans \u00e0 Dijon pour toutes vos urgences et d\u00e9pannages<\/span><\/h5><\/li><li><h5><span style=\"color: #808080;\">Nous sommes disponibles 24h\/24 7j\/7 pour vous aider \u00e0 g\u00e9rer toutes vos urgence,\u00a0 tous vos d\u00e9pannages \u00e0 Dijon et sa p\u00e9riph\u00e9rie.<\/span><\/h5><\/li><li><h5><span style=\"color: #808080;\">Nos tarifs sont parmi les plus bas du march\u00e9<\/span><\/h5><\/li><li><h5><span style=\"color: #808080;\">Nous sommes recommand\u00e9s par tous nos clients aupr\u00e8s de leur proche<\/span><\/h5><\/li><li><h5><span style=\"color: #808080;\">Travaux de plomberie sans stress : qualit\u00e9, rapidit\u00e9 et prix justes ! Demandez votre devis gratuit !<a href=\"https:\/\/leroy-et-fils.fr\/plombierdijon\/devis-plombier\/\">Demande de devis<\/a><\/span><\/h5><\/li><\/ul><h1 style=\"text-align: center;\"><span style=\"color: #ff0000;\">Plombier Dijon<\/span><\/h1><h5><span style=\"color: #808080;\">Des WC bouch\u00e9s ? Une fuite d\u2019eau ? Une douche \u00e0 poser ? Une urgence, un d\u00e9pannage, une r\u00e9paration? \u00a0Notre entreprise plombier Dijon ouverte 24\/24\u00a0\u00a07j\/7\u00a0 depuis 20 ans, intervient chez vous sur rendez-vous\u00a0 pour tous vos travaux de plomberie sur Dijon et son agglom\u00e9ration. Les interventions que nous assurons sont:<\/span><\/h5><ul><li><h5><span style=\"color: #808080;\">D\u00e9bouchage WC<\/span><\/h5><\/li><li><h5><span style=\"color: #808080;\">D\u00e9pannages urgents<\/span><\/h5><\/li><li><h5><span style=\"color: #808080;\">Fuite d&#8217;eau<\/span><\/h5><\/li><li><h5><span style=\"color: #808080;\">Soudure<\/span><\/h5><\/li><li><h5><span style=\"color: #808080;\">Robinet<\/span><\/h5><\/li><li><h5><span style=\"color: #808080;\">Chauffe eau<\/span><\/h5><\/li><li><h5><span style=\"color: #808080;\">Recherche et r\u00e9paration de fuite<\/span><\/h5><\/li><li><h5><span style=\"color: #808080;\">Installation de chaudi\u00e8re<\/span><\/h5><\/li><li><h5><span style=\"color: #808080;\">Mise en place de syst\u00e8me d\u2019entr\u00e9e et d\u2019\u00e9vacuation d\u2019eau<\/span><\/h5><\/li><li><h5><span style=\"color: #808080;\">D\u00e9bouchage de canalisations<\/span><\/h5><\/li><li><h5><span style=\"color: #808080;\">Colmatage de fuite<\/span><\/h5><\/li><li><h5><span style=\"color: #808080;\">R\u00e9paration de chauffage<\/span><\/h5><\/li><li><h5><span style=\"color: #808080;\">Audit de conformit\u00e9 de vos installations<\/span><\/h5><\/li><li><h5><span style=\"color: #808080;\">Pose de WC sanibroyeurs<\/span><\/h5><\/li><\/ul><h2><span style=\"color: #000000;\">Nos conditions d\u2019interventions plomberie<\/span><\/h2><h5><span style=\"color: #999999;\">Toutes les interventions de notre entreprises plombier Dijon Leroy et fils se font sur devis (gratuit) qui vous est fourni avant le d\u00e9but des travaux. S\u2019il s\u2019agit d\u2019une intervention non urgente nous vous envoyons par email un devis qui contient le d\u00e9tail des travaux et co\u00fbts associ\u00e9s. En cas d\u2019acceptation de ce devis, nous fixons un rendez-vous pour intervenir \u00e0 l\u2019heure qui vous convient. En cas d\u2019urgence plomberie (ou chauffage), appelez nous directement au <strong><span style=\"color: #333333;\">03 73 27 58 14<\/span><\/strong> . Notre plombier coordinateur \u00e9valuera avec vous l\u2019urgence de la situation et vous fournira une estimation t\u00e9l\u00e9phonique du co\u00fbt de l\u2019intervention.<\/span><\/h5><h2><span style=\"color: #ff0000;\"><span style=\"color: #000000;\">Nos engagements Plombier Dijon<\/span><br \/><\/span><\/h2><ul><li><h5><span style=\"color: #999999;\">Des tarifs responsables et comp\u00e9titifs<\/span><\/h5><\/li><li><h5><a href=\"https:\/\/leroy-et-fils.fr\/plombierdijon\/devis-plombier\/\"><span style=\"color: #808080;\">Devis gratuit<\/span><\/a><\/h5><\/li><li><h5><span style=\"color: #999999;\">Un travail soign\u00e9 qui assurera le bon fonctionnement de vos installations dans la dur\u00e9e<\/span><\/h5><\/li><li><h5><span style=\"color: #999999;\">Un respect des d\u00e9lais d\u2019interventions<\/span><\/h5><\/li><li><h5><span style=\"color: #999999;\">Des travaux respectant les derni\u00e8res normes \u00e9nerg\u00e9tiques et environnementales.<\/span><\/h5><\/li><\/ul><h2><span style=\"color: #ff0000;\"><span style=\"color: #000000;\">Nos villes d&#8217;intervention Plombier Dijon 21<\/span><br \/><\/span><\/h2><ul><li style=\"text-align: left;\"><h5><a href=\"https:\/\/www.metropole-dijon.fr\/\"><span style=\"color: #999999;\">Dijon<\/span><\/a><\/h5><\/li><li><h5><span style=\"color: #999999;\">Chenove<\/span><\/h5><\/li><li><h5><span style=\"color: #999999;\">Talant<\/span><\/h5><\/li><li style=\"text-align: left;\"><h5><span style=\"color: #999999;\">Saint\u00a0Apollinaire<\/span><\/h5><\/li><li><h5><span style=\"color: #999999;\">Dijon<\/span><\/h5><\/li><li><h5><span style=\"color: #999999;\">Chenove<\/span><\/h5><\/li><li><h5><span style=\"color: #999999;\">Talant<\/span><\/h5><\/li><li><h5><span style=\"color: #999999;\">Saint\u00a0Apollinaire<\/span><\/h5><\/li><li><h5><span style=\"color: #999999;\">Longvic<\/span><\/h5><\/li><\/ul><h2><span style=\"color: #000000;\">Nos partenaires<\/span><\/h2><h5><span style=\"color: #999999;\">Nous sommes partenaires des plus grandes marques de plomberie. Nous pouvons ainsi vous proposer les tarifs les plus int\u00e9ressants du march\u00e9.<\/span><\/h5><p><a href=\"https:\/\/www.grohe.fr\/fr_fr\/pour-la-salle-de-bains\/collections\/tendances-et-design\/?gclid=Cj0KCQjwyYKUBhDJARIsAMj9lkEGvnlfPKM3MalfP9LvsmBe-RQrONYEG0qPneJJH_sqzRNATJsBxkAaAkJ0EALw_wcB&amp;gclsrc=aw.ds\"><img decoding=\"async\" class=\"size-full wp-image-212 aligncenter\" src=\"http:\/\/leroy-et-fils.fr\/plombierdijon\/wp-content\/uploads\/sites\/173\/2020\/11\/marque-plomberie.png\" alt=\"\" width=\"512\" height=\"266\" srcset=\"https:\/\/leroy-et-fils.fr\/plombierdijon\/wp-content\/uploads\/sites\/173\/2020\/11\/marque-plomberie.png 512w, https:\/\/leroy-et-fils.fr\/plombierdijon\/wp-content\/uploads\/sites\/173\/2020\/11\/marque-plomberie-300x156.png 300w\" sizes=\"(max-width: 512px) 100vw, 512px\" \/><\/a><\/p>\t\t\t\t\t\t\t\t<\/div>\n\t\t\t\t<\/div>\n\t\t\t\t\t<\/div>\n\t\t<\/div>\n\t\t\t\t\t<\/div>\n\t\t<\/section>\n\t\t\t\t<section class=\"elementor-section elementor-top-section elementor-element elementor-element-1a46756 elementor-section-boxed elementor-section-height-default elementor-section-height-default\" data-id=\"1a46756\" data-element_type=\"section\" data-e-type=\"section\">\n\t\t\t\t\t\t<div class=\"elementor-container elementor-column-gap-default\">\n\t\t\t\t\t<div class=\"elementor-column elementor-col-100 elementor-top-column elementor-element elementor-element-45c2c1f\" data-id=\"45c2c1f\" data-element_type=\"column\" data-e-type=\"column\">\n\t\t\t<div class=\"elementor-widget-wrap elementor-element-populated\">\n\t\t\t\t\t\t<div class=\"elementor-element elementor-element-0273a5e elementor-widget elementor-widget-text-editor\" data-id=\"0273a5e\" data-element_type=\"widget\" data-e-type=\"widget\" data-widget_type=\"text-editor.default\">\n\t\t\t\t<div class=\"elementor-widget-container\">\n\t\t\t\t\t\t\t\t\t<h3><span style=\"color: #000000;\">Ou nous trouver ?<\/span><\/h3><h3><span style=\"color: #000000;\">Leroy et FILS\u00a0 &#8211; Plombier DIJON<\/span><\/h3><div><span style=\"color: #0c0d10; font-family: Lato; font-size: 14px; background-color: #ffffff;\">2 AV MARECHAL FOCH<\/span><\/div><p>21000 Dijon<\/p><p>Ouvert 24h24, 7j\/7 &#8211; Permanence le Week end<\/p><p>Garanties d\u00e9cennales, responsabilit\u00e9 civile<\/p><p>Tarifs:<\/p><p>D\u00e9placement 35 \u20ac TTC<\/p><p>Main d&#8217;oeuvre 45\u00a0 \u20ac TTC<\/p><p>Majoration\u00a0 des tarifs soir et week end (devis t\u00e9l\u00e9phonique)<\/p><h3><span style=\"color: #ff0000;\">Contactez-nous des maintenant au <a style=\"color: #ff0000;\" href=\"tel:+33373275814\">0373275814<\/a><\/span><\/h3><h3 data-start=\"200\" data-end=\"237\">\u00a0<\/h3>\t\t\t\t\t\t\t\t<\/div>\n\t\t\t\t<\/div>\n\t\t\t\t<div class=\"elementor-element elementor-element-280716c elementor-widget elementor-widget-google_maps\" data-id=\"280716c\" data-element_type=\"widget\" data-e-type=\"widget\" data-widget_type=\"google_maps.default\">\n\t\t\t\t<div class=\"elementor-widget-container\">\n\t\t\t\t\t\t\t<div class=\"elementor-custom-embed\">\n\t\t\t<iframe loading=\"lazy\"\n\t\t\t\t\tsrc=\"https:\/\/maps.google.com\/maps?q=dijon&#038;t=m&#038;z=10&#038;output=embed&#038;iwloc=near\"\n\t\t\t\t\ttitle=\"dijon\"\n\t\t\t\t\taria-label=\"dijon\"\n\t\t\t><\/iframe>\n\t\t<\/div>\n\t\t\t\t\t\t<\/div>\n\t\t\t\t<\/div>\n\t\t\t\t\t<\/div>\n\t\t<\/div>\n\t\t\t\t\t<\/div>\n\t\t<\/section>\n\t\t\t\t<\/div>\n\t\t","protected":false},"excerpt":{"rendered":"<p>\u00a0 Forfait\u00a0D\u00e9pannage \u00e0 80 Euros Cette prestation comprend : \u2713frais de d\u00e9placement, \u2713jusqu\u2019\u00e0 1h de main-d\u2019\u0153uvre, \u2713jusqu\u2019\u00e0 10\u20ac de pi\u00e8ces. [&hellip;]<\/p>\n","protected":false},"author":1,"featured_media":0,"parent":0,"menu_order":0,"comment_status":"open","ping_status":"closed","template":"","meta":{"site-sidebar-layout":"default","site-content-layout":"","ast-site-content-layout":"default","site-content-style":"default","site-sidebar-style":"default","ast-global-header-display":"","ast-banner-title-visibility":"","ast-main-header-display":"","ast-hfb-above-header-display":"","ast-hfb-below-header-display":"","ast-hfb-mobile-header-display":"","site-post-title":"","ast-breadcrumbs-content":"","ast-featured-img":"","footer-sml-layout":"","theme-transparent-header-meta":"","adv-header-id-meta":"","stick-header-meta":"","header-above-stick-meta":"","header-main-stick-meta":"","header-below-stick-meta":"","astra-migrate-meta-layouts":"default","ast-page-background-enabled":"default","ast-page-background-meta":{"desktop":{"background-color":"var(--ast-global-color-5)","background-image":"","background-repeat":"repeat","background-position":"center center","background-size":"auto","background-attachment":"scroll","background-type":"","background-media":"","overlay-type":"","overlay-color":"","overlay-opacity":"","overlay-gradient":""},"tablet":{"background-color":"","background-image":"","background-repeat":"repeat","background-position":"center center","background-size":"auto","background-attachment":"scroll","background-type":"","background-media":"","overlay-type":"","overlay-color":"","overlay-opacity":"","overlay-gradient":""},"mobile":{"background-color":"","background-image":"","background-repeat":"repeat","background-position":"center center","background-size":"auto","background-attachment":"scroll","background-type":"","background-media":"","overlay-type":"","overlay-color":"","overlay-opacity":"","overlay-gradient":""}},"ast-content-background-meta":{"desktop":{"background-color":"var(--ast-global-color-4)","background-image":"","background-repeat":"repeat","background-position":"center center","background-size":"auto","background-attachment":"scroll","background-type":"","background-media":"","overlay-type":"","overlay-color":"","overlay-opacity":"","overlay-gradient":""},"tablet":{"background-color":"var(--ast-global-color-4)","background-image":"","background-repeat":"repeat","background-position":"center center","background-size":"auto","background-attachment":"scroll","background-type":"","background-media":"","overlay-type":"","overlay-color":"","overlay-opacity":"","overlay-gradient":""},"mobile":{"background-color":"var(--ast-global-color-4)","background-image":"","background-repeat":"repeat","background-position":"center center","background-size":"auto","background-attachment":"scroll","background-type":"","background-media":"","overlay-type":"","overlay-color":"","overlay-opacity":"","overlay-gradient":""}},"footnotes":""},"class_list":["post-2","page","type-page","status-publish","hentry"],"yoast_head":"<!-- This site is optimized with the Yoast SEO plugin v27.4 - https:\/\/yoast.com\/product\/yoast-seo-wordpress\/ -->\n<title>plombier Dijon 21, intervention 24h 7\/7, tel: 03 73 27 58 14<\/title>\n<meta name=\"description\" content=\"Plombier Dijon, chauffagiste, canalisation bouch\u00e9e, fuite d&#039;eau, WC bouch\u00e9, Robinet \u00e0 monter Dijon, D\u00e9bouchage, groupe de s\u00e9curit\u00e9, Talant\" \/>\n<meta name=\"robots\" content=\"index, follow, max-snippet:-1, max-image-preview:large, max-video-preview:-1\" \/>\n<link rel=\"canonical\" href=\"https:\/\/leroy-et-fils.fr\/plombierdijon\/\" \/>\n<meta property=\"og:locale\" content=\"fr_FR\" \/>\n<meta property=\"og:type\" content=\"article\" \/>\n<meta property=\"og:title\" content=\"plombier Dijon 21, intervention 24h 7\/7, tel: 03 73 27 58 14\" \/>\n<meta property=\"og:description\" content=\"Plombier Dijon, chauffagiste, canalisation bouch\u00e9e, fuite d&#039;eau, WC bouch\u00e9, Robinet \u00e0 monter Dijon, D\u00e9bouchage, groupe de s\u00e9curit\u00e9, Talant\" \/>\n<meta property=\"og:url\" content=\"https:\/\/leroy-et-fils.fr\/plombierdijon\/\" \/>\n<meta property=\"og:site_name\" content=\"Plombier Dijon 21\" \/>\n<meta property=\"article:modified_time\" content=\"2025-12-22T15:20:47+00:00\" \/>\n<meta property=\"og:image\" content=\"https:\/\/leroy-et-fils.fr\/plombierdijon\/wp-content\/uploads\/sites\/173\/2025\/10\/depannage-plomberie-V5.jpg\" \/>\n\t<meta property=\"og:image:width\" content=\"1536\" \/>\n\t<meta property=\"og:image:height\" content=\"1024\" \/>\n\t<meta property=\"og:image:type\" content=\"image\/jpeg\" \/>\n<meta name=\"twitter:label1\" content=\"Dur\u00e9e de lecture estim\u00e9e\" \/>\n\t<meta name=\"twitter:data1\" content=\"3 minutes\" \/>\n<script type=\"application\/ld+json\" class=\"yoast-schema-graph\">{\"@context\":\"https:\\\/\\\/schema.org\",\"@graph\":[{\"@type\":\"WebPage\",\"@id\":\"https:\\\/\\\/leroy-et-fils.fr\\\/plombierdijon\\\/\",\"url\":\"https:\\\/\\\/leroy-et-fils.fr\\\/plombierdijon\\\/\",\"name\":\"plombier Dijon 21, intervention 24h 7\\\/7, tel: 03 73 27 58 14\",\"isPartOf\":{\"@id\":\"https:\\\/\\\/leroy-et-fils.fr\\\/plombierdijon\\\/#website\"},\"primaryImageOfPage\":{\"@id\":\"https:\\\/\\\/leroy-et-fils.fr\\\/plombierdijon\\\/#primaryimage\"},\"image\":{\"@id\":\"https:\\\/\\\/leroy-et-fils.fr\\\/plombierdijon\\\/#primaryimage\"},\"thumbnailUrl\":\"https:\\\/\\\/leroy-et-fils.fr\\\/plombierdijon\\\/wp-content\\\/uploads\\\/sites\\\/173\\\/2025\\\/10\\\/depannage-plomberie-V5-1024x683.jpg\",\"datePublished\":\"2014-03-16T09:34:09+00:00\",\"dateModified\":\"2025-12-22T15:20:47+00:00\",\"description\":\"Plombier Dijon, chauffagiste, canalisation bouch\u00e9e, fuite d'eau, WC bouch\u00e9, Robinet \u00e0 monter Dijon, D\u00e9bouchage, groupe de s\u00e9curit\u00e9, Talant\",\"breadcrumb\":{\"@id\":\"https:\\\/\\\/leroy-et-fils.fr\\\/plombierdijon\\\/#breadcrumb\"},\"inLanguage\":\"fr-FR\",\"potentialAction\":[{\"@type\":\"ReadAction\",\"target\":[\"https:\\\/\\\/leroy-et-fils.fr\\\/plombierdijon\\\/\"]}]},{\"@type\":\"ImageObject\",\"inLanguage\":\"fr-FR\",\"@id\":\"https:\\\/\\\/leroy-et-fils.fr\\\/plombierdijon\\\/#primaryimage\",\"url\":\"https:\\\/\\\/leroy-et-fils.fr\\\/plombierdijon\\\/wp-content\\\/uploads\\\/sites\\\/173\\\/2025\\\/10\\\/depannage-plomberie-V5.jpg\",\"contentUrl\":\"https:\\\/\\\/leroy-et-fils.fr\\\/plombierdijon\\\/wp-content\\\/uploads\\\/sites\\\/173\\\/2025\\\/10\\\/depannage-plomberie-V5.jpg\",\"width\":1536,\"height\":1024,\"caption\":\"plombier \u00e0 dijon\"},{\"@type\":\"BreadcrumbList\",\"@id\":\"https:\\\/\\\/leroy-et-fils.fr\\\/plombierdijon\\\/#breadcrumb\",\"itemListElement\":[{\"@type\":\"ListItem\",\"position\":1,\"name\":\"Accueil\",\"item\":\"https:\\\/\\\/leroy-et-fils.fr\\\/plombierdijon\\\/\"},{\"@type\":\"ListItem\",\"position\":2,\"name\":\"Plombier dijon\"}]},{\"@type\":\"WebSite\",\"@id\":\"https:\\\/\\\/leroy-et-fils.fr\\\/plombierdijon\\\/#website\",\"url\":\"https:\\\/\\\/leroy-et-fils.fr\\\/plombierdijon\\\/\",\"name\":\"Plombier Dijon\",\"description\":\"plombier \u00e0 Dijon\",\"potentialAction\":[{\"@type\":\"SearchAction\",\"target\":{\"@type\":\"EntryPoint\",\"urlTemplate\":\"https:\\\/\\\/leroy-et-fils.fr\\\/plombierdijon\\\/?s={search_term_string}\"},\"query-input\":{\"@type\":\"PropertyValueSpecification\",\"valueRequired\":true,\"valueName\":\"search_term_string\"}}],\"inLanguage\":\"fr-FR\"}]}<\/script>\n<!-- \/ Yoast SEO plugin. -->","yoast_head_json":{"title":"plombier Dijon 21, intervention 24h 7\/7, tel: 03 73 27 58 14","description":"Plombier Dijon, chauffagiste, canalisation bouch\u00e9e, fuite d'eau, WC bouch\u00e9, Robinet \u00e0 monter Dijon, D\u00e9bouchage, groupe de s\u00e9curit\u00e9, Talant","robots":{"index":"index","follow":"follow","max-snippet":"max-snippet:-1","max-image-preview":"max-image-preview:large","max-video-preview":"max-video-preview:-1"},"canonical":"https:\/\/leroy-et-fils.fr\/plombierdijon\/","og_locale":"fr_FR","og_type":"article","og_title":"plombier Dijon 21, intervention 24h 7\/7, tel: 03 73 27 58 14","og_description":"Plombier Dijon, chauffagiste, canalisation bouch\u00e9e, fuite d'eau, WC bouch\u00e9, Robinet \u00e0 monter Dijon, D\u00e9bouchage, groupe de s\u00e9curit\u00e9, Talant","og_url":"https:\/\/leroy-et-fils.fr\/plombierdijon\/","og_site_name":"Plombier Dijon 21","article_modified_time":"2025-12-22T15:20:47+00:00","og_image":[{"width":1536,"height":1024,"url":"https:\/\/leroy-et-fils.fr\/plombierdijon\/wp-content\/uploads\/sites\/173\/2025\/10\/depannage-plomberie-V5.jpg","type":"image\/jpeg"}],"twitter_misc":{"Dur\u00e9e de lecture estim\u00e9e":"3 minutes"},"schema":{"@context":"https:\/\/schema.org","@graph":[{"@type":"WebPage","@id":"https:\/\/leroy-et-fils.fr\/plombierdijon\/","url":"https:\/\/leroy-et-fils.fr\/plombierdijon\/","name":"plombier Dijon 21, intervention 24h 7\/7, tel: 03 73 27 58 14","isPartOf":{"@id":"https:\/\/leroy-et-fils.fr\/plombierdijon\/#website"},"primaryImageOfPage":{"@id":"https:\/\/leroy-et-fils.fr\/plombierdijon\/#primaryimage"},"image":{"@id":"https:\/\/leroy-et-fils.fr\/plombierdijon\/#primaryimage"},"thumbnailUrl":"https:\/\/leroy-et-fils.fr\/plombierdijon\/wp-content\/uploads\/sites\/173\/2025\/10\/depannage-plomberie-V5-1024x683.jpg","datePublished":"2014-03-16T09:34:09+00:00","dateModified":"2025-12-22T15:20:47+00:00","description":"Plombier Dijon, chauffagiste, canalisation bouch\u00e9e, fuite d'eau, WC bouch\u00e9, Robinet \u00e0 monter Dijon, D\u00e9bouchage, groupe de s\u00e9curit\u00e9, Talant","breadcrumb":{"@id":"https:\/\/leroy-et-fils.fr\/plombierdijon\/#breadcrumb"},"inLanguage":"fr-FR","potentialAction":[{"@type":"ReadAction","target":["https:\/\/leroy-et-fils.fr\/plombierdijon\/"]}]},{"@type":"ImageObject","inLanguage":"fr-FR","@id":"https:\/\/leroy-et-fils.fr\/plombierdijon\/#primaryimage","url":"https:\/\/leroy-et-fils.fr\/plombierdijon\/wp-content\/uploads\/sites\/173\/2025\/10\/depannage-plomberie-V5.jpg","contentUrl":"https:\/\/leroy-et-fils.fr\/plombierdijon\/wp-content\/uploads\/sites\/173\/2025\/10\/depannage-plomberie-V5.jpg","width":1536,"height":1024,"caption":"plombier \u00e0 dijon"},{"@type":"BreadcrumbList","@id":"https:\/\/leroy-et-fils.fr\/plombierdijon\/#breadcrumb","itemListElement":[{"@type":"ListItem","position":1,"name":"Accueil","item":"https:\/\/leroy-et-fils.fr\/plombierdijon\/"},{"@type":"ListItem","position":2,"name":"Plombier dijon"}]},{"@type":"WebSite","@id":"https:\/\/leroy-et-fils.fr\/plombierdijon\/#website","url":"https:\/\/leroy-et-fils.fr\/plombierdijon\/","name":"Plombier Dijon","description":"plombier \u00e0 Dijon","potentialAction":[{"@type":"SearchAction","target":{"@type":"EntryPoint","urlTemplate":"https:\/\/leroy-et-fils.fr\/plombierdijon\/?s={search_term_string}"},"query-input":{"@type":"PropertyValueSpecification","valueRequired":true,"valueName":"search_term_string"}}],"inLanguage":"fr-FR"}]}},"_links":{"self":[{"href":"https:\/\/leroy-et-fils.fr\/plombierdijon\/wp-json\/wp\/v2\/pages\/2","targetHints":{"allow":["GET"]}}],"collection":[{"href":"https:\/\/leroy-et-fils.fr\/plombierdijon\/wp-json\/wp\/v2\/pages"}],"about":[{"href":"https:\/\/leroy-et-fils.fr\/plombierdijon\/wp-json\/wp\/v2\/types\/page"}],"author":[{"embeddable":true,"href":"https:\/\/leroy-et-fils.fr\/plombierdijon\/wp-json\/wp\/v2\/users\/1"}],"replies":[{"embeddable":true,"href":"https:\/\/leroy-et-fils.fr\/plombierdijon\/wp-json\/wp\/v2\/comments?post=2"}],"version-history":[{"count":148,"href":"https:\/\/leroy-et-fils.fr\/plombierdijon\/wp-json\/wp\/v2\/pages\/2\/revisions"}],"predecessor-version":[{"id":527,"href":"https:\/\/leroy-et-fils.fr\/plombierdijon\/wp-json\/wp\/v2\/pages\/2\/revisions\/527"}],"wp:attachment":[{"href":"https:\/\/leroy-et-fils.fr\/plombierdijon\/wp-json\/wp\/v2\/media?parent=2"}],"curies":[{"name":"wp","href":"https:\/\/api.w.org\/{rel}","templated":true}]}}