{"id":40,"date":"2014-04-24T16:27:06","date_gmt":"2014-04-24T14:27:06","guid":{"rendered":"http:\/\/leroy-et-fils.fr\/leroy-et-fils-3\/?page_id=40"},"modified":"2026-01-09T22:33:34","modified_gmt":"2026-01-09T21:33:34","slug":"depannage-urgence-24h-24-7j-7","status":"publish","type":"page","link":"https:\/\/leroy-et-fils.fr\/plombierbayonne\/?page_id=40","title":{"rendered":"D\u00e9pannage Urgence plomberie (24h\/24   7J\/7)"},"content":{"rendered":"\t\t<div data-elementor-type=\"wp-page\" data-elementor-id=\"40\" class=\"elementor elementor-40\">\n\t\t\t\t\t\t<section class=\"elementor-section elementor-top-section elementor-element elementor-element-2004fba8 elementor-section-boxed elementor-section-height-default elementor-section-height-default\" data-id=\"2004fba8\" data-element_type=\"section\" data-e-type=\"section\">\n\t\t\t\t\t\t<div class=\"elementor-container elementor-column-gap-default\">\n\t\t\t\t\t<div class=\"elementor-column elementor-col-100 elementor-top-column elementor-element elementor-element-2d49bcba\" data-id=\"2d49bcba\" data-element_type=\"column\" data-e-type=\"column\">\n\t\t\t<div class=\"elementor-widget-wrap elementor-element-populated\">\n\t\t\t\t\t\t<div class=\"elementor-element elementor-element-5d50cc7b elementor-widget elementor-widget-text-editor\" data-id=\"5d50cc7b\" data-element_type=\"widget\" data-e-type=\"widget\" data-widget_type=\"text-editor.default\">\n\t\t\t\t<div class=\"elementor-widget-container\">\n\t\t\t\t\t\t\t\t\t<div><div><h5><span style=\"color: #ff0000;\">Fuite, canalisation bouch\u00e9e, chauffe-eau en panne ? Ne laissez pas le probl\u00e8me s&#8217;aggraver, contactez-nous d\u00e8s maintenant !<\/span><\/h5><h2 style=\"text-align: center;\"><span style=\"color: #ff0000;\">Appeler nous au 06 63 73 90 66 !<\/span><\/h2><h5><span style=\"color: #999999;\">Une urgence plomberie peut survenir \u00e0 tout moment et causer de s\u00e9rieux d\u00e9sagr\u00e9ments dans votre quotidien. Si vous \u00eates \u00e0 la recherche d&#8217;un d\u00e9pannage en plomberie \u00e0 Bayonne, vous \u00eates au bon endroit. Notre \u00e9quipe de Plombier Bayonne est pr\u00eate \u00e0 intervenir rapidement pour r\u00e9soudre tous vos probl\u00e8mes de plomberie, qu&#8217;il s&#8217;agisse d&#8217;une fuite d&#8217;eau, d&#8217;un d\u00e9gorgement de canalisation, ou d&#8217;une panne de chauffe-eau.<\/span><\/h5><h5><span style=\"color: #999999;\">Leroy et Fils est sp\u00e9cialis\u00e9 dans le d\u00e9pannage depuis 2003. Nous intervenons \u00e0 Bayonne et dans les communes voisines 24h24 7\/7 . D\u00e9pannage &#8211; Urgence\u00a0\u00a0<\/span><\/h5><\/div><h1><span style=\"color: #999999; font-size: 16px;\">Nous assurons le jour m\u00eame:<\/span><\/h1><\/div><ul><li><h5><span style=\"color: #999999;\">Les r\u00e9parations des chasses d&#8217;eau<\/span><\/h5><\/li><li><h5><span style=\"color: #999999;\">Le remplacement de WC<\/span><\/h5><\/li><li><h5><span style=\"color: #999999;\">Le remplacement de robinetteries<\/span><\/h5><\/li><li><h5><span style=\"color: #999999;\">La r\u00e9paration de chauffe-eau<\/span><\/h5><\/li><li><h5><span style=\"color: #999999;\">Le remplacement de chauffe-eau<\/span><\/h5><\/li><li>les fuites de gaz<\/li><li><h5><span style=\"color: #999999;\">Tout type de d\u00e9bouchage (WC, Canalisations ext\u00e9rieures, \u00e9vacuations lave vaisselle&#8230;)<\/span><\/h5><\/li><\/ul><h2><span style=\"color: #ff0000;\">Appeler nous au 06 63 73 90 66 !<\/span><\/h2><h5><a href=\"http:\/\/leroy-et-fils.fr\/bayonne\/wp-content\/uploads\/sites\/90\/2014\/03\/t\u00e9l\u00e9chargement.jpg\"><img fetchpriority=\"high\" decoding=\"async\" src=\"http:\/\/leroy-et-fils.fr\/bayonne\/wp-content\/uploads\/sites\/90\/2014\/03\/t\u00e9l\u00e9chargement.jpg\" alt=\"Plombier au t\u00e9l\u00e9phone\" width=\"275\" height=\"183\" \/><\/a><\/h5><h5>\u00a0<\/h5><h5><span style=\"color: #808080;\">Nous intervenons dans le secteur de Bayonne et des communes voisines 24h\/24 7j\/7.<\/span><\/h5><ul><li><h5><span style=\"color: #999999;\">Plombier Bayonne 24h\/24<\/span><\/h5><\/li><li><h5><span style=\"color: #999999;\">Plombier Anglet\u00a024h\/24<\/span><\/h5><\/li><li><h5><span style=\"color: #999999;\">Plombier Biarritz\u00a024h\/24<\/span><\/h5><\/li><\/ul><h5><span style=\"color: #808080;\">Nous sommes \u00e9galement disponible le Weekend, nous avons un plombier de garde assurant toutes les interventions urgentes. (D\u00e9pannage Urgence (24h\/24 7J\/7))<\/span><\/h5><h1 style=\"text-align: center;\"><span style=\"color: #ff0000;\">D\u00e9pannage Urgence 24h24 7\/7<\/span><\/h1><h2><strong>Pourquoi Choisir Leroy et Fils Plombier Bayonne pour Votre D\u00e9pannage en Plomberie ?<\/strong><\/h2><h5><span style=\"color: #999999;\">Avec plus de 10 ans d&#8217;exp\u00e9rience dans le domaine, Plombier Bayonne offre un service de qualit\u00e9 et une intervention rapide. Voici quelques raisons pour lesquelles nos clients nous font confiance :<\/span><\/h5><ol><li><h5><span style=\"color: #999999;\">Disponibilit\u00e9 24\/7 : Nous sommes disponibles \u00e0 toute heure, tous les jours de la semaine, pour r\u00e9pondre \u00e0 vos urgences en plomberie.<\/span><\/h5><\/li><li><h5><span style=\"color: #999999;\">Interventions Rapides:\u00a0 Notre \u00e9quipe de plombiers qualifi\u00e9s intervient dans les plus brefs d\u00e9lais pour limiter les d\u00e9g\u00e2ts et r\u00e9tablir votre confort.<\/span><\/h5><\/li><li><h5><span style=\"color: #999999;\">Techniciens Certifi\u00e9s : Tous nos plombiers sont certifi\u00e9s et exp\u00e9riment\u00e9s, garantissant des interventions efficaces et durables.<\/span><\/h5><\/li><li><h5><span style=\"color: #999999;\">Mat\u00e9riel de Pointe : Nous utilisons des outils et des \u00e9quipements modernes pour diagnostiquer et r\u00e9parer rapidement tous vos probl\u00e8mes de plomberie.<\/span><\/h5><\/li><li><h5><span style=\"color: #999999;\">Transparence des Tarifs : Nos tarifs sont comp\u00e9titifs et transparents, sans mauvaises surprises.<\/span><\/h5><\/li><\/ol>\t\t\t\t\t\t\t\t<\/div>\n\t\t\t\t<\/div>\n\t\t\t\t\t<\/div>\n\t\t<\/div>\n\t\t\t\t\t<\/div>\n\t\t<\/section>\n\t\t\t\t<\/div>\n\t\t","protected":false},"excerpt":{"rendered":"<p>Fuite, canalisation bouch\u00e9e, chauffe-eau en panne ? Ne laissez pas le probl\u00e8me s&#8217;aggraver, contactez-nous d\u00e8s maintenant ! Appeler nous au [&hellip;]<\/p>\n","protected":false},"author":1,"featured_media":0,"parent":0,"menu_order":0,"comment_status":"open","ping_status":"closed","template":"","meta":{"site-sidebar-layout":"default","site-content-layout":"","ast-site-content-layout":"default","site-content-style":"default","site-sidebar-style":"default","ast-global-header-display":"","ast-banner-title-visibility":"","ast-main-header-display":"","ast-hfb-above-header-display":"","ast-hfb-below-header-display":"","ast-hfb-mobile-header-display":"","site-post-title":"","ast-breadcrumbs-content":"","ast-featured-img":"","footer-sml-layout":"","theme-transparent-header-meta":"","adv-header-id-meta":"","stick-header-meta":"","header-above-stick-meta":"","header-main-stick-meta":"","header-below-stick-meta":"","astra-migrate-meta-layouts":"default","ast-page-background-enabled":"default","ast-page-background-meta":{"desktop":{"background-color":"var(--ast-global-color-5)","background-image":"","background-repeat":"repeat","background-position":"center center","background-size":"auto","background-attachment":"scroll","background-type":"","background-media":"","overlay-type":"","overlay-color":"","overlay-opacity":"","overlay-gradient":""},"tablet":{"background-color":"","background-image":"","background-repeat":"repeat","background-position":"center center","background-size":"auto","background-attachment":"scroll","background-type":"","background-media":"","overlay-type":"","overlay-color":"","overlay-opacity":"","overlay-gradient":""},"mobile":{"background-color":"","background-image":"","background-repeat":"repeat","background-position":"center center","background-size":"auto","background-attachment":"scroll","background-type":"","background-media":"","overlay-type":"","overlay-color":"","overlay-opacity":"","overlay-gradient":""}},"ast-content-background-meta":{"desktop":{"background-color":"var(--ast-global-color-4)","background-image":"","background-repeat":"repeat","background-position":"center center","background-size":"auto","background-attachment":"scroll","background-type":"","background-media":"","overlay-type":"","overlay-color":"","overlay-opacity":"","overlay-gradient":""},"tablet":{"background-color":"var(--ast-global-color-4)","background-image":"","background-repeat":"repeat","background-position":"center center","background-size":"auto","background-attachment":"scroll","background-type":"","background-media":"","overlay-type":"","overlay-color":"","overlay-opacity":"","overlay-gradient":""},"mobile":{"background-color":"var(--ast-global-color-4)","background-image":"","background-repeat":"repeat","background-position":"center center","background-size":"auto","background-attachment":"scroll","background-type":"","background-media":"","overlay-type":"","overlay-color":"","overlay-opacity":"","overlay-gradient":""}},"footnotes":""},"class_list":["post-40","page","type-page","status-publish","hentry"],"yoast_head":"<!-- This site is optimized with the Yoast SEO plugin v27.3 - https:\/\/yoast.com\/product\/yoast-seo-wordpress\/ -->\n<title>D\u00e9pannage Urgence 24h24 7\/7<\/title>\n<meta name=\"description\" content=\"Plombier Bayonne 05 87 07 06 85 D\u00e9pannage Urgence (24h\/24 7J\/7) \u00e0 Bayonne, Biarritz, Anglet. Fuite d&#039;eau d&#039;eau, canalisation bouch\u00e9e, robinet\" \/>\n<meta name=\"robots\" content=\"index, follow, max-snippet:-1, max-image-preview:large, max-video-preview:-1\" \/>\n<link rel=\"canonical\" href=\"https:\/\/leroy-et-fils.fr\/plombierbayonne\/?page_id=40\" \/>\n<meta property=\"og:locale\" content=\"fr_FR\" \/>\n<meta property=\"og:type\" content=\"article\" \/>\n<meta property=\"og:title\" content=\"D\u00e9pannage Urgence 24h24 7\/7\" \/>\n<meta property=\"og:description\" content=\"Plombier Bayonne 05 87 07 06 85 D\u00e9pannage Urgence (24h\/24 7J\/7) \u00e0 Bayonne, Biarritz, Anglet. Fuite d&#039;eau d&#039;eau, canalisation bouch\u00e9e, robinet\" \/>\n<meta property=\"og:url\" content=\"https:\/\/leroy-et-fils.fr\/plombierbayonne\/?page_id=40\" \/>\n<meta property=\"og:site_name\" content=\"Plombier Bayonne 05 87 07 06 85 24h24\" \/>\n<meta property=\"article:modified_time\" content=\"2026-01-09T21:33:34+00:00\" \/>\n<meta name=\"twitter:label1\" content=\"Dur\u00e9e de lecture estim\u00e9e\" \/>\n\t<meta name=\"twitter:data1\" content=\"2 minutes\" \/>\n<script type=\"application\/ld+json\" class=\"yoast-schema-graph\">{\"@context\":\"https:\\\/\\\/schema.org\",\"@graph\":[{\"@type\":\"WebPage\",\"@id\":\"https:\\\/\\\/leroy-et-fils.fr\\\/plombierbayonne\\\/?page_id=40\",\"url\":\"https:\\\/\\\/leroy-et-fils.fr\\\/plombierbayonne\\\/?page_id=40\",\"name\":\"D\u00e9pannage Urgence 24h24 7\\\/7\",\"isPartOf\":{\"@id\":\"https:\\\/\\\/leroy-et-fils.fr\\\/plombierbayonne\\\/#website\"},\"datePublished\":\"2014-04-24T14:27:06+00:00\",\"dateModified\":\"2026-01-09T21:33:34+00:00\",\"description\":\"Plombier Bayonne 05 87 07 06 85 D\u00e9pannage Urgence (24h\\\/24 7J\\\/7) \u00e0 Bayonne, Biarritz, Anglet. Fuite d'eau d'eau, canalisation bouch\u00e9e, robinet\",\"breadcrumb\":{\"@id\":\"https:\\\/\\\/leroy-et-fils.fr\\\/plombierbayonne\\\/?page_id=40#breadcrumb\"},\"inLanguage\":\"fr-FR\",\"potentialAction\":[{\"@type\":\"ReadAction\",\"target\":[\"https:\\\/\\\/leroy-et-fils.fr\\\/plombierbayonne\\\/?page_id=40\"]}]},{\"@type\":\"BreadcrumbList\",\"@id\":\"https:\\\/\\\/leroy-et-fils.fr\\\/plombierbayonne\\\/?page_id=40#breadcrumb\",\"itemListElement\":[{\"@type\":\"ListItem\",\"position\":1,\"name\":\"Accueil\",\"item\":\"https:\\\/\\\/leroy-et-fils.fr\\\/plombierbayonne\\\/\"},{\"@type\":\"ListItem\",\"position\":2,\"name\":\"D\u00e9pannage Urgence plomberie (24h\\\/24 7J\\\/7)\"}]},{\"@type\":\"WebSite\",\"@id\":\"https:\\\/\\\/leroy-et-fils.fr\\\/plombierbayonne\\\/#website\",\"url\":\"https:\\\/\\\/leroy-et-fils.fr\\\/plombierbayonne\\\/\",\"name\":\"Plombier Bayonne 05 87 07 06 85 24h24\",\"description\":\"\",\"publisher\":{\"@id\":\"https:\\\/\\\/leroy-et-fils.fr\\\/plombierbayonne\\\/#organization\"},\"potentialAction\":[{\"@type\":\"SearchAction\",\"target\":{\"@type\":\"EntryPoint\",\"urlTemplate\":\"https:\\\/\\\/leroy-et-fils.fr\\\/plombierbayonne\\\/?s={search_term_string}\"},\"query-input\":{\"@type\":\"PropertyValueSpecification\",\"valueRequired\":true,\"valueName\":\"search_term_string\"}}],\"inLanguage\":\"fr-FR\"},{\"@type\":\"Organization\",\"@id\":\"https:\\\/\\\/leroy-et-fils.fr\\\/plombierbayonne\\\/#organization\",\"name\":\"Leroy et Fils Plombier Bayonne\",\"url\":\"https:\\\/\\\/leroy-et-fils.fr\\\/plombierbayonne\\\/\",\"logo\":{\"@type\":\"ImageObject\",\"inLanguage\":\"fr-FR\",\"@id\":\"https:\\\/\\\/leroy-et-fils.fr\\\/plombierbayonne\\\/#\\\/schema\\\/logo\\\/image\\\/\",\"url\":\"https:\\\/\\\/leroy-et-fils.fr\\\/bayonne\\\/wp-content\\\/uploads\\\/sites\\\/90\\\/2021\\\/01\\\/leroyetfils-logo.png\",\"contentUrl\":\"https:\\\/\\\/leroy-et-fils.fr\\\/bayonne\\\/wp-content\\\/uploads\\\/sites\\\/90\\\/2021\\\/01\\\/leroyetfils-logo.png\",\"width\":500,\"height\":113,\"caption\":\"Leroy et Fils Plombier Bayonne\"},\"image\":{\"@id\":\"https:\\\/\\\/leroy-et-fils.fr\\\/plombierbayonne\\\/#\\\/schema\\\/logo\\\/image\\\/\"}}]}<\/script>\n<!-- \/ Yoast SEO plugin. -->","yoast_head_json":{"title":"D\u00e9pannage Urgence 24h24 7\/7","description":"Plombier Bayonne 05 87 07 06 85 D\u00e9pannage Urgence (24h\/24 7J\/7) \u00e0 Bayonne, Biarritz, Anglet. Fuite d'eau d'eau, canalisation bouch\u00e9e, robinet","robots":{"index":"index","follow":"follow","max-snippet":"max-snippet:-1","max-image-preview":"max-image-preview:large","max-video-preview":"max-video-preview:-1"},"canonical":"https:\/\/leroy-et-fils.fr\/plombierbayonne\/?page_id=40","og_locale":"fr_FR","og_type":"article","og_title":"D\u00e9pannage Urgence 24h24 7\/7","og_description":"Plombier Bayonne 05 87 07 06 85 D\u00e9pannage Urgence (24h\/24 7J\/7) \u00e0 Bayonne, Biarritz, Anglet. Fuite d'eau d'eau, canalisation bouch\u00e9e, robinet","og_url":"https:\/\/leroy-et-fils.fr\/plombierbayonne\/?page_id=40","og_site_name":"Plombier Bayonne 05 87 07 06 85 24h24","article_modified_time":"2026-01-09T21:33:34+00:00","twitter_misc":{"Dur\u00e9e de lecture estim\u00e9e":"2 minutes"},"schema":{"@context":"https:\/\/schema.org","@graph":[{"@type":"WebPage","@id":"https:\/\/leroy-et-fils.fr\/plombierbayonne\/?page_id=40","url":"https:\/\/leroy-et-fils.fr\/plombierbayonne\/?page_id=40","name":"D\u00e9pannage Urgence 24h24 7\/7","isPartOf":{"@id":"https:\/\/leroy-et-fils.fr\/plombierbayonne\/#website"},"datePublished":"2014-04-24T14:27:06+00:00","dateModified":"2026-01-09T21:33:34+00:00","description":"Plombier Bayonne 05 87 07 06 85 D\u00e9pannage Urgence (24h\/24 7J\/7) \u00e0 Bayonne, Biarritz, Anglet. Fuite d'eau d'eau, canalisation bouch\u00e9e, robinet","breadcrumb":{"@id":"https:\/\/leroy-et-fils.fr\/plombierbayonne\/?page_id=40#breadcrumb"},"inLanguage":"fr-FR","potentialAction":[{"@type":"ReadAction","target":["https:\/\/leroy-et-fils.fr\/plombierbayonne\/?page_id=40"]}]},{"@type":"BreadcrumbList","@id":"https:\/\/leroy-et-fils.fr\/plombierbayonne\/?page_id=40#breadcrumb","itemListElement":[{"@type":"ListItem","position":1,"name":"Accueil","item":"https:\/\/leroy-et-fils.fr\/plombierbayonne\/"},{"@type":"ListItem","position":2,"name":"D\u00e9pannage Urgence plomberie (24h\/24 7J\/7)"}]},{"@type":"WebSite","@id":"https:\/\/leroy-et-fils.fr\/plombierbayonne\/#website","url":"https:\/\/leroy-et-fils.fr\/plombierbayonne\/","name":"Plombier Bayonne 05 87 07 06 85 24h24","description":"","publisher":{"@id":"https:\/\/leroy-et-fils.fr\/plombierbayonne\/#organization"},"potentialAction":[{"@type":"SearchAction","target":{"@type":"EntryPoint","urlTemplate":"https:\/\/leroy-et-fils.fr\/plombierbayonne\/?s={search_term_string}"},"query-input":{"@type":"PropertyValueSpecification","valueRequired":true,"valueName":"search_term_string"}}],"inLanguage":"fr-FR"},{"@type":"Organization","@id":"https:\/\/leroy-et-fils.fr\/plombierbayonne\/#organization","name":"Leroy et Fils Plombier Bayonne","url":"https:\/\/leroy-et-fils.fr\/plombierbayonne\/","logo":{"@type":"ImageObject","inLanguage":"fr-FR","@id":"https:\/\/leroy-et-fils.fr\/plombierbayonne\/#\/schema\/logo\/image\/","url":"https:\/\/leroy-et-fils.fr\/bayonne\/wp-content\/uploads\/sites\/90\/2021\/01\/leroyetfils-logo.png","contentUrl":"https:\/\/leroy-et-fils.fr\/bayonne\/wp-content\/uploads\/sites\/90\/2021\/01\/leroyetfils-logo.png","width":500,"height":113,"caption":"Leroy et Fils Plombier Bayonne"},"image":{"@id":"https:\/\/leroy-et-fils.fr\/plombierbayonne\/#\/schema\/logo\/image\/"}}]}},"_links":{"self":[{"href":"https:\/\/leroy-et-fils.fr\/plombierbayonne\/index.php?rest_route=\/wp\/v2\/pages\/40","targetHints":{"allow":["GET"]}}],"collection":[{"href":"https:\/\/leroy-et-fils.fr\/plombierbayonne\/index.php?rest_route=\/wp\/v2\/pages"}],"about":[{"href":"https:\/\/leroy-et-fils.fr\/plombierbayonne\/index.php?rest_route=\/wp\/v2\/types\/page"}],"author":[{"embeddable":true,"href":"https:\/\/leroy-et-fils.fr\/plombierbayonne\/index.php?rest_route=\/wp\/v2\/users\/1"}],"replies":[{"embeddable":true,"href":"https:\/\/leroy-et-fils.fr\/plombierbayonne\/index.php?rest_route=%2Fwp%2Fv2%2Fcomments&post=40"}],"version-history":[{"count":60,"href":"https:\/\/leroy-et-fils.fr\/plombierbayonne\/index.php?rest_route=\/wp\/v2\/pages\/40\/revisions"}],"predecessor-version":[{"id":550,"href":"https:\/\/leroy-et-fils.fr\/plombierbayonne\/index.php?rest_route=\/wp\/v2\/pages\/40\/revisions\/550"}],"wp:attachment":[{"href":"https:\/\/leroy-et-fils.fr\/plombierbayonne\/index.php?rest_route=%2Fwp%2Fv2%2Fmedia&parent=40"}],"curies":[{"name":"wp","href":"https:\/\/api.w.org\/{rel}","templated":true}]}}