{"id":33,"date":"2014-04-24T16:20:59","date_gmt":"2014-04-24T14:20:59","guid":{"rendered":"http:\/\/leroy-et-fils.fr\/leroy-et-fils-3\/?page_id=33"},"modified":"2026-01-09T22:35:51","modified_gmt":"2026-01-09T21:35:51","slug":"debouchage-canalisation","status":"publish","type":"page","link":"https:\/\/leroy-et-fils.fr\/plombierbayonne\/?page_id=33","title":{"rendered":"D\u00e9bouchage canalisation"},"content":{"rendered":"\t\t<div data-elementor-type=\"wp-page\" data-elementor-id=\"33\" class=\"elementor elementor-33\">\n\t\t\t\t\t\t<section class=\"elementor-section elementor-top-section elementor-element elementor-element-2d579fd2 elementor-section-boxed elementor-section-height-default elementor-section-height-default\" data-id=\"2d579fd2\" data-element_type=\"section\" data-e-type=\"section\">\n\t\t\t\t\t\t<div class=\"elementor-container elementor-column-gap-default\">\n\t\t\t\t\t<div class=\"elementor-column elementor-col-100 elementor-top-column elementor-element elementor-element-6b09a6d\" data-id=\"6b09a6d\" data-element_type=\"column\" data-e-type=\"column\">\n\t\t\t<div class=\"elementor-widget-wrap elementor-element-populated\">\n\t\t\t\t\t\t<div class=\"elementor-element elementor-element-13d59dfe elementor-widget elementor-widget-text-editor\" data-id=\"13d59dfe\" data-element_type=\"widget\" data-e-type=\"widget\" data-widget_type=\"text-editor.default\">\n\t\t\t\t<div class=\"elementor-widget-container\">\n\t\t\t\t\t\t\t\t\t<div><h2><span style=\"color: #999999;\">Leroy et Fils est le sp\u00e9cialiste du d\u00e9bouchage de canalisations\u00a0\u00e0 Bayonne et dans les\u00a0communes voisines 24h\/24 7j\/7.\u00a0Nous avons une solution \u00e0 tous vos probl\u00e8mes de bouchons.<\/span><\/h2><h5><span style=\"color: #999999;\">Nous sommes \u00e9quip\u00e9s de mat\u00e9riels r\u00e9cent nous permettant de r\u00e9aliser les interventions suivantes:<\/span><\/h5><h3><span style=\"font-size: 16px;\">DEBOUCHAGE\u00a0 MANUEL \u00e0 partir de 80 euros TTC<\/span><\/h3><\/div><ul class=\"et_pb_pricing\"><li><h5><span style=\"color: #999999;\">Toilettes bouch\u00e9es<\/span><\/h5><\/li><li><h5><span style=\"color: #999999;\">Siphon<\/span><\/h5><\/li><li><h5><span style=\"color: #999999;\">Douche \/ baignoire<\/span><\/h5><\/li><li><h5><span style=\"color: #999999;\">Lave-vaisselle<\/span><\/h5><\/li><li><h5><span style=\"color: #999999;\">Evacuation<\/span><\/h5><\/li><li><h5><span style=\"color: #999999;\">Machine \u00e0 laver<\/span><\/h5><\/li><li><h5><span style=\"color: #999999;\">D\u00e9bouchage canalisation rapide et soign\u00e9<\/span><\/h5><\/li><\/ul><h5>\u00a0<\/h5><h5><span style=\"color: #999999;\"><em>Pour ce d\u00e9pannage, nous utilisons selon votre installation un d\u00e9boucheur r\u00e9volver basse pression, un furet m\u00e9canique professionnel.<\/em><\/span><\/h5><div class=\"et_pb_pricing_heading\"><h3 class=\"et_pb_pricing_title\">HYDROCURAGE \u00e0 partir de 120 euros TTC<\/h3><\/div><div class=\"et_pb_pricing_content\"><ul class=\"et_pb_pricing\"><li><h5><span style=\"color: #999999;\">D\u00e9bouchage de canalisation par Haute pression (350 Bars) (\u00c9vier, Wc, douche, baignoire, regard, \u00e9gout)<\/span><\/h5><\/li><li><h5><span style=\"color: #999999;\">Nettoyage canalisation<\/span><\/h5><\/li><li><h5><span style=\"color: #999999;\">D\u00e9bouchage<\/span><\/h5><\/li><li><h5><span style=\"color: #999999;\">Curage<\/span><\/h5><\/li><li><h5><span style=\"color: #999999;\">D\u00e9bouchage canalisation r\u00e9alis\u00e9 avec s\u00e9rieux, soin\u00a0 et professionnalisme\u00a0<\/span><\/h5><\/li><\/ul><h5><span style=\"color: #999999;\"><em>Nous pouvons intervenir dans les lieux inaccessibles pour les camions d&#8217;assainissement. Nous disposons d&#8217;un furet de 50 m\u00e8tres, d&#8217;une puissance de 350 bars.\u00a0<\/em><\/span><\/h5><\/div><h1>D\u00e9bouchage Canalisation<\/h1><h3><span style=\"color: #ff0000;\">Appeler nous\u00a0 vite au 06 63 73 90 66\u00a0<\/span><\/h3><p><a href=\"http:\/\/leroy-et-fils.fr\/bayonne\/wp-content\/uploads\/sites\/90\/2021\/02\/debouchage-canalisation.jpg\"><br \/><img fetchpriority=\"high\" decoding=\"async\" class=\"size-full wp-image-254 aligncenter\" src=\"http:\/\/leroy-et-fils.fr\/bayonne\/wp-content\/uploads\/sites\/90\/2021\/02\/debouchage-canalisation.jpg\" alt=\"\" width=\"740\" height=\"874\" srcset=\"https:\/\/leroy-et-fils.fr\/plombierbayonne\/wp-content\/uploads\/sites\/90\/2021\/02\/debouchage-canalisation.jpg 740w, https:\/\/leroy-et-fils.fr\/plombierbayonne\/wp-content\/uploads\/sites\/90\/2021\/02\/debouchage-canalisation-254x300.jpg 254w\" sizes=\"(max-width: 740px) 100vw, 740px\" \/><\/a><\/p>\t\t\t\t\t\t\t\t<\/div>\n\t\t\t\t<\/div>\n\t\t\t\t\t<\/div>\n\t\t<\/div>\n\t\t\t\t\t<\/div>\n\t\t<\/section>\n\t\t\t\t<section class=\"elementor-section elementor-top-section elementor-element elementor-element-a6958a8 elementor-section-boxed elementor-section-height-default elementor-section-height-default\" data-id=\"a6958a8\" data-element_type=\"section\" data-e-type=\"section\">\n\t\t\t\t\t\t<div class=\"elementor-container elementor-column-gap-default\">\n\t\t\t\t\t<div class=\"elementor-column elementor-col-100 elementor-top-column elementor-element elementor-element-cb73dc7\" data-id=\"cb73dc7\" data-element_type=\"column\" data-e-type=\"column\">\n\t\t\t<div class=\"elementor-widget-wrap elementor-element-populated\">\n\t\t\t\t\t\t<div class=\"elementor-element elementor-element-7c909b8 elementor-widget elementor-widget-text-editor\" data-id=\"7c909b8\" data-element_type=\"widget\" data-e-type=\"widget\" data-widget_type=\"text-editor.default\">\n\t\t\t\t<div class=\"elementor-widget-container\">\n\t\t\t\t\t\t\t\t\t<h5><span style=\"color: #999999;\">Un <strong>d\u00e9bouchage de canalisation<\/strong> est une intervention r\u00e9alis\u00e9e pour \u00e9liminer un blocage ou un bouchon dans une canalisation. Les canalisations sont les tuyaux qui transportent les eaux us\u00e9es depuis les appareils sanitaires (\u00e9viers, toilettes, douches, etc.) vers les \u00e9gouts ou les fosses septiques. Lorsque ces tuyaux se bouchent, cela peut entra\u00eener des probl\u00e8mes comme des eaux stagnantes, des mauvaises odeurs, ou m\u00eame des refoulements d&#8217;eaux us\u00e9es.<\/span><\/h5><h3>Les principales causes de bouchons de canalisation :<\/h3><ol><li><p><strong>Accumulation de mati\u00e8res<\/strong> : Les bouchons peuvent \u00eatre caus\u00e9s par l&#8217;accumulation de r\u00e9sidus alimentaires, de cheveux, de graisse, de savon, ou d&#8217;autres d\u00e9bris dans les canalisations.<\/p><\/li><li><p><strong>Objets \u00e9trangers<\/strong> : Parfois, des objets comme des lingettes, des serviettes hygi\u00e9niques ou des jouets peuvent accidentellement se retrouver dans les canalisations et provoquer un blocage.<\/p><\/li><li><p><strong>Racines d&#8217;arbres<\/strong> : Les racines peuvent p\u00e9n\u00e9trer dans les tuyaux par de petites fissures et, au fil du temps, bloquer le passage de l&#8217;eau.<\/p><\/li><\/ol><h3>Techniques de d\u00e9bouchage :<\/h3><ol><li><p><strong>Ventouse<\/strong> : Un outil manuel qui cr\u00e9e une pression pour pousser ou tirer le bouchon dans la canalisation.<\/p><\/li><li><p><strong>Furet de plomberie<\/strong> : Un c\u00e2ble flexible avec une t\u00eate sp\u00e9ciale qui permet de p\u00e9n\u00e9trer dans la canalisation pour casser ou retirer le bouchon.<\/p><\/li><li><p><strong>Hydrocurage<\/strong> : Utilisation de jets d&#8217;eau \u00e0 haute pression pour nettoyer les canalisations et \u00e9liminer les blocages.<\/p><\/li><li><p><strong>Cam\u00e9ra d&#8217;inspection<\/strong> : Pour les cas complexes, une cam\u00e9ra est parfois utilis\u00e9e pour inspecter l&#8217;int\u00e9rieur des tuyaux et localiser pr\u00e9cis\u00e9ment le bouchon.<\/p><\/li><li><p><strong>Produits chimiques<\/strong> : Certains d\u00e9boucheurs chimiques peuvent \u00eatre utilis\u00e9s pour dissoudre les mati\u00e8res organiques obstruant les canalisations, bien que leur utilisation doive \u00eatre faite avec prudence pour \u00e9viter d&#8217;endommager les tuyaux.<\/p><\/li><\/ol><h3>Pourquoi faire appel \u00e0 un professionnel ?<\/h3><p>Un professionnel dispose des outils et de l&#8217;expertise n\u00e9cessaires pour d\u00e9boucher efficacement et en toute s\u00e9curit\u00e9 les canalisations, minimisant ainsi les risques de dommages futurs.<\/p>\t\t\t\t\t\t\t\t<\/div>\n\t\t\t\t<\/div>\n\t\t\t\t\t<\/div>\n\t\t<\/div>\n\t\t\t\t\t<\/div>\n\t\t<\/section>\n\t\t\t\t<\/div>\n\t\t","protected":false},"excerpt":{"rendered":"<p>Leroy et Fils est le sp\u00e9cialiste du d\u00e9bouchage de canalisations\u00a0\u00e0 Bayonne et dans les\u00a0communes voisines 24h\/24 7j\/7.\u00a0Nous avons une solution [&hellip;]<\/p>\n","protected":false},"author":1,"featured_media":0,"parent":0,"menu_order":0,"comment_status":"open","ping_status":"closed","template":"","meta":{"site-sidebar-layout":"default","site-content-layout":"","ast-site-content-layout":"default","site-content-style":"default","site-sidebar-style":"default","ast-global-header-display":"","ast-banner-title-visibility":"","ast-main-header-display":"","ast-hfb-above-header-display":"","ast-hfb-below-header-display":"","ast-hfb-mobile-header-display":"","site-post-title":"","ast-breadcrumbs-content":"","ast-featured-img":"","footer-sml-layout":"","theme-transparent-header-meta":"","adv-header-id-meta":"","stick-header-meta":"","header-above-stick-meta":"","header-main-stick-meta":"","header-below-stick-meta":"","astra-migrate-meta-layouts":"default","ast-page-background-enabled":"default","ast-page-background-meta":{"desktop":{"background-color":"var(--ast-global-color-5)","background-image":"","background-repeat":"repeat","background-position":"center center","background-size":"auto","background-attachment":"scroll","background-type":"","background-media":"","overlay-type":"","overlay-color":"","overlay-opacity":"","overlay-gradient":""},"tablet":{"background-color":"","background-image":"","background-repeat":"repeat","background-position":"center center","background-size":"auto","background-attachment":"scroll","background-type":"","background-media":"","overlay-type":"","overlay-color":"","overlay-opacity":"","overlay-gradient":""},"mobile":{"background-color":"","background-image":"","background-repeat":"repeat","background-position":"center center","background-size":"auto","background-attachment":"scroll","background-type":"","background-media":"","overlay-type":"","overlay-color":"","overlay-opacity":"","overlay-gradient":""}},"ast-content-background-meta":{"desktop":{"background-color":"var(--ast-global-color-4)","background-image":"","background-repeat":"repeat","background-position":"center center","background-size":"auto","background-attachment":"scroll","background-type":"","background-media":"","overlay-type":"","overlay-color":"","overlay-opacity":"","overlay-gradient":""},"tablet":{"background-color":"var(--ast-global-color-4)","background-image":"","background-repeat":"repeat","background-position":"center center","background-size":"auto","background-attachment":"scroll","background-type":"","background-media":"","overlay-type":"","overlay-color":"","overlay-opacity":"","overlay-gradient":""},"mobile":{"background-color":"var(--ast-global-color-4)","background-image":"","background-repeat":"repeat","background-position":"center center","background-size":"auto","background-attachment":"scroll","background-type":"","background-media":"","overlay-type":"","overlay-color":"","overlay-opacity":"","overlay-gradient":""}},"footnotes":""},"class_list":["post-33","page","type-page","status-publish","hentry"],"yoast_head":"<!-- This site is optimized with the Yoast SEO plugin v27.3 - https:\/\/yoast.com\/product\/yoast-seo-wordpress\/ -->\n<title>D\u00e9bouchage canalisation 05 87 07 06 85 Bayonne et 64<\/title>\n<meta name=\"description\" content=\"05 87 07 06 85 plombier \u00e0 Bayonne sp\u00e9cialiste du d\u00e9bouchage de canalisation (WC, toilette \u00e9vier, baignoire..) 24h24 \u00e0 Bayonne et 64\" \/>\n<meta name=\"robots\" content=\"index, follow, max-snippet:-1, max-image-preview:large, max-video-preview:-1\" \/>\n<link rel=\"canonical\" href=\"https:\/\/leroy-et-fils.fr\/plombierbayonne\/?page_id=33\" \/>\n<meta property=\"og:locale\" content=\"fr_FR\" \/>\n<meta property=\"og:type\" content=\"article\" \/>\n<meta property=\"og:title\" content=\"D\u00e9bouchage canalisation 05 87 07 06 85 Bayonne et 64\" \/>\n<meta property=\"og:description\" content=\"05 87 07 06 85 plombier \u00e0 Bayonne sp\u00e9cialiste du d\u00e9bouchage de canalisation (WC, toilette \u00e9vier, baignoire..) 24h24 \u00e0 Bayonne et 64\" \/>\n<meta property=\"og:url\" content=\"https:\/\/leroy-et-fils.fr\/plombierbayonne\/?page_id=33\" \/>\n<meta property=\"og:site_name\" content=\"Plombier Bayonne 05 87 07 06 85 24h24\" \/>\n<meta property=\"article:modified_time\" content=\"2026-01-09T21:35:51+00:00\" \/>\n<meta property=\"og:image\" content=\"http:\/\/leroy-et-fils.fr\/bayonne\/wp-content\/uploads\/sites\/90\/2021\/02\/debouchage-canalisation.jpg\" \/>\n<meta name=\"twitter:label1\" content=\"Dur\u00e9e de lecture estim\u00e9e\" \/>\n\t<meta name=\"twitter:data1\" content=\"3 minutes\" \/>\n<script type=\"application\/ld+json\" class=\"yoast-schema-graph\">{\"@context\":\"https:\\\/\\\/schema.org\",\"@graph\":[{\"@type\":\"WebPage\",\"@id\":\"https:\\\/\\\/leroy-et-fils.fr\\\/plombierbayonne\\\/?page_id=33\",\"url\":\"https:\\\/\\\/leroy-et-fils.fr\\\/plombierbayonne\\\/?page_id=33\",\"name\":\"D\u00e9bouchage canalisation 05 87 07 06 85 Bayonne et 64\",\"isPartOf\":{\"@id\":\"https:\\\/\\\/leroy-et-fils.fr\\\/plombierbayonne\\\/#website\"},\"primaryImageOfPage\":{\"@id\":\"https:\\\/\\\/leroy-et-fils.fr\\\/plombierbayonne\\\/?page_id=33#primaryimage\"},\"image\":{\"@id\":\"https:\\\/\\\/leroy-et-fils.fr\\\/plombierbayonne\\\/?page_id=33#primaryimage\"},\"thumbnailUrl\":\"http:\\\/\\\/leroy-et-fils.fr\\\/bayonne\\\/wp-content\\\/uploads\\\/sites\\\/90\\\/2021\\\/02\\\/debouchage-canalisation.jpg\",\"datePublished\":\"2014-04-24T14:20:59+00:00\",\"dateModified\":\"2026-01-09T21:35:51+00:00\",\"description\":\"05 87 07 06 85 plombier \u00e0 Bayonne sp\u00e9cialiste du d\u00e9bouchage de canalisation (WC, toilette \u00e9vier, baignoire..) 24h24 \u00e0 Bayonne et 64\",\"breadcrumb\":{\"@id\":\"https:\\\/\\\/leroy-et-fils.fr\\\/plombierbayonne\\\/?page_id=33#breadcrumb\"},\"inLanguage\":\"fr-FR\",\"potentialAction\":[{\"@type\":\"ReadAction\",\"target\":[\"https:\\\/\\\/leroy-et-fils.fr\\\/plombierbayonne\\\/?page_id=33\"]}]},{\"@type\":\"ImageObject\",\"inLanguage\":\"fr-FR\",\"@id\":\"https:\\\/\\\/leroy-et-fils.fr\\\/plombierbayonne\\\/?page_id=33#primaryimage\",\"url\":\"http:\\\/\\\/leroy-et-fils.fr\\\/bayonne\\\/wp-content\\\/uploads\\\/sites\\\/90\\\/2021\\\/02\\\/debouchage-canalisation.jpg\",\"contentUrl\":\"http:\\\/\\\/leroy-et-fils.fr\\\/bayonne\\\/wp-content\\\/uploads\\\/sites\\\/90\\\/2021\\\/02\\\/debouchage-canalisation.jpg\"},{\"@type\":\"BreadcrumbList\",\"@id\":\"https:\\\/\\\/leroy-et-fils.fr\\\/plombierbayonne\\\/?page_id=33#breadcrumb\",\"itemListElement\":[{\"@type\":\"ListItem\",\"position\":1,\"name\":\"Accueil\",\"item\":\"https:\\\/\\\/leroy-et-fils.fr\\\/plombierbayonne\\\/\"},{\"@type\":\"ListItem\",\"position\":2,\"name\":\"D\u00e9bouchage canalisation\"}]},{\"@type\":\"WebSite\",\"@id\":\"https:\\\/\\\/leroy-et-fils.fr\\\/plombierbayonne\\\/#website\",\"url\":\"https:\\\/\\\/leroy-et-fils.fr\\\/plombierbayonne\\\/\",\"name\":\"Plombier Bayonne 05 87 07 06 85 24h24\",\"description\":\"\",\"publisher\":{\"@id\":\"https:\\\/\\\/leroy-et-fils.fr\\\/plombierbayonne\\\/#organization\"},\"potentialAction\":[{\"@type\":\"SearchAction\",\"target\":{\"@type\":\"EntryPoint\",\"urlTemplate\":\"https:\\\/\\\/leroy-et-fils.fr\\\/plombierbayonne\\\/?s={search_term_string}\"},\"query-input\":{\"@type\":\"PropertyValueSpecification\",\"valueRequired\":true,\"valueName\":\"search_term_string\"}}],\"inLanguage\":\"fr-FR\"},{\"@type\":\"Organization\",\"@id\":\"https:\\\/\\\/leroy-et-fils.fr\\\/plombierbayonne\\\/#organization\",\"name\":\"Leroy et Fils Plombier Bayonne\",\"url\":\"https:\\\/\\\/leroy-et-fils.fr\\\/plombierbayonne\\\/\",\"logo\":{\"@type\":\"ImageObject\",\"inLanguage\":\"fr-FR\",\"@id\":\"https:\\\/\\\/leroy-et-fils.fr\\\/plombierbayonne\\\/#\\\/schema\\\/logo\\\/image\\\/\",\"url\":\"https:\\\/\\\/leroy-et-fils.fr\\\/bayonne\\\/wp-content\\\/uploads\\\/sites\\\/90\\\/2021\\\/01\\\/leroyetfils-logo.png\",\"contentUrl\":\"https:\\\/\\\/leroy-et-fils.fr\\\/bayonne\\\/wp-content\\\/uploads\\\/sites\\\/90\\\/2021\\\/01\\\/leroyetfils-logo.png\",\"width\":500,\"height\":113,\"caption\":\"Leroy et Fils Plombier Bayonne\"},\"image\":{\"@id\":\"https:\\\/\\\/leroy-et-fils.fr\\\/plombierbayonne\\\/#\\\/schema\\\/logo\\\/image\\\/\"}}]}<\/script>\n<!-- \/ Yoast SEO plugin. -->","yoast_head_json":{"title":"D\u00e9bouchage canalisation 05 87 07 06 85 Bayonne et 64","description":"05 87 07 06 85 plombier \u00e0 Bayonne sp\u00e9cialiste du d\u00e9bouchage de canalisation (WC, toilette \u00e9vier, baignoire..) 24h24 \u00e0 Bayonne et 64","robots":{"index":"index","follow":"follow","max-snippet":"max-snippet:-1","max-image-preview":"max-image-preview:large","max-video-preview":"max-video-preview:-1"},"canonical":"https:\/\/leroy-et-fils.fr\/plombierbayonne\/?page_id=33","og_locale":"fr_FR","og_type":"article","og_title":"D\u00e9bouchage canalisation 05 87 07 06 85 Bayonne et 64","og_description":"05 87 07 06 85 plombier \u00e0 Bayonne sp\u00e9cialiste du d\u00e9bouchage de canalisation (WC, toilette \u00e9vier, baignoire..) 24h24 \u00e0 Bayonne et 64","og_url":"https:\/\/leroy-et-fils.fr\/plombierbayonne\/?page_id=33","og_site_name":"Plombier Bayonne 05 87 07 06 85 24h24","article_modified_time":"2026-01-09T21:35:51+00:00","og_image":[{"url":"http:\/\/leroy-et-fils.fr\/bayonne\/wp-content\/uploads\/sites\/90\/2021\/02\/debouchage-canalisation.jpg","type":"","width":"","height":""}],"twitter_misc":{"Dur\u00e9e de lecture estim\u00e9e":"3 minutes"},"schema":{"@context":"https:\/\/schema.org","@graph":[{"@type":"WebPage","@id":"https:\/\/leroy-et-fils.fr\/plombierbayonne\/?page_id=33","url":"https:\/\/leroy-et-fils.fr\/plombierbayonne\/?page_id=33","name":"D\u00e9bouchage canalisation 05 87 07 06 85 Bayonne et 64","isPartOf":{"@id":"https:\/\/leroy-et-fils.fr\/plombierbayonne\/#website"},"primaryImageOfPage":{"@id":"https:\/\/leroy-et-fils.fr\/plombierbayonne\/?page_id=33#primaryimage"},"image":{"@id":"https:\/\/leroy-et-fils.fr\/plombierbayonne\/?page_id=33#primaryimage"},"thumbnailUrl":"http:\/\/leroy-et-fils.fr\/bayonne\/wp-content\/uploads\/sites\/90\/2021\/02\/debouchage-canalisation.jpg","datePublished":"2014-04-24T14:20:59+00:00","dateModified":"2026-01-09T21:35:51+00:00","description":"05 87 07 06 85 plombier \u00e0 Bayonne sp\u00e9cialiste du d\u00e9bouchage de canalisation (WC, toilette \u00e9vier, baignoire..) 24h24 \u00e0 Bayonne et 64","breadcrumb":{"@id":"https:\/\/leroy-et-fils.fr\/plombierbayonne\/?page_id=33#breadcrumb"},"inLanguage":"fr-FR","potentialAction":[{"@type":"ReadAction","target":["https:\/\/leroy-et-fils.fr\/plombierbayonne\/?page_id=33"]}]},{"@type":"ImageObject","inLanguage":"fr-FR","@id":"https:\/\/leroy-et-fils.fr\/plombierbayonne\/?page_id=33#primaryimage","url":"http:\/\/leroy-et-fils.fr\/bayonne\/wp-content\/uploads\/sites\/90\/2021\/02\/debouchage-canalisation.jpg","contentUrl":"http:\/\/leroy-et-fils.fr\/bayonne\/wp-content\/uploads\/sites\/90\/2021\/02\/debouchage-canalisation.jpg"},{"@type":"BreadcrumbList","@id":"https:\/\/leroy-et-fils.fr\/plombierbayonne\/?page_id=33#breadcrumb","itemListElement":[{"@type":"ListItem","position":1,"name":"Accueil","item":"https:\/\/leroy-et-fils.fr\/plombierbayonne\/"},{"@type":"ListItem","position":2,"name":"D\u00e9bouchage canalisation"}]},{"@type":"WebSite","@id":"https:\/\/leroy-et-fils.fr\/plombierbayonne\/#website","url":"https:\/\/leroy-et-fils.fr\/plombierbayonne\/","name":"Plombier Bayonne 05 87 07 06 85 24h24","description":"","publisher":{"@id":"https:\/\/leroy-et-fils.fr\/plombierbayonne\/#organization"},"potentialAction":[{"@type":"SearchAction","target":{"@type":"EntryPoint","urlTemplate":"https:\/\/leroy-et-fils.fr\/plombierbayonne\/?s={search_term_string}"},"query-input":{"@type":"PropertyValueSpecification","valueRequired":true,"valueName":"search_term_string"}}],"inLanguage":"fr-FR"},{"@type":"Organization","@id":"https:\/\/leroy-et-fils.fr\/plombierbayonne\/#organization","name":"Leroy et Fils Plombier Bayonne","url":"https:\/\/leroy-et-fils.fr\/plombierbayonne\/","logo":{"@type":"ImageObject","inLanguage":"fr-FR","@id":"https:\/\/leroy-et-fils.fr\/plombierbayonne\/#\/schema\/logo\/image\/","url":"https:\/\/leroy-et-fils.fr\/bayonne\/wp-content\/uploads\/sites\/90\/2021\/01\/leroyetfils-logo.png","contentUrl":"https:\/\/leroy-et-fils.fr\/bayonne\/wp-content\/uploads\/sites\/90\/2021\/01\/leroyetfils-logo.png","width":500,"height":113,"caption":"Leroy et Fils Plombier Bayonne"},"image":{"@id":"https:\/\/leroy-et-fils.fr\/plombierbayonne\/#\/schema\/logo\/image\/"}}]}},"_links":{"self":[{"href":"https:\/\/leroy-et-fils.fr\/plombierbayonne\/index.php?rest_route=\/wp\/v2\/pages\/33","targetHints":{"allow":["GET"]}}],"collection":[{"href":"https:\/\/leroy-et-fils.fr\/plombierbayonne\/index.php?rest_route=\/wp\/v2\/pages"}],"about":[{"href":"https:\/\/leroy-et-fils.fr\/plombierbayonne\/index.php?rest_route=\/wp\/v2\/types\/page"}],"author":[{"embeddable":true,"href":"https:\/\/leroy-et-fils.fr\/plombierbayonne\/index.php?rest_route=\/wp\/v2\/users\/1"}],"replies":[{"embeddable":true,"href":"https:\/\/leroy-et-fils.fr\/plombierbayonne\/index.php?rest_route=%2Fwp%2Fv2%2Fcomments&post=33"}],"version-history":[{"count":50,"href":"https:\/\/leroy-et-fils.fr\/plombierbayonne\/index.php?rest_route=\/wp\/v2\/pages\/33\/revisions"}],"predecessor-version":[{"id":529,"href":"https:\/\/leroy-et-fils.fr\/plombierbayonne\/index.php?rest_route=\/wp\/v2\/pages\/33\/revisions\/529"}],"wp:attachment":[{"href":"https:\/\/leroy-et-fils.fr\/plombierbayonne\/index.php?rest_route=%2Fwp%2Fv2%2Fmedia&parent=33"}],"curies":[{"name":"wp","href":"https:\/\/api.w.org\/{rel}","templated":true}]}}