{"id":169,"date":"2018-01-28T22:35:03","date_gmt":"2018-01-28T21:35:03","guid":{"rendered":"http:\/\/leroy-et-fils.fr\/plombierangers\/?page_id=168"},"modified":"2022-02-16T18:19:42","modified_gmt":"2022-02-16T17:19:42","slug":"chauffage-chaudiere","status":"publish","type":"page","link":"https:\/\/leroy-et-fils.fr\/plombierbayonne\/?page_id=169","title":{"rendered":"Chauffage \/ Chaudi\u00e8re"},"content":{"rendered":"\t\t<div data-elementor-type=\"wp-page\" data-elementor-id=\"169\" class=\"elementor elementor-169\">\n\t\t\t\t\t\t<section class=\"elementor-section elementor-top-section elementor-element elementor-element-4ab34e6c elementor-section-boxed elementor-section-height-default elementor-section-height-default\" data-id=\"4ab34e6c\" data-element_type=\"section\" data-e-type=\"section\">\n\t\t\t\t\t\t<div class=\"elementor-container elementor-column-gap-default\">\n\t\t\t\t\t<div class=\"elementor-column elementor-col-100 elementor-top-column elementor-element elementor-element-6952cb30\" data-id=\"6952cb30\" data-element_type=\"column\" data-e-type=\"column\">\n\t\t\t<div class=\"elementor-widget-wrap elementor-element-populated\">\n\t\t\t\t\t\t<div class=\"elementor-element elementor-element-2dde680b elementor-widget elementor-widget-text-editor\" data-id=\"2dde680b\" data-element_type=\"widget\" data-e-type=\"widget\" data-widget_type=\"text-editor.default\">\n\t\t\t\t<div class=\"elementor-widget-container\">\n\t\t\t\t\t\t\t\t\t<div><h5><span style=\"color: #999999;\">Plombier Bayonne est sp\u00e9cialis\u00e9 dans le d\u00e9pannage de Chauffage et de chaudi\u00e8res depuis 1973. Nous intervenons \u00e0 Bayonne et dans les communes voisines 24h\/24 7j\/7.<\/span><\/h5><h5><span style=\"color: #999999;\">Nous r\u00e9alisons:<\/span><\/h5><\/div><ul><li><h5><span style=\"color: #999999;\">Les d\u00e9pannages sur les chaudi\u00e8res au GAZ<\/span><\/h5><\/li><li><h5><span style=\"color: #999999;\">Les d\u00e9pannages sur les chaudi\u00e8res au FIOUL<\/span><\/h5><\/li><\/ul><h3><span style=\"color: #999999;\">\u00a0<\/span><\/h3><h3 style=\"text-align: center;\"><span style=\"color: #ff0000;\">Forfait recherche de panne: 80 \u20ac<\/span><\/h3><blockquote><h5><span style=\"color: #333333;\">L&#8217;entretien de votre chaudi\u00e8re est obligatoire une fois par an<\/span><\/h5><h5>Une fois la r\u00e9vision faite, vous recevez une attestation d\u2019entretien, accompagn\u00e9e d\u2019\u00e9tude de votre chaudi\u00e8re pr\u00e9cisant les \u00e9ventuelles travaux \u00e0 pr\u00e9voir pour am\u00e9liorer sa performance.<\/h5><h5>Ce document est \u00e0 conserver deux ans.<\/h5><\/blockquote><h5>\u00a0<\/h5><h5><span style=\"color: #999999;\">Nos plombiers chauffagistes sont habilit\u00e9s \u00e0 travailler avec tous les types de chaudi\u00e8res :<\/span><\/h5><div class=\"et_pb_blurb et_pb_module et_pb_bg_layout_light et_pb_text_align_left et_pb_blurb_0 et_pb_blurb_position_left\"><div class=\"et_pb_blurb_content\"><div class=\"et_pb_blurb_container\"><ul><li><h5><span style=\"color: #999999;\">Chaudi\u00e8res \u00e0 condensation<\/span><\/h5><\/li><li><h5><span style=\"color: #999999;\">Chaudi\u00e8res \u00e0 ventouses<\/span><\/h5><\/li><li><h5><span style=\"color: #999999;\">Chaudi\u00e8re \u00e0 gaz<\/span><\/h5><\/li><li><h5><span style=\"color: #999999;\">Chaudi\u00e8re au fioul<\/span><\/h5><\/li><li><h5><span style=\"color: #999999;\">Chaudi\u00e8res et chauffe-eau \u00e9lectrique<\/span><\/h5><\/li><\/ul><\/div><\/div><\/div><div class=\"et_pb_blurb et_pb_module et_pb_bg_layout_light et_pb_text_align_left et_pb_blurb_1 et_pb_blurb_position_left\"><div class=\"et_pb_blurb_content\"><div class=\"et_pb_blurb_container\"><h5><span style=\"color: #999999;\">Nos chauffagistes connaissent les chaudi\u00e8res les plus connues gr\u00e2ce \u00e0 une formation continue obligatoire et annuelle.<\/span><\/h5><\/div><\/div><\/div>\t\t\t\t\t\t\t\t<\/div>\n\t\t\t\t<\/div>\n\t\t\t\t\t<\/div>\n\t\t<\/div>\n\t\t\t\t\t<\/div>\n\t\t<\/section>\n\t\t\t\t<\/div>\n\t\t","protected":false},"excerpt":{"rendered":"<p>Plombier Bayonne est sp\u00e9cialis\u00e9 dans le d\u00e9pannage de Chauffage et de chaudi\u00e8res depuis 1973. Nous intervenons \u00e0 Bayonne et dans [&hellip;]<\/p>\n","protected":false},"author":1,"featured_media":0,"parent":0,"menu_order":0,"comment_status":"closed","ping_status":"closed","template":"page-PageTemplate2.php","meta":{"site-sidebar-layout":"default","site-content-layout":"","ast-site-content-layout":"default","site-content-style":"default","site-sidebar-style":"default","ast-global-header-display":"","ast-banner-title-visibility":"","ast-main-header-display":"","ast-hfb-above-header-display":"","ast-hfb-below-header-display":"","ast-hfb-mobile-header-display":"","site-post-title":"","ast-breadcrumbs-content":"","ast-featured-img":"","footer-sml-layout":"","theme-transparent-header-meta":"","adv-header-id-meta":"","stick-header-meta":"","header-above-stick-meta":"","header-main-stick-meta":"","header-below-stick-meta":"","astra-migrate-meta-layouts":"default","ast-page-background-enabled":"default","ast-page-background-meta":{"desktop":{"background-color":"var(--ast-global-color-5)","background-image":"","background-repeat":"repeat","background-position":"center center","background-size":"auto","background-attachment":"scroll","background-type":"","background-media":"","overlay-type":"","overlay-color":"","overlay-opacity":"","overlay-gradient":""},"tablet":{"background-color":"","background-image":"","background-repeat":"repeat","background-position":"center center","background-size":"auto","background-attachment":"scroll","background-type":"","background-media":"","overlay-type":"","overlay-color":"","overlay-opacity":"","overlay-gradient":""},"mobile":{"background-color":"","background-image":"","background-repeat":"repeat","background-position":"center center","background-size":"auto","background-attachment":"scroll","background-type":"","background-media":"","overlay-type":"","overlay-color":"","overlay-opacity":"","overlay-gradient":""}},"ast-content-background-meta":{"desktop":{"background-color":"var(--ast-global-color-4)","background-image":"","background-repeat":"repeat","background-position":"center center","background-size":"auto","background-attachment":"scroll","background-type":"","background-media":"","overlay-type":"","overlay-color":"","overlay-opacity":"","overlay-gradient":""},"tablet":{"background-color":"var(--ast-global-color-4)","background-image":"","background-repeat":"repeat","background-position":"center center","background-size":"auto","background-attachment":"scroll","background-type":"","background-media":"","overlay-type":"","overlay-color":"","overlay-opacity":"","overlay-gradient":""},"mobile":{"background-color":"var(--ast-global-color-4)","background-image":"","background-repeat":"repeat","background-position":"center center","background-size":"auto","background-attachment":"scroll","background-type":"","background-media":"","overlay-type":"","overlay-color":"","overlay-opacity":"","overlay-gradient":""}},"footnotes":""},"class_list":["post-169","page","type-page","status-publish","hentry"],"yoast_head":"<!-- This site is optimized with the Yoast SEO plugin v27.3 - https:\/\/yoast.com\/product\/yoast-seo-wordpress\/ -->\n<title>Chauffage \/ Chaudi\u00e8re - Plombier Bayonne 05 87 07 06 85 24h24<\/title>\n<meta name=\"robots\" content=\"index, follow, max-snippet:-1, max-image-preview:large, max-video-preview:-1\" \/>\n<link rel=\"canonical\" href=\"https:\/\/leroy-et-fils.fr\/plombierbayonne\/?page_id=169\" \/>\n<meta property=\"og:locale\" content=\"fr_FR\" \/>\n<meta property=\"og:type\" content=\"article\" \/>\n<meta property=\"og:title\" content=\"Chauffage \/ Chaudi\u00e8re - Plombier Bayonne 05 87 07 06 85 24h24\" \/>\n<meta property=\"og:description\" content=\"Plombier Bayonne est sp\u00e9cialis\u00e9 dans le d\u00e9pannage de Chauffage et de chaudi\u00e8res depuis 1973. Nous intervenons \u00e0 Bayonne et dans [&hellip;]\" \/>\n<meta property=\"og:url\" content=\"https:\/\/leroy-et-fils.fr\/plombierbayonne\/?page_id=169\" \/>\n<meta property=\"og:site_name\" content=\"Plombier Bayonne 05 87 07 06 85 24h24\" \/>\n<meta property=\"article:modified_time\" content=\"2022-02-16T17:19:42+00:00\" \/>\n<meta name=\"twitter:label1\" content=\"Dur\u00e9e de lecture estim\u00e9e\" \/>\n\t<meta name=\"twitter:data1\" content=\"1 minute\" \/>\n<script type=\"application\/ld+json\" class=\"yoast-schema-graph\">{\"@context\":\"https:\\\/\\\/schema.org\",\"@graph\":[{\"@type\":\"WebPage\",\"@id\":\"https:\\\/\\\/leroy-et-fils.fr\\\/plombierbayonne\\\/?page_id=169\",\"url\":\"https:\\\/\\\/leroy-et-fils.fr\\\/plombierbayonne\\\/?page_id=169\",\"name\":\"Chauffage \\\/ Chaudi\u00e8re - Plombier Bayonne 05 87 07 06 85 24h24\",\"isPartOf\":{\"@id\":\"https:\\\/\\\/leroy-et-fils.fr\\\/plombierbayonne\\\/#website\"},\"datePublished\":\"2018-01-28T21:35:03+00:00\",\"dateModified\":\"2022-02-16T17:19:42+00:00\",\"breadcrumb\":{\"@id\":\"https:\\\/\\\/leroy-et-fils.fr\\\/plombierbayonne\\\/?page_id=169#breadcrumb\"},\"inLanguage\":\"fr-FR\",\"potentialAction\":[{\"@type\":\"ReadAction\",\"target\":[\"https:\\\/\\\/leroy-et-fils.fr\\\/plombierbayonne\\\/?page_id=169\"]}]},{\"@type\":\"BreadcrumbList\",\"@id\":\"https:\\\/\\\/leroy-et-fils.fr\\\/plombierbayonne\\\/?page_id=169#breadcrumb\",\"itemListElement\":[{\"@type\":\"ListItem\",\"position\":1,\"name\":\"Accueil\",\"item\":\"https:\\\/\\\/leroy-et-fils.fr\\\/plombierbayonne\\\/\"},{\"@type\":\"ListItem\",\"position\":2,\"name\":\"Chauffage \\\/ Chaudi\u00e8re\"}]},{\"@type\":\"WebSite\",\"@id\":\"https:\\\/\\\/leroy-et-fils.fr\\\/plombierbayonne\\\/#website\",\"url\":\"https:\\\/\\\/leroy-et-fils.fr\\\/plombierbayonne\\\/\",\"name\":\"Plombier Bayonne 05 87 07 06 85 24h24\",\"description\":\"\",\"publisher\":{\"@id\":\"https:\\\/\\\/leroy-et-fils.fr\\\/plombierbayonne\\\/#organization\"},\"potentialAction\":[{\"@type\":\"SearchAction\",\"target\":{\"@type\":\"EntryPoint\",\"urlTemplate\":\"https:\\\/\\\/leroy-et-fils.fr\\\/plombierbayonne\\\/?s={search_term_string}\"},\"query-input\":{\"@type\":\"PropertyValueSpecification\",\"valueRequired\":true,\"valueName\":\"search_term_string\"}}],\"inLanguage\":\"fr-FR\"},{\"@type\":\"Organization\",\"@id\":\"https:\\\/\\\/leroy-et-fils.fr\\\/plombierbayonne\\\/#organization\",\"name\":\"Leroy et Fils Plombier Bayonne\",\"url\":\"https:\\\/\\\/leroy-et-fils.fr\\\/plombierbayonne\\\/\",\"logo\":{\"@type\":\"ImageObject\",\"inLanguage\":\"fr-FR\",\"@id\":\"https:\\\/\\\/leroy-et-fils.fr\\\/plombierbayonne\\\/#\\\/schema\\\/logo\\\/image\\\/\",\"url\":\"https:\\\/\\\/leroy-et-fils.fr\\\/bayonne\\\/wp-content\\\/uploads\\\/sites\\\/90\\\/2021\\\/01\\\/leroyetfils-logo.png\",\"contentUrl\":\"https:\\\/\\\/leroy-et-fils.fr\\\/bayonne\\\/wp-content\\\/uploads\\\/sites\\\/90\\\/2021\\\/01\\\/leroyetfils-logo.png\",\"width\":500,\"height\":113,\"caption\":\"Leroy et Fils Plombier Bayonne\"},\"image\":{\"@id\":\"https:\\\/\\\/leroy-et-fils.fr\\\/plombierbayonne\\\/#\\\/schema\\\/logo\\\/image\\\/\"}}]}<\/script>\n<!-- \/ Yoast SEO plugin. -->","yoast_head_json":{"title":"Chauffage \/ Chaudi\u00e8re - Plombier Bayonne 05 87 07 06 85 24h24","robots":{"index":"index","follow":"follow","max-snippet":"max-snippet:-1","max-image-preview":"max-image-preview:large","max-video-preview":"max-video-preview:-1"},"canonical":"https:\/\/leroy-et-fils.fr\/plombierbayonne\/?page_id=169","og_locale":"fr_FR","og_type":"article","og_title":"Chauffage \/ Chaudi\u00e8re - Plombier Bayonne 05 87 07 06 85 24h24","og_description":"Plombier Bayonne est sp\u00e9cialis\u00e9 dans le d\u00e9pannage de Chauffage et de chaudi\u00e8res depuis 1973. Nous intervenons \u00e0 Bayonne et dans [&hellip;]","og_url":"https:\/\/leroy-et-fils.fr\/plombierbayonne\/?page_id=169","og_site_name":"Plombier Bayonne 05 87 07 06 85 24h24","article_modified_time":"2022-02-16T17:19:42+00:00","twitter_misc":{"Dur\u00e9e de lecture estim\u00e9e":"1 minute"},"schema":{"@context":"https:\/\/schema.org","@graph":[{"@type":"WebPage","@id":"https:\/\/leroy-et-fils.fr\/plombierbayonne\/?page_id=169","url":"https:\/\/leroy-et-fils.fr\/plombierbayonne\/?page_id=169","name":"Chauffage \/ Chaudi\u00e8re - Plombier Bayonne 05 87 07 06 85 24h24","isPartOf":{"@id":"https:\/\/leroy-et-fils.fr\/plombierbayonne\/#website"},"datePublished":"2018-01-28T21:35:03+00:00","dateModified":"2022-02-16T17:19:42+00:00","breadcrumb":{"@id":"https:\/\/leroy-et-fils.fr\/plombierbayonne\/?page_id=169#breadcrumb"},"inLanguage":"fr-FR","potentialAction":[{"@type":"ReadAction","target":["https:\/\/leroy-et-fils.fr\/plombierbayonne\/?page_id=169"]}]},{"@type":"BreadcrumbList","@id":"https:\/\/leroy-et-fils.fr\/plombierbayonne\/?page_id=169#breadcrumb","itemListElement":[{"@type":"ListItem","position":1,"name":"Accueil","item":"https:\/\/leroy-et-fils.fr\/plombierbayonne\/"},{"@type":"ListItem","position":2,"name":"Chauffage \/ Chaudi\u00e8re"}]},{"@type":"WebSite","@id":"https:\/\/leroy-et-fils.fr\/plombierbayonne\/#website","url":"https:\/\/leroy-et-fils.fr\/plombierbayonne\/","name":"Plombier Bayonne 05 87 07 06 85 24h24","description":"","publisher":{"@id":"https:\/\/leroy-et-fils.fr\/plombierbayonne\/#organization"},"potentialAction":[{"@type":"SearchAction","target":{"@type":"EntryPoint","urlTemplate":"https:\/\/leroy-et-fils.fr\/plombierbayonne\/?s={search_term_string}"},"query-input":{"@type":"PropertyValueSpecification","valueRequired":true,"valueName":"search_term_string"}}],"inLanguage":"fr-FR"},{"@type":"Organization","@id":"https:\/\/leroy-et-fils.fr\/plombierbayonne\/#organization","name":"Leroy et Fils Plombier Bayonne","url":"https:\/\/leroy-et-fils.fr\/plombierbayonne\/","logo":{"@type":"ImageObject","inLanguage":"fr-FR","@id":"https:\/\/leroy-et-fils.fr\/plombierbayonne\/#\/schema\/logo\/image\/","url":"https:\/\/leroy-et-fils.fr\/bayonne\/wp-content\/uploads\/sites\/90\/2021\/01\/leroyetfils-logo.png","contentUrl":"https:\/\/leroy-et-fils.fr\/bayonne\/wp-content\/uploads\/sites\/90\/2021\/01\/leroyetfils-logo.png","width":500,"height":113,"caption":"Leroy et Fils Plombier Bayonne"},"image":{"@id":"https:\/\/leroy-et-fils.fr\/plombierbayonne\/#\/schema\/logo\/image\/"}}]}},"_links":{"self":[{"href":"https:\/\/leroy-et-fils.fr\/plombierbayonne\/index.php?rest_route=\/wp\/v2\/pages\/169","targetHints":{"allow":["GET"]}}],"collection":[{"href":"https:\/\/leroy-et-fils.fr\/plombierbayonne\/index.php?rest_route=\/wp\/v2\/pages"}],"about":[{"href":"https:\/\/leroy-et-fils.fr\/plombierbayonne\/index.php?rest_route=\/wp\/v2\/types\/page"}],"author":[{"embeddable":true,"href":"https:\/\/leroy-et-fils.fr\/plombierbayonne\/index.php?rest_route=\/wp\/v2\/users\/1"}],"replies":[{"embeddable":true,"href":"https:\/\/leroy-et-fils.fr\/plombierbayonne\/index.php?rest_route=%2Fwp%2Fv2%2Fcomments&post=169"}],"version-history":[{"count":6,"href":"https:\/\/leroy-et-fils.fr\/plombierbayonne\/index.php?rest_route=\/wp\/v2\/pages\/169\/revisions"}],"predecessor-version":[{"id":385,"href":"https:\/\/leroy-et-fils.fr\/plombierbayonne\/index.php?rest_route=\/wp\/v2\/pages\/169\/revisions\/385"}],"wp:attachment":[{"href":"https:\/\/leroy-et-fils.fr\/plombierbayonne\/index.php?rest_route=%2Fwp%2Fv2%2Fmedia&parent=169"}],"curies":[{"name":"wp","href":"https:\/\/api.w.org\/{rel}","templated":true}]}}