{"id":8,"date":"2016-07-27T22:44:20","date_gmt":"2016-07-27T20:44:20","guid":{"rendered":"http:\/\/leroy-et-fils.fr\/leroy-et-fils-3\/?page_id=8"},"modified":"2021-07-19T15:32:01","modified_gmt":"2021-07-19T13:32:01","slug":"electricien-beaune","status":"publish","type":"page","link":"https:\/\/leroy-et-fils.fr\/electricienbeaune\/","title":{"rendered":"Electricien Beaune"},"content":{"rendered":"<p><img loading=\"lazy\" decoding=\"async\" width=\"531\" height=\"596\" src=\"https:\/\/leroy-et-fils.fr\/electricienbeaune\/wp-content\/uploads\/sites\/179\/2021\/06\/logo-electricien-dijon.png\" alt=\"\" loading=\"lazy\" srcset=\"https:\/\/leroy-et-fils.fr\/electricienbeaune\/wp-content\/uploads\/sites\/179\/2021\/06\/logo-electricien-dijon.png 531w, https:\/\/leroy-et-fils.fr\/electricienbeaune\/wp-content\/uploads\/sites\/179\/2021\/06\/logo-electricien-dijon-267x300.png 267w\" sizes=\"auto, (max-width: 531px) 100vw, 531px\" \/><br \/>\n\t\t\t<a href=\"tel:+33663739066\"><br \/>\n<P style=\"text-align:center\"><br \/>\n<img decoding=\"async\" src=\"https:\/\/leroy-et-fils.fr\/serrurierdijon\/wp-content\/uploads\/sites\/89\/2021\/05\/serrurierdijon.png\"><br \/>\n<\/a>\t\t<\/p>\n<h3>\u00a0<\/h3>\n<h3 style=\"text-align: center;\"><strong>Forfait D\u00e9pannage 80\u20ac<\/strong><\/h3>\n<p style=\"text-align: center;\">\u2713frais de d\u00e9placement,<\/p>\n<p>\u2713jusqu\u2019\u00e0 1h de main-d\u2019\u0153uvre,<\/p>\n<p>\u2713petites fournitures.<\/p>\n<figure>\n\t\t\t\t\t\t\t\t\t\t<img loading=\"lazy\" decoding=\"async\" width=\"225\" height=\"225\" src=\"https:\/\/leroy-et-fils.fr\/electricienbeaune\/wp-content\/uploads\/sites\/179\/2021\/05\/20-min.png\" alt=\"\" loading=\"lazy\" srcset=\"https:\/\/leroy-et-fils.fr\/electricienbeaune\/wp-content\/uploads\/sites\/179\/2021\/05\/20-min.png 225w, https:\/\/leroy-et-fils.fr\/electricienbeaune\/wp-content\/uploads\/sites\/179\/2021\/05\/20-min-80x80.png 80w\" sizes=\"auto, (max-width: 225px) 100vw, 225px\" \/><figcaption>Chez vous en moins de 20 minutes<\/figcaption><\/figure>\n<p>\t\t\t\t\t\t\t\t\t\t\t\t\t\t\t<img loading=\"lazy\" decoding=\"async\" width=\"800\" height=\"534\" src=\"https:\/\/leroy-et-fils.fr\/electricienbeaune\/wp-content\/uploads\/sites\/179\/2021\/06\/photo-electricien-dijon-1030x687.jpg\" alt=\"\" loading=\"lazy\" srcset=\"https:\/\/leroy-et-fils.fr\/electricienbeaune\/wp-content\/uploads\/sites\/179\/2021\/06\/photo-electricien-dijon-1030x687.jpg 1030w, https:\/\/leroy-et-fils.fr\/electricienbeaune\/wp-content\/uploads\/sites\/179\/2021\/06\/photo-electricien-dijon-300x200.jpg 300w, https:\/\/leroy-et-fils.fr\/electricienbeaune\/wp-content\/uploads\/sites\/179\/2021\/06\/photo-electricien-dijon-768x512.jpg 768w, https:\/\/leroy-et-fils.fr\/electricienbeaune\/wp-content\/uploads\/sites\/179\/2021\/06\/photo-electricien-dijon-1536x1024.jpg 1536w, https:\/\/leroy-et-fils.fr\/electricienbeaune\/wp-content\/uploads\/sites\/179\/2021\/06\/photo-electricien-dijon.jpg 1620w\" sizes=\"auto, (max-width: 800px) 100vw, 800px\" \/>\t\t\t\t\t\t\t\t\t\t\t\t\t\t\t<\/p>\n<p><b>Leroy<\/b><b> et Fils Electricien Beaune intervient 24h\/24 7j\/7 \u00e0 Beaune et sa r\u00e9gion. Nous sommes une entreprise sp\u00e9cialis\u00e9e en \u00e9lectricit\u00e9 g\u00e9n\u00e9rale et sommes la\u00a0 pour r\u00e9soudre tous vos probl\u00e8mes d&#8217;\u00e9lectricit\u00e9:<\/b><\/p>\n<ul>\n<li>panne \u00e9lectrique<\/li>\n<li>changement de prises<\/li>\n<li>changement d\u2019interrupteurs<\/li>\n<li>installation de tous luminaires int\u00e9rieures et ext\u00e9rieures<\/li>\n<li>remise aux normes de votre installation \u00e9lectrique<\/li>\n<li>chauffage \u00e9lectrique<\/li>\n<li>ventilation simple<\/li>\n<li>ventilation double flux<\/li>\n<li>autres demandes sur devis<\/li>\n<\/ul>\n<p><strong>Tous nos devis sont gratuits. Contactez Nous!<\/strong><\/p>\n<p>\t\t\t\t\t\t\t\t\t\t\t\t\t\t\t\t<a href=\"https:\/\/dijon.fr\/\"><br \/>\n\t\t\t\t\t\t\t<img loading=\"lazy\" decoding=\"async\" width=\"225\" height=\"225\" src=\"https:\/\/leroy-et-fils.fr\/electricienbeaune\/wp-content\/uploads\/sites\/179\/2021\/07\/logo-plombier-beaune.png\" alt=\"\" loading=\"lazy\" srcset=\"https:\/\/leroy-et-fils.fr\/electricienbeaune\/wp-content\/uploads\/sites\/179\/2021\/07\/logo-plombier-beaune.png 225w, https:\/\/leroy-et-fils.fr\/electricienbeaune\/wp-content\/uploads\/sites\/179\/2021\/07\/logo-plombier-beaune-80x80.png 80w\" sizes=\"auto, (max-width: 225px) 100vw, 225px\" \/>\t\t\t\t\t\t\t\t<\/a><\/p>\n<p><strong>Nous intervenons de jour comme de nuit \u00e0 Beaune et sa r\u00e9gion en moins de 20 minutes en cas d&#8217;urgence<\/strong><\/p>\n<ul>\n<li>Beaune<\/li>\n<li>20 Km autour de Beaune<\/li>\n<\/ul>\n<p>\t\t\t\t\t\t\t\t\t\t\t\t\t\t\t<img loading=\"lazy\" decoding=\"async\" width=\"600\" height=\"200\" src=\"https:\/\/leroy-et-fils.fr\/electricienbeaune\/wp-content\/uploads\/sites\/179\/2021\/06\/certification-electricien-dijon.jpg\" alt=\"\" loading=\"lazy\" srcset=\"https:\/\/leroy-et-fils.fr\/electricienbeaune\/wp-content\/uploads\/sites\/179\/2021\/06\/certification-electricien-dijon.jpg 600w, https:\/\/leroy-et-fils.fr\/electricienbeaune\/wp-content\/uploads\/sites\/179\/2021\/06\/certification-electricien-dijon-300x100.jpg 300w\" sizes=\"auto, (max-width: 600px) 100vw, 600px\" \/>\t\t\t\t\t\t\t\t\t\t\t\t\t\t\t<\/p>\n<p><strong>Nos tarifs:<\/strong><\/p>\n<ul>\n<li>d\u00e9placement : 30 euros TTC<\/li>\n<li>1 Heure de main d&#8217;\u0153uvre : 50 euros TTC<\/li>\n<li>mat\u00e9riel sur devis gratuit<\/li>\n<li><a href=\"https:\/\/leroy-et-fils.fr\/electricienbeaune\/nous-contacter\/\">devis gratuit<\/a><\/li>\n<\/ul>\n<p>Nos tarifs sont major\u00e9s de 50% \u00e0 partir de 20 heures et\u00a0le weekend.<\/p>\n<p>Toutes nos prestations sont r\u00e9alis\u00e9es par des professionnels qualifi\u00e9s et reconnus sur le march\u00e9.<\/p>\n<p>\t\t\t\t\t\t\t\t\t\t\t\t\t\t\t<img loading=\"lazy\" decoding=\"async\" width=\"278\" height=\"300\" src=\"https:\/\/leroy-et-fils.fr\/electricienbeaune\/wp-content\/uploads\/sites\/179\/2021\/05\/serrurier-dijon-garantie.jpg\" alt=\"\" loading=\"lazy\" \/><\/p>\n","protected":false},"excerpt":{"rendered":"<p>\u00a0 Forfait D\u00e9pannage 80\u20ac \u2713frais de d\u00e9placement, \u2713jusqu\u2019\u00e0 1h de main-d\u2019\u0153uvre, \u2713petites fournitures. Chez vous en moins de 20 minutes [&hellip;]<\/p>\n","protected":false},"author":1,"featured_media":0,"parent":0,"menu_order":0,"comment_status":"closed","ping_status":"closed","template":"","meta":{"site-sidebar-layout":"default","site-content-layout":"","ast-site-content-layout":"default","site-content-style":"default","site-sidebar-style":"default","ast-global-header-display":"","ast-banner-title-visibility":"","ast-main-header-display":"","ast-hfb-above-header-display":"","ast-hfb-below-header-display":"","ast-hfb-mobile-header-display":"","site-post-title":"","ast-breadcrumbs-content":"","ast-featured-img":"","footer-sml-layout":"","theme-transparent-header-meta":"","adv-header-id-meta":"","stick-header-meta":"","header-above-stick-meta":"","header-main-stick-meta":"","header-below-stick-meta":"","astra-migrate-meta-layouts":"default","ast-page-background-enabled":"default","ast-page-background-meta":{"desktop":{"background-color":"var(--ast-global-color-5)","background-image":"","background-repeat":"repeat","background-position":"center center","background-size":"auto","background-attachment":"scroll","background-type":"","background-media":"","overlay-type":"","overlay-color":"","overlay-opacity":"","overlay-gradient":""},"tablet":{"background-color":"","background-image":"","background-repeat":"repeat","background-position":"center center","background-size":"auto","background-attachment":"scroll","background-type":"","background-media":"","overlay-type":"","overlay-color":"","overlay-opacity":"","overlay-gradient":""},"mobile":{"background-color":"","background-image":"","background-repeat":"repeat","background-position":"center center","background-size":"auto","background-attachment":"scroll","background-type":"","background-media":"","overlay-type":"","overlay-color":"","overlay-opacity":"","overlay-gradient":""}},"ast-content-background-meta":{"desktop":{"background-color":"var(--ast-global-color-4)","background-image":"","background-repeat":"repeat","background-position":"center center","background-size":"auto","background-attachment":"scroll","background-type":"","background-media":"","overlay-type":"","overlay-color":"","overlay-opacity":"","overlay-gradient":""},"tablet":{"background-color":"var(--ast-global-color-4)","background-image":"","background-repeat":"repeat","background-position":"center center","background-size":"auto","background-attachment":"scroll","background-type":"","background-media":"","overlay-type":"","overlay-color":"","overlay-opacity":"","overlay-gradient":""},"mobile":{"background-color":"var(--ast-global-color-4)","background-image":"","background-repeat":"repeat","background-position":"center center","background-size":"auto","background-attachment":"scroll","background-type":"","background-media":"","overlay-type":"","overlay-color":"","overlay-opacity":"","overlay-gradient":""}},"footnotes":""},"class_list":["post-8","page","type-page","status-publish","hentry"],"yoast_head":"<!-- This site is optimized with the Yoast SEO plugin v27.5 - https:\/\/yoast.com\/product\/yoast-seo-wordpress\/ -->\n<title>Electricien Beaune - \u00e9lectricien beaune<\/title>\n<meta name=\"robots\" content=\"index, follow, max-snippet:-1, max-image-preview:large, max-video-preview:-1\" \/>\n<link rel=\"canonical\" href=\"https:\/\/leroy-et-fils.fr\/electricienbeaune\/\" \/>\n<meta property=\"og:locale\" content=\"fr_FR\" \/>\n<meta property=\"og:type\" content=\"article\" \/>\n<meta property=\"og:title\" content=\"Electricien Beaune - \u00e9lectricien beaune\" \/>\n<meta property=\"og:description\" content=\"\u00a0 Forfait D\u00e9pannage 80\u20ac \u2713frais de d\u00e9placement, \u2713jusqu\u2019\u00e0 1h de main-d\u2019\u0153uvre, \u2713petites fournitures. Chez vous en moins de 20 minutes [&hellip;]\" \/>\n<meta property=\"og:url\" content=\"https:\/\/leroy-et-fils.fr\/electricienbeaune\/\" \/>\n<meta property=\"og:site_name\" content=\"\u00e9lectricien beaune\" \/>\n<meta property=\"article:modified_time\" content=\"2021-07-19T13:32:01+00:00\" \/>\n<meta property=\"og:image\" content=\"https:\/\/leroy-et-fils.fr\/electricienbeaune\/wp-content\/uploads\/sites\/179\/2021\/06\/logo-electricien-dijon.png\" \/>\n<meta name=\"twitter:card\" content=\"summary_large_image\" \/>\n<meta name=\"twitter:label1\" content=\"Dur\u00e9e de lecture estim\u00e9e\" \/>\n\t<meta name=\"twitter:data1\" content=\"1 minute\" \/>\n<script type=\"application\/ld+json\" class=\"yoast-schema-graph\">{\"@context\":\"https:\\\/\\\/schema.org\",\"@graph\":[{\"@type\":\"WebPage\",\"@id\":\"https:\\\/\\\/leroy-et-fils.fr\\\/electricienbeaune\\\/\",\"url\":\"https:\\\/\\\/leroy-et-fils.fr\\\/electricienbeaune\\\/\",\"name\":\"Electricien Beaune - \u00e9lectricien beaune\",\"isPartOf\":{\"@id\":\"https:\\\/\\\/leroy-et-fils.fr\\\/electricienbeaune\\\/#website\"},\"primaryImageOfPage\":{\"@id\":\"https:\\\/\\\/leroy-et-fils.fr\\\/electricienbeaune\\\/#primaryimage\"},\"image\":{\"@id\":\"https:\\\/\\\/leroy-et-fils.fr\\\/electricienbeaune\\\/#primaryimage\"},\"thumbnailUrl\":\"https:\\\/\\\/leroy-et-fils.fr\\\/electricienbeaune\\\/wp-content\\\/uploads\\\/sites\\\/179\\\/2021\\\/06\\\/logo-electricien-dijon.png\",\"datePublished\":\"2016-07-27T20:44:20+00:00\",\"dateModified\":\"2021-07-19T13:32:01+00:00\",\"breadcrumb\":{\"@id\":\"https:\\\/\\\/leroy-et-fils.fr\\\/electricienbeaune\\\/#breadcrumb\"},\"inLanguage\":\"fr-FR\",\"potentialAction\":[{\"@type\":\"ReadAction\",\"target\":[\"https:\\\/\\\/leroy-et-fils.fr\\\/electricienbeaune\\\/\"]}]},{\"@type\":\"ImageObject\",\"inLanguage\":\"fr-FR\",\"@id\":\"https:\\\/\\\/leroy-et-fils.fr\\\/electricienbeaune\\\/#primaryimage\",\"url\":\"https:\\\/\\\/leroy-et-fils.fr\\\/electricienbeaune\\\/wp-content\\\/uploads\\\/sites\\\/179\\\/2021\\\/06\\\/logo-electricien-dijon.png\",\"contentUrl\":\"https:\\\/\\\/leroy-et-fils.fr\\\/electricienbeaune\\\/wp-content\\\/uploads\\\/sites\\\/179\\\/2021\\\/06\\\/logo-electricien-dijon.png\"},{\"@type\":\"BreadcrumbList\",\"@id\":\"https:\\\/\\\/leroy-et-fils.fr\\\/electricienbeaune\\\/#breadcrumb\",\"itemListElement\":[{\"@type\":\"ListItem\",\"position\":1,\"name\":\"Accueil\",\"item\":\"https:\\\/\\\/leroy-et-fils.fr\\\/electricienbeaune\\\/\"},{\"@type\":\"ListItem\",\"position\":2,\"name\":\"Electricien Beaune\"}]},{\"@type\":\"WebSite\",\"@id\":\"https:\\\/\\\/leroy-et-fils.fr\\\/electricienbeaune\\\/#website\",\"url\":\"https:\\\/\\\/leroy-et-fils.fr\\\/electricienbeaune\\\/\",\"name\":\"\u00e9lectricien beaune\",\"description\":\"\u00e9lectricien Dijon 0663739066 d\u00e9pannage et r\u00e9paration\",\"potentialAction\":[{\"@type\":\"SearchAction\",\"target\":{\"@type\":\"EntryPoint\",\"urlTemplate\":\"https:\\\/\\\/leroy-et-fils.fr\\\/electricienbeaune\\\/?s={search_term_string}\"},\"query-input\":{\"@type\":\"PropertyValueSpecification\",\"valueRequired\":true,\"valueName\":\"search_term_string\"}}],\"inLanguage\":\"fr-FR\"}]}<\/script>\n<!-- \/ Yoast SEO plugin. -->","yoast_head_json":{"title":"Electricien Beaune - \u00e9lectricien beaune","robots":{"index":"index","follow":"follow","max-snippet":"max-snippet:-1","max-image-preview":"max-image-preview:large","max-video-preview":"max-video-preview:-1"},"canonical":"https:\/\/leroy-et-fils.fr\/electricienbeaune\/","og_locale":"fr_FR","og_type":"article","og_title":"Electricien Beaune - \u00e9lectricien beaune","og_description":"\u00a0 Forfait D\u00e9pannage 80\u20ac \u2713frais de d\u00e9placement, \u2713jusqu\u2019\u00e0 1h de main-d\u2019\u0153uvre, \u2713petites fournitures. Chez vous en moins de 20 minutes [&hellip;]","og_url":"https:\/\/leroy-et-fils.fr\/electricienbeaune\/","og_site_name":"\u00e9lectricien beaune","article_modified_time":"2021-07-19T13:32:01+00:00","og_image":[{"url":"https:\/\/leroy-et-fils.fr\/electricienbeaune\/wp-content\/uploads\/sites\/179\/2021\/06\/logo-electricien-dijon.png","type":"","width":"","height":""}],"twitter_card":"summary_large_image","twitter_misc":{"Dur\u00e9e de lecture estim\u00e9e":"1 minute"},"schema":{"@context":"https:\/\/schema.org","@graph":[{"@type":"WebPage","@id":"https:\/\/leroy-et-fils.fr\/electricienbeaune\/","url":"https:\/\/leroy-et-fils.fr\/electricienbeaune\/","name":"Electricien Beaune - \u00e9lectricien beaune","isPartOf":{"@id":"https:\/\/leroy-et-fils.fr\/electricienbeaune\/#website"},"primaryImageOfPage":{"@id":"https:\/\/leroy-et-fils.fr\/electricienbeaune\/#primaryimage"},"image":{"@id":"https:\/\/leroy-et-fils.fr\/electricienbeaune\/#primaryimage"},"thumbnailUrl":"https:\/\/leroy-et-fils.fr\/electricienbeaune\/wp-content\/uploads\/sites\/179\/2021\/06\/logo-electricien-dijon.png","datePublished":"2016-07-27T20:44:20+00:00","dateModified":"2021-07-19T13:32:01+00:00","breadcrumb":{"@id":"https:\/\/leroy-et-fils.fr\/electricienbeaune\/#breadcrumb"},"inLanguage":"fr-FR","potentialAction":[{"@type":"ReadAction","target":["https:\/\/leroy-et-fils.fr\/electricienbeaune\/"]}]},{"@type":"ImageObject","inLanguage":"fr-FR","@id":"https:\/\/leroy-et-fils.fr\/electricienbeaune\/#primaryimage","url":"https:\/\/leroy-et-fils.fr\/electricienbeaune\/wp-content\/uploads\/sites\/179\/2021\/06\/logo-electricien-dijon.png","contentUrl":"https:\/\/leroy-et-fils.fr\/electricienbeaune\/wp-content\/uploads\/sites\/179\/2021\/06\/logo-electricien-dijon.png"},{"@type":"BreadcrumbList","@id":"https:\/\/leroy-et-fils.fr\/electricienbeaune\/#breadcrumb","itemListElement":[{"@type":"ListItem","position":1,"name":"Accueil","item":"https:\/\/leroy-et-fils.fr\/electricienbeaune\/"},{"@type":"ListItem","position":2,"name":"Electricien Beaune"}]},{"@type":"WebSite","@id":"https:\/\/leroy-et-fils.fr\/electricienbeaune\/#website","url":"https:\/\/leroy-et-fils.fr\/electricienbeaune\/","name":"\u00e9lectricien beaune","description":"\u00e9lectricien Dijon 0663739066 d\u00e9pannage et r\u00e9paration","potentialAction":[{"@type":"SearchAction","target":{"@type":"EntryPoint","urlTemplate":"https:\/\/leroy-et-fils.fr\/electricienbeaune\/?s={search_term_string}"},"query-input":{"@type":"PropertyValueSpecification","valueRequired":true,"valueName":"search_term_string"}}],"inLanguage":"fr-FR"}]}},"_links":{"self":[{"href":"https:\/\/leroy-et-fils.fr\/electricienbeaune\/wp-json\/wp\/v2\/pages\/8","targetHints":{"allow":["GET"]}}],"collection":[{"href":"https:\/\/leroy-et-fils.fr\/electricienbeaune\/wp-json\/wp\/v2\/pages"}],"about":[{"href":"https:\/\/leroy-et-fils.fr\/electricienbeaune\/wp-json\/wp\/v2\/types\/page"}],"author":[{"embeddable":true,"href":"https:\/\/leroy-et-fils.fr\/electricienbeaune\/wp-json\/wp\/v2\/users\/1"}],"replies":[{"embeddable":true,"href":"https:\/\/leroy-et-fils.fr\/electricienbeaune\/wp-json\/wp\/v2\/comments?post=8"}],"version-history":[{"count":405,"href":"https:\/\/leroy-et-fils.fr\/electricienbeaune\/wp-json\/wp\/v2\/pages\/8\/revisions"}],"predecessor-version":[{"id":563,"href":"https:\/\/leroy-et-fils.fr\/electricienbeaune\/wp-json\/wp\/v2\/pages\/8\/revisions\/563"}],"wp:attachment":[{"href":"https:\/\/leroy-et-fils.fr\/electricienbeaune\/wp-json\/wp\/v2\/media?parent=8"}],"curies":[{"name":"wp","href":"https:\/\/api.w.org\/{rel}","templated":true}]}}