{"id":140,"date":"2016-12-07T22:44:26","date_gmt":"2016-12-07T21:44:26","guid":{"rendered":"http:\/\/leroy-et-fils.fr\/leroy-et-fils-3\/?page_id=140"},"modified":"2021-07-19T15:23:28","modified_gmt":"2021-07-19T13:23:28","slug":"nous-contacter","status":"publish","type":"page","link":"https:\/\/leroy-et-fils.fr\/electricienbeaune\/nous-contacter\/","title":{"rendered":"Nous contacter"},"content":{"rendered":"<p><strong>Leroy et Fils (DKB) &#8211; Electricit\u00e9 G\u00e9n\u00e9rale<\/strong><\/p>\n<p>Siret 813398138000012<\/p>\n<p>Ouverture 24h24 7j\/7<\/p>\n<p>0663739066<\/p>\n<p>\t\t\t\t\t\t\t\t\t\t\t\t\t\t\t<img loading=\"lazy\" decoding=\"async\" width=\"800\" height=\"450\" src=\"https:\/\/leroy-et-fils.fr\/elcetricienbeaune\/wp-content\/uploads\/sites\/179\/2021\/06\/contact-electricien-dijon-1030x579.jpg\" alt=\"\" loading=\"lazy\" srcset=\"https:\/\/leroy-et-fils.fr\/elcetricienbeaune\/wp-content\/uploads\/sites\/179\/2021\/06\/contact-electricien-dijon-1030x579.jpg 1030w, https:\/\/leroy-et-fils.fr\/elcetricienbeaune\/wp-content\/uploads\/sites\/179\/2021\/06\/contact-electricien-dijon-300x169.jpg 300w, https:\/\/leroy-et-fils.fr\/elcetricienbeaune\/wp-content\/uploads\/sites\/179\/2021\/06\/contact-electricien-dijon-768x432.jpg 768w, https:\/\/leroy-et-fils.fr\/elcetricienbeaune\/wp-content\/uploads\/sites\/179\/2021\/06\/contact-electricien-dijon.jpg 1280w\" sizes=\"auto, (max-width: 800px) 100vw, 800px\" \/>\t\t\t\t\t\t\t\t\t\t\t\t\t\t\t<\/p>\n\n<div class=\"wpcf7 no-js\" id=\"wpcf7-f144-o1\" lang=\"\" dir=\"ltr\">\n<div class=\"screen-reader-response\"><p role=\"status\" aria-live=\"polite\" aria-atomic=\"true\"><\/p> <ul><\/ul><\/div>\n<form action=\"\/electricienbeaune\/wp-json\/wp\/v2\/pages\/140#wpcf7-f144-o1\" method=\"post\" class=\"wpcf7-form init\" aria-label=\"Formulaire de contact\" novalidate=\"novalidate\" data-status=\"init\">\n<div style=\"display: none;\">\n<input type=\"hidden\" name=\"_wpcf7\" value=\"144\" \/>\n<input type=\"hidden\" name=\"_wpcf7_version\" value=\"5.7.5.1\" \/>\n<input type=\"hidden\" name=\"_wpcf7_locale\" value=\"\" \/>\n<input type=\"hidden\" name=\"_wpcf7_unit_tag\" value=\"wpcf7-f144-o1\" \/>\n<input type=\"hidden\" name=\"_wpcf7_container_post\" value=\"0\" \/>\n<input type=\"hidden\" name=\"_wpcf7_posted_data_hash\" value=\"\" \/>\n<\/div>\n<div class=\"wpcf7-response-output\" aria-hidden=\"true\"><\/div>\n<\/form>\n<\/div>\n\n<p>\t\t\t<a href=\"tel:+33663739066\"><br \/>\n<P style=\"text-align:center\"><br \/>\n<img decoding=\"async\" src=\"https:\/\/leroy-et-fils.fr\/serrurierdijon\/wp-content\/uploads\/sites\/89\/2021\/05\/serrurierdijon.png\"><br \/>\n<\/a><\/p>\n","protected":false},"excerpt":{"rendered":"<p>Leroy et Fils (DKB) &#8211; Electricit\u00e9 G\u00e9n\u00e9rale Siret 813398138000012 Ouverture 24h24 7j\/7 0663739066<\/p>\n","protected":false},"author":1,"featured_media":0,"parent":0,"menu_order":0,"comment_status":"closed","ping_status":"closed","template":"","meta":{"site-sidebar-layout":"default","site-content-layout":"","ast-site-content-layout":"default","site-content-style":"default","site-sidebar-style":"default","ast-global-header-display":"","ast-banner-title-visibility":"","ast-main-header-display":"","ast-hfb-above-header-display":"","ast-hfb-below-header-display":"","ast-hfb-mobile-header-display":"","site-post-title":"","ast-breadcrumbs-content":"","ast-featured-img":"","footer-sml-layout":"","theme-transparent-header-meta":"","adv-header-id-meta":"","stick-header-meta":"","header-above-stick-meta":"","header-main-stick-meta":"","header-below-stick-meta":"","astra-migrate-meta-layouts":"default","ast-page-background-enabled":"default","ast-page-background-meta":{"desktop":{"background-color":"var(--ast-global-color-5)","background-image":"","background-repeat":"repeat","background-position":"center center","background-size":"auto","background-attachment":"scroll","background-type":"","background-media":"","overlay-type":"","overlay-color":"","overlay-opacity":"","overlay-gradient":""},"tablet":{"background-color":"","background-image":"","background-repeat":"repeat","background-position":"center center","background-size":"auto","background-attachment":"scroll","background-type":"","background-media":"","overlay-type":"","overlay-color":"","overlay-opacity":"","overlay-gradient":""},"mobile":{"background-color":"","background-image":"","background-repeat":"repeat","background-position":"center center","background-size":"auto","background-attachment":"scroll","background-type":"","background-media":"","overlay-type":"","overlay-color":"","overlay-opacity":"","overlay-gradient":""}},"ast-content-background-meta":{"desktop":{"background-color":"var(--ast-global-color-4)","background-image":"","background-repeat":"repeat","background-position":"center center","background-size":"auto","background-attachment":"scroll","background-type":"","background-media":"","overlay-type":"","overlay-color":"","overlay-opacity":"","overlay-gradient":""},"tablet":{"background-color":"var(--ast-global-color-4)","background-image":"","background-repeat":"repeat","background-position":"center center","background-size":"auto","background-attachment":"scroll","background-type":"","background-media":"","overlay-type":"","overlay-color":"","overlay-opacity":"","overlay-gradient":""},"mobile":{"background-color":"var(--ast-global-color-4)","background-image":"","background-repeat":"repeat","background-position":"center center","background-size":"auto","background-attachment":"scroll","background-type":"","background-media":"","overlay-type":"","overlay-color":"","overlay-opacity":"","overlay-gradient":""}},"footnotes":""},"class_list":["post-140","page","type-page","status-publish","hentry"],"yoast_head":"<!-- This site is optimized with the Yoast SEO plugin v27.5 - https:\/\/yoast.com\/product\/yoast-seo-wordpress\/ -->\n<title>Nous contacter - \u00e9lectricien beaune<\/title>\n<meta name=\"robots\" content=\"index, follow, max-snippet:-1, max-image-preview:large, max-video-preview:-1\" \/>\n<link rel=\"canonical\" href=\"https:\/\/leroy-et-fils.fr\/electricienbeaune\/nous-contacter\/\" \/>\n<meta property=\"og:locale\" content=\"fr_FR\" \/>\n<meta property=\"og:type\" content=\"article\" \/>\n<meta property=\"og:title\" content=\"Nous contacter - \u00e9lectricien beaune\" \/>\n<meta property=\"og:description\" content=\"Leroy et Fils (DKB) &#8211; Electricit\u00e9 G\u00e9n\u00e9rale Siret 813398138000012 Ouverture 24h24 7j\/7 0663739066\" \/>\n<meta property=\"og:url\" content=\"https:\/\/leroy-et-fils.fr\/electricienbeaune\/nous-contacter\/\" \/>\n<meta property=\"og:site_name\" content=\"\u00e9lectricien beaune\" \/>\n<meta property=\"article:modified_time\" content=\"2021-07-19T13:23:28+00:00\" \/>\n<meta property=\"og:image\" content=\"https:\/\/leroy-et-fils.fr\/elcetricienbeaune\/wp-content\/uploads\/sites\/179\/2021\/06\/contact-electricien-dijon-1030x579.jpg\" \/>\n<meta name=\"twitter:card\" content=\"summary_large_image\" \/>\n<script type=\"application\/ld+json\" class=\"yoast-schema-graph\">{\"@context\":\"https:\\\/\\\/schema.org\",\"@graph\":[{\"@type\":\"WebPage\",\"@id\":\"https:\\\/\\\/leroy-et-fils.fr\\\/electricienbeaune\\\/nous-contacter\\\/\",\"url\":\"https:\\\/\\\/leroy-et-fils.fr\\\/electricienbeaune\\\/nous-contacter\\\/\",\"name\":\"Nous contacter - \u00e9lectricien beaune\",\"isPartOf\":{\"@id\":\"https:\\\/\\\/leroy-et-fils.fr\\\/electricienbeaune\\\/#website\"},\"primaryImageOfPage\":{\"@id\":\"https:\\\/\\\/leroy-et-fils.fr\\\/electricienbeaune\\\/nous-contacter\\\/#primaryimage\"},\"image\":{\"@id\":\"https:\\\/\\\/leroy-et-fils.fr\\\/electricienbeaune\\\/nous-contacter\\\/#primaryimage\"},\"thumbnailUrl\":\"https:\\\/\\\/leroy-et-fils.fr\\\/elcetricienbeaune\\\/wp-content\\\/uploads\\\/sites\\\/179\\\/2021\\\/06\\\/contact-electricien-dijon-1030x579.jpg\",\"datePublished\":\"2016-12-07T21:44:26+00:00\",\"dateModified\":\"2021-07-19T13:23:28+00:00\",\"breadcrumb\":{\"@id\":\"https:\\\/\\\/leroy-et-fils.fr\\\/electricienbeaune\\\/nous-contacter\\\/#breadcrumb\"},\"inLanguage\":\"fr-FR\",\"potentialAction\":[{\"@type\":\"ReadAction\",\"target\":[\"https:\\\/\\\/leroy-et-fils.fr\\\/electricienbeaune\\\/nous-contacter\\\/\"]}]},{\"@type\":\"ImageObject\",\"inLanguage\":\"fr-FR\",\"@id\":\"https:\\\/\\\/leroy-et-fils.fr\\\/electricienbeaune\\\/nous-contacter\\\/#primaryimage\",\"url\":\"https:\\\/\\\/leroy-et-fils.fr\\\/elcetricienbeaune\\\/wp-content\\\/uploads\\\/sites\\\/179\\\/2021\\\/06\\\/contact-electricien-dijon-1030x579.jpg\",\"contentUrl\":\"https:\\\/\\\/leroy-et-fils.fr\\\/elcetricienbeaune\\\/wp-content\\\/uploads\\\/sites\\\/179\\\/2021\\\/06\\\/contact-electricien-dijon-1030x579.jpg\"},{\"@type\":\"BreadcrumbList\",\"@id\":\"https:\\\/\\\/leroy-et-fils.fr\\\/electricienbeaune\\\/nous-contacter\\\/#breadcrumb\",\"itemListElement\":[{\"@type\":\"ListItem\",\"position\":1,\"name\":\"Accueil\",\"item\":\"https:\\\/\\\/leroy-et-fils.fr\\\/electricienbeaune\\\/\"},{\"@type\":\"ListItem\",\"position\":2,\"name\":\"Nous contacter\"}]},{\"@type\":\"WebSite\",\"@id\":\"https:\\\/\\\/leroy-et-fils.fr\\\/electricienbeaune\\\/#website\",\"url\":\"https:\\\/\\\/leroy-et-fils.fr\\\/electricienbeaune\\\/\",\"name\":\"\u00e9lectricien beaune\",\"description\":\"\u00e9lectricien Dijon 0663739066 d\u00e9pannage et r\u00e9paration\",\"potentialAction\":[{\"@type\":\"SearchAction\",\"target\":{\"@type\":\"EntryPoint\",\"urlTemplate\":\"https:\\\/\\\/leroy-et-fils.fr\\\/electricienbeaune\\\/?s={search_term_string}\"},\"query-input\":{\"@type\":\"PropertyValueSpecification\",\"valueRequired\":true,\"valueName\":\"search_term_string\"}}],\"inLanguage\":\"fr-FR\"}]}<\/script>\n<!-- \/ Yoast SEO plugin. -->","yoast_head_json":{"title":"Nous contacter - \u00e9lectricien beaune","robots":{"index":"index","follow":"follow","max-snippet":"max-snippet:-1","max-image-preview":"max-image-preview:large","max-video-preview":"max-video-preview:-1"},"canonical":"https:\/\/leroy-et-fils.fr\/electricienbeaune\/nous-contacter\/","og_locale":"fr_FR","og_type":"article","og_title":"Nous contacter - \u00e9lectricien beaune","og_description":"Leroy et Fils (DKB) &#8211; Electricit\u00e9 G\u00e9n\u00e9rale Siret 813398138000012 Ouverture 24h24 7j\/7 0663739066","og_url":"https:\/\/leroy-et-fils.fr\/electricienbeaune\/nous-contacter\/","og_site_name":"\u00e9lectricien beaune","article_modified_time":"2021-07-19T13:23:28+00:00","og_image":[{"url":"https:\/\/leroy-et-fils.fr\/elcetricienbeaune\/wp-content\/uploads\/sites\/179\/2021\/06\/contact-electricien-dijon-1030x579.jpg","type":"","width":"","height":""}],"twitter_card":"summary_large_image","schema":{"@context":"https:\/\/schema.org","@graph":[{"@type":"WebPage","@id":"https:\/\/leroy-et-fils.fr\/electricienbeaune\/nous-contacter\/","url":"https:\/\/leroy-et-fils.fr\/electricienbeaune\/nous-contacter\/","name":"Nous contacter - \u00e9lectricien beaune","isPartOf":{"@id":"https:\/\/leroy-et-fils.fr\/electricienbeaune\/#website"},"primaryImageOfPage":{"@id":"https:\/\/leroy-et-fils.fr\/electricienbeaune\/nous-contacter\/#primaryimage"},"image":{"@id":"https:\/\/leroy-et-fils.fr\/electricienbeaune\/nous-contacter\/#primaryimage"},"thumbnailUrl":"https:\/\/leroy-et-fils.fr\/elcetricienbeaune\/wp-content\/uploads\/sites\/179\/2021\/06\/contact-electricien-dijon-1030x579.jpg","datePublished":"2016-12-07T21:44:26+00:00","dateModified":"2021-07-19T13:23:28+00:00","breadcrumb":{"@id":"https:\/\/leroy-et-fils.fr\/electricienbeaune\/nous-contacter\/#breadcrumb"},"inLanguage":"fr-FR","potentialAction":[{"@type":"ReadAction","target":["https:\/\/leroy-et-fils.fr\/electricienbeaune\/nous-contacter\/"]}]},{"@type":"ImageObject","inLanguage":"fr-FR","@id":"https:\/\/leroy-et-fils.fr\/electricienbeaune\/nous-contacter\/#primaryimage","url":"https:\/\/leroy-et-fils.fr\/elcetricienbeaune\/wp-content\/uploads\/sites\/179\/2021\/06\/contact-electricien-dijon-1030x579.jpg","contentUrl":"https:\/\/leroy-et-fils.fr\/elcetricienbeaune\/wp-content\/uploads\/sites\/179\/2021\/06\/contact-electricien-dijon-1030x579.jpg"},{"@type":"BreadcrumbList","@id":"https:\/\/leroy-et-fils.fr\/electricienbeaune\/nous-contacter\/#breadcrumb","itemListElement":[{"@type":"ListItem","position":1,"name":"Accueil","item":"https:\/\/leroy-et-fils.fr\/electricienbeaune\/"},{"@type":"ListItem","position":2,"name":"Nous contacter"}]},{"@type":"WebSite","@id":"https:\/\/leroy-et-fils.fr\/electricienbeaune\/#website","url":"https:\/\/leroy-et-fils.fr\/electricienbeaune\/","name":"\u00e9lectricien beaune","description":"\u00e9lectricien Dijon 0663739066 d\u00e9pannage et r\u00e9paration","potentialAction":[{"@type":"SearchAction","target":{"@type":"EntryPoint","urlTemplate":"https:\/\/leroy-et-fils.fr\/electricienbeaune\/?s={search_term_string}"},"query-input":{"@type":"PropertyValueSpecification","valueRequired":true,"valueName":"search_term_string"}}],"inLanguage":"fr-FR"}]}},"_links":{"self":[{"href":"https:\/\/leroy-et-fils.fr\/electricienbeaune\/wp-json\/wp\/v2\/pages\/140","targetHints":{"allow":["GET"]}}],"collection":[{"href":"https:\/\/leroy-et-fils.fr\/electricienbeaune\/wp-json\/wp\/v2\/pages"}],"about":[{"href":"https:\/\/leroy-et-fils.fr\/electricienbeaune\/wp-json\/wp\/v2\/types\/page"}],"author":[{"embeddable":true,"href":"https:\/\/leroy-et-fils.fr\/electricienbeaune\/wp-json\/wp\/v2\/users\/1"}],"replies":[{"embeddable":true,"href":"https:\/\/leroy-et-fils.fr\/electricienbeaune\/wp-json\/wp\/v2\/comments?post=140"}],"version-history":[{"count":44,"href":"https:\/\/leroy-et-fils.fr\/electricienbeaune\/wp-json\/wp\/v2\/pages\/140\/revisions"}],"predecessor-version":[{"id":560,"href":"https:\/\/leroy-et-fils.fr\/electricienbeaune\/wp-json\/wp\/v2\/pages\/140\/revisions\/560"}],"wp:attachment":[{"href":"https:\/\/leroy-et-fils.fr\/electricienbeaune\/wp-json\/wp\/v2\/media?parent=140"}],"curies":[{"name":"wp","href":"https:\/\/api.w.org\/{rel}","templated":true}]}}