{"id":515,"date":"2016-07-27T22:44:20","date_gmt":"2016-07-27T20:44:20","guid":{"rendered":"http:\/\/leroy-et-fils.fr\/leroy-et-fils-3\/?page_id=8"},"modified":"2020-12-13T20:07:36","modified_gmt":"2020-12-13T19:07:36","slug":"electricien-a-dijon","status":"publish","type":"page","link":"https:\/\/leroy-et-fils.fr\/dijonelectricite\/electricien-a-dijon\/","title":{"rendered":"Electricien \u00e0 Dijon"},"content":{"rendered":"<p>[vc_row][vc_column][vc_column_text]<\/p>\n<p>[rev_slider alias=&#8221;maleuvre&#8221;][\/rev_slider][\/vc_column_text][\/vc_column][\/vc_row][vc_row][vc_column width=&#8221;1\/2&#8243;][vc_custom_heading text=&#8221;Electricien a Dijon 7\/7 24h24&#8243; font_container=&#8221;tag:h2|text_align:center|color:%23ffffff&#8221; google_fonts=&#8221;font_family:Coda%3Aregular%2C800|font_style:400%20regular%3A400%3Anormal&#8221; css=&#8221;.vc_custom_1601051613405{padding-top: 10px !important;padding-right: 10px !important;padding-bottom: 10px !important;padding-left: 10px !important;background-color: #5aa1e3 !important;}&#8221;][vc_column_text][av_iconlist position=&#8217;left&#8217;]<br \/>\n[av_iconlist_item title=&#8217;<span style=\"color: #ff0000;\">FORFAIT DEPANNAGE 80 \u20ac HT<\/span> &#8216; link\u00a0=&#8221; linktarget=&#8217;no&#8217; linkelement=&#8221; icon=&#8217;43&#8217;]<br \/>\nForfait d\u00e9pannage = Frais de d\u00e9placement + 1 heure de main d&#8217;\u0153uvre + 5 \u20ac de petites fournitures.<br \/>\n[\/av_iconlist_item]<br \/>\n[av_iconlist_item title=&#8217;Une panne \u00e9lectrique?&#8217; link=&#8221; linktarget=&#8217;no&#8217; linkelement=&#8221; icon=&#8217;43&#8217;]<br \/>\n<span style=\"color: #005000; font-family: 'Open Sans','HelveticaNeue','Helvetica Neue',Helvetica,Arial,sans-serif; font-size: small;\">Nous d\u00e9terminons l&#8217;origine de la panne et rempla\u00e7ons l&#8217;appareillage \u00e9lectrique d\u00e9fectueux.<\/span><br \/>\n[\/av_iconlist_item]<\/p>\n<p>[av_iconlist_item title=&#8217;Electricit\u00e9 G\u00e9n\u00e9rale&#8217; link=&#8221; linktarget=&#8217;no&#8217; linkelement=&#8221; icon=&#8217;43&#8217;]<br \/>\n<span style=\"font-family: 'Play',sans-serif; font-size: small;\">Prise \u00e9lectrique, interrupteur, \u00e9clairage int\u00e9rieur et ext\u00e9rieur, mise aux normes\u00a0<\/span><br \/>\n[\/av_iconlist_item]<br \/>\n[\/av_iconlist][\/vc_column_text][\/vc_column][vc_column width=&#8221;1\/2&#8243;][vc_single_image image=&#8221;572&#8243; img_size=&#8221;full&#8221;][\/vc_column][\/vc_row][vc_row][vc_column width=&#8221;1\/3&#8243;][vc_icon type=&#8221;entypo&#8221; icon_entypo=&#8221;entypo-icon entypo-icon-gauge&#8221; color=&#8221;white&#8221; background_style=&#8221;boxed&#8221; background_color=&#8221;sky&#8221; size=&#8221;lg&#8221; align=&#8221;center&#8221;][vc_custom_heading text=&#8221;R\u00e9activit\u00e9&#8221; font_container=&#8221;tag:h4|text_align:center&#8221; use_theme_fonts=&#8221;yes&#8221;][vc_column_text]<\/p>\n<p style=\"text-align: center;\">Nous nous engageons\u00a0\u00e0 intervenir chez vous dans les\u00a02 heures\u00a0qui suivent votre appel t\u00e9l\u00e9phonique.<\/p>\n<p>[\/vc_column_text][\/vc_column][vc_column width=&#8221;1\/3&#8243;][vc_icon icon_fontawesome=&#8221;fa fa-thumbs-o-up&#8221; color=&#8221;white&#8221; background_style=&#8221;boxed&#8221; background_color=&#8221;sky&#8221; size=&#8221;lg&#8221; align=&#8221;center&#8221;][vc_custom_heading text=&#8221;Disponibilit\u00e9 24h\/24, 365j par an&#8221; font_container=&#8221;tag:h4|text_align:center&#8221; use_theme_fonts=&#8221;yes&#8221;][vc_column_text]<\/p>\n<p style=\"text-align: center;\">Nous r\u00e9pondons \u00e0 vos appels 24h\/24 tous les jours de l&#8217;ann\u00e9e gr\u00e2ce \u00e0 notre permanence urgence \u00e9lectricit\u00e9.<\/p>\n<p>[\/vc_column_text][\/vc_column][vc_column width=&#8221;1\/3&#8243;][vc_icon type=&#8221;entypo&#8221; icon_entypo=&#8221;entypo-icon entypo-icon-check&#8221; color=&#8221;white&#8221; background_style=&#8221;boxed&#8221; background_color=&#8221;sky&#8221; size=&#8221;lg&#8221; align=&#8221;center&#8221;][vc_custom_heading text=&#8221;Artisan Responsable&#8221; font_container=&#8221;tag:h4|text_align:center&#8221; use_theme_fonts=&#8221;yes&#8221;][vc_column_text]<\/p>\n<p style=\"text-align: center;\">Les travaux que nous menons respectent les normes en vigueur\u00a0en termes de consommation \u00e9nerg\u00e9tique et d&#8217;environnement.<\/p>\n<p>[\/vc_column_text][\/vc_column][\/vc_row][vc_row][vc_column][vc_empty_space][\/vc_column][\/vc_row][vc_row][vc_column width=&#8221;1\/2&#8243;][vc_single_image image=&#8221;523&#8243; img_size=&#8221;full&#8221;][vc_column_text]Avec\u00a0Nous, pas de mauvaise surprise :<\/p>\n<ol>\n<li>\u00a0 \u00a0 \u00a0 \u00a0 \u00a0 Vous communiquez votre num\u00e9ro de t\u00e9l\u00e9phone au standard<\/li>\n<li>\u00a0\u00a0\u00a0\u00a0\u00a0\u00a0\u00a0\u00a0\u00a0 Un technicien dipl\u00f4m\u00e9 vous rappelle imm\u00e9diatement et vous indique (si besoin) les premi\u00e8res consignes de s\u00e9curit\u00e9 \u00e0 respecter<\/li>\n<li>\u00a0\u00a0\u00a0\u00a0\u00a0\u00a0\u00a0\u00a0\u00a0 Un rendez-vous est fix\u00e9 \u00e0 votre convenance (sauf en cas d\u2019urgence ou l\u2019intervention est imm\u00e9diate)<\/li>\n<li>\u00a0\u00a0\u00a0\u00a0\u00a0\u00a0\u00a0\u00a0\u00a0 Le technicien se d\u00e9place \u00e0 votre domicile et \u00e9tablit un devis<\/li>\n<li>\u00a0\u00a0\u00a0\u00a0\u00a0\u00a0\u00a0\u00a0\u00a0 Vous signez le devis, les travaux peuvent commencer<\/li>\n<li>\u00a0\u00a0\u00a0\u00a0\u00a0\u00a0\u00a0\u00a0\u00a0 Le technicien assure un travail de qualit\u00e9 en respectant la propret\u00e9 des lieus<\/li>\n<li>\u00a0\u00a0\u00a0\u00a0\u00a0\u00a0\u00a0\u00a0\u00a0 Les travaux sont termin\u00e9s, vous r\u00e9glez la facture en ch\u00e8que ou en esp\u00e8ces<\/li>\n<\/ol>\n<p>[\/vc_column_text][\/vc_column][vc_column width=&#8221;1\/2&#8243;][vc_custom_heading text=&#8221;Electricite generale \u00e0 Dijon&#8221; font_container=&#8221;tag:h2|text_align:center|color:%23ffffff&#8221; google_fonts=&#8221;font_family:Coda%3Aregular%2C800|font_style:400%20regular%3A400%3Anormal&#8221; css=&#8221;.vc_custom_1601051639858{padding-top: 10px !important;padding-right: 10px !important;padding-bottom: 10px !important;padding-left: 10px !important;background-color: #5aa1e3 !important;}&#8221;][vc_column_text]Depuis 2000,\u00a0nous intervenons\u00a0 \u00e0\u00a0Dijon\u00a0pour tous vos probl\u00e8mes \u00e9lectriques.<\/p>\n<p>Nous allors chez les particuliers comme chez les professionnels pour:<\/p>\n<ul>\n<li>changement de prises<\/li>\n<li>changement d&#8217;interrupteurs<\/li>\n<li>installation de tous luminaires int\u00e9rieures et ext\u00e9rieures<\/li>\n<li>remise aux normes de votre installation \u00e9lectrique<\/li>\n<li>chauffage \u00e9lectrique<\/li>\n<li>ventilation simple<\/li>\n<li>ventilation double flux<\/li>\n<\/ul>\n<p>Nous travaillons\u00a0chez les particuliers comme les entreprise. \u00a0En cas d&#8217;urgence nous pouvons \u00eatre\u00a0sur place en 30 minutes .<\/p>\n<p>A noter que lorsque votre intervention est remboursable par votre assurance ou votre co-propri\u00e9t\u00e9, nous vous indiquons les d\u00e9marche \u00e0 suivre et nous vous mettons \u00e0 disposition les informations et documents n\u00e9cessaires \u00e0 votre remboursement.<\/p>\n<p>&nbsp;<\/p>\n<h4><span style=\"color: #ff0000;\">Premi\u00e8re chose \u00e0 faire en cas de probl\u00e8me \u00e9lectrique : couper le courant et appeler le 06 63 73 90 66.<\/span><\/h4>\n<p>[\/vc_column_text][\/vc_column][\/vc_row][vc_row][vc_column width=&#8221;5\/12&#8243; el_class=&#8221;Carte&#8221;][vc_single_image image=&#8221;428&#8243; img_size=&#8221;large&#8221; src=&#8221;&#8220;https:\/\/www.google.com\/maps\/embed?pb=!1m18!1m12!1m3!1d2704.518505825131!2d5.029060451380977!3d47.32374421536531!2m3!1f0!2f0!3f0!3m2!1i1024!2i768!4f13.1!3m3!1m2!1s0x47f29d9499402da5%3A0x605965119233c61d!2s2+Avenue+Mar%C3%A9chal+Foch%2C+21000+Dijon!5e0!3m2!1sfr!2sfr!4v1527248929472&#8220;&#8221; width=&#8221;&#8220;400&#8220;&#8221; height=&#8221;&#8220;300&#8220;&#8221; frameborder=&#8221;&#8220;0&#8220;&#8221;][vc_toggle title=&#8221;Pr\u00e9sents partout \u00e0 Dijon et p\u00e9riph\u00e9rie&#8221; el_id=&#8221;1479576329044-740e134c-4e90&#8243;]Besoin d&#8217;un Plombier\u00a0\u00e0\u00a0Dijon\u00a0? Pas de panique notre entreprise de Plomberie\u00a0peut se d\u00e9placer\u00a0dans la demi-heure\u00a0en cas d&#8217;urgence<\/p>\n<p>&nbsp;<\/p>\n<ul>\n<li>Dijon<\/li>\n<li>Ahuy<\/li>\n<li>Bressey-sur-Tille<\/li>\n<li>Breteni\u00e8re<\/li>\n<li>Chen\u00f4ve<\/li>\n<li>Chevigny-Saint-Sauveur<\/li>\n<li>Corcelles-les-Monts<\/li>\n<li>Crimolois<\/li>\n<li>Daix<\/li>\n<li>F\u00e9nay<\/li>\n<li>Flavignerot<\/li>\n<li>Fontaine-l\u00e8s-Dijon<\/li>\n<li>Hauteville-l\u00e8s-Dijon<\/li>\n<li>Longvic<\/li>\n<li>Magny-sur-Tille<\/li>\n<li>Marsannay-la-C\u00f4te<\/li>\n<li>Neuilly-l\u00e8s-Dijon<\/li>\n<li>Ouges<\/li>\n<li>Perrigny-l\u00e8s-Dijon<\/li>\n<li>Plombi\u00e8res-l\u00e8s-Dijon<\/li>\n<li>Quetigny<\/li>\n<li>Saint-Apollinaire<\/li>\n<li>Sennecey-l\u00e8s-Dijon<\/li>\n<li>Talant<\/li>\n<\/ul>\n<p>[\/vc_toggle][\/vc_column][vc_column width=&#8221;7\/12&#8243;][vc_custom_heading text=&#8221;VOS PRINCIPALES QUESTIONS&#8221; font_container=&#8221;tag:h2|text_align:center|color:%23ffffff&#8221; google_fonts=&#8221;font_family:Coda%3Aregular%2C800|font_style:400%20regular%3A400%3Anormal&#8221; css=&#8221;.vc_custom_1479576156917{padding-top: 10px !important;padding-right: 10px !important;padding-bottom: 10px !important;padding-left: 10px !important;background-color: #5aa1e3 !important;}&#8221;][vc_column_text]Notre soci\u00e9t\u00e9 intervient rapidement\u00a0\u00e0\u00a0Dijon et sa p\u00e9riph\u00e9rie\u00a0en fonction de l&#8217;urgence \u00e9lectrique que vous rencontrez.<\/p>\n<p>Dans les cas ou votre assurance habitation (ou professionnelle) prend en charge les travaux\u00a0nous vous indiquons pr\u00e9cis\u00e9ment les d\u00e9marches \u00e0 suivre pour vous \u00e9viter tout d\u00e9sagr\u00e9ment.[\/vc_column_text][vc_toggle title=&#8221;Nos tarifs&#8221; el_id=&#8221;1479576919306-12263916-af6a&#8221;]Du lundi au vendredi \u00a0de 8h \u00e0 18h:<\/p>\n<ul>\n<li>Forfait D\u00e9pannage :\u00a080 \u20ac HT<\/li>\n<li>Devis gratuit<\/li>\n<li>D\u00e9placement :\u00a035 \u20ac HT<\/li>\n<li>Main d&#8217;\u0153uvre : 45 \u20ac HT<\/li>\n<\/ul>\n<p>Ces tarifs sont soumis \u00e0 une majoration:<\/p>\n<ul>\n<li>de 30% les samedi et \u00e0 partir de 18h30 en semaine<\/li>\n<li>de 50%\u00a0 les dimanches et jours f\u00e9ri\u00e9s<\/li>\n<\/ul>\n<p>[\/vc_toggle][\/vc_column][\/vc_row]<\/p>\n","protected":false},"excerpt":{"rendered":"<p>Plombier \u00e0 Dijon 24h\/24 7j\/7<\/p>\n","protected":false},"author":1,"featured_media":0,"parent":0,"menu_order":0,"comment_status":"closed","ping_status":"closed","template":"","meta":{"site-sidebar-layout":"default","site-content-layout":"","ast-site-content-layout":"default","site-content-style":"default","site-sidebar-style":"default","ast-global-header-display":"","ast-banner-title-visibility":"","ast-main-header-display":"","ast-hfb-above-header-display":"","ast-hfb-below-header-display":"","ast-hfb-mobile-header-display":"","site-post-title":"","ast-breadcrumbs-content":"","ast-featured-img":"","footer-sml-layout":"","theme-transparent-header-meta":"","adv-header-id-meta":"","stick-header-meta":"","header-above-stick-meta":"","header-main-stick-meta":"","header-below-stick-meta":"","astra-migrate-meta-layouts":"default","ast-page-background-enabled":"default","ast-page-background-meta":{"desktop":{"background-color":"var(--ast-global-color-5)","background-image":"","background-repeat":"repeat","background-position":"center center","background-size":"auto","background-attachment":"scroll","background-type":"","background-media":"","overlay-type":"","overlay-color":"","overlay-opacity":"","overlay-gradient":""},"tablet":{"background-color":"","background-image":"","background-repeat":"repeat","background-position":"center center","background-size":"auto","background-attachment":"scroll","background-type":"","background-media":"","overlay-type":"","overlay-color":"","overlay-opacity":"","overlay-gradient":""},"mobile":{"background-color":"","background-image":"","background-repeat":"repeat","background-position":"center center","background-size":"auto","background-attachment":"scroll","background-type":"","background-media":"","overlay-type":"","overlay-color":"","overlay-opacity":"","overlay-gradient":""}},"ast-content-background-meta":{"desktop":{"background-color":"var(--ast-global-color-4)","background-image":"","background-repeat":"repeat","background-position":"center center","background-size":"auto","background-attachment":"scroll","background-type":"","background-media":"","overlay-type":"","overlay-color":"","overlay-opacity":"","overlay-gradient":""},"tablet":{"background-color":"var(--ast-global-color-4)","background-image":"","background-repeat":"repeat","background-position":"center center","background-size":"auto","background-attachment":"scroll","background-type":"","background-media":"","overlay-type":"","overlay-color":"","overlay-opacity":"","overlay-gradient":""},"mobile":{"background-color":"var(--ast-global-color-4)","background-image":"","background-repeat":"repeat","background-position":"center center","background-size":"auto","background-attachment":"scroll","background-type":"","background-media":"","overlay-type":"","overlay-color":"","overlay-opacity":"","overlay-gradient":""}},"footnotes":""},"class_list":["post-515","page","type-page","status-publish","hentry"],"yoast_head":"<!-- This site is optimized with the Yoast SEO plugin v27.5 - https:\/\/yoast.com\/product\/yoast-seo-wordpress\/ -->\n<title>Electricien \u00e0 Dijon j&#039;interviens 24h\/24 7 j\/7 \u00e0 Dijon et p\u00e9riph\u00e9rie<\/title>\n<meta name=\"description\" content=\"Electricein \u00e0 Dijon qui intervient 24h\/24 7 j\/7 \u00e0 Dijon et p\u00e9riph\u00e9rie. Depannage, sos, urgence, plombs, tableau \u00e9lectrique, prise\" \/>\n<meta name=\"robots\" content=\"index, follow, max-snippet:-1, max-image-preview:large, max-video-preview:-1\" \/>\n<link rel=\"canonical\" href=\"https:\/\/leroy-et-fils.fr\/dijonelectricite\/electricien-a-dijon\/\" \/>\n<meta property=\"og:locale\" content=\"fr_FR\" \/>\n<meta property=\"og:type\" content=\"article\" \/>\n<meta property=\"og:title\" content=\"Electricien \u00e0 Dijon j&#039;interviens 24h\/24 7 j\/7 \u00e0 Dijon et p\u00e9riph\u00e9rie\" \/>\n<meta property=\"og:description\" content=\"Electricein \u00e0 Dijon qui intervient 24h\/24 7 j\/7 \u00e0 Dijon et p\u00e9riph\u00e9rie. Depannage, sos, urgence, plombs, tableau \u00e9lectrique, prise\" \/>\n<meta property=\"og:url\" content=\"https:\/\/leroy-et-fils.fr\/dijonelectricite\/electricien-a-dijon\/\" \/>\n<meta property=\"og:site_name\" content=\"Electricien \u00e0 dijon\" \/>\n<meta property=\"article:modified_time\" content=\"2020-12-13T19:07:36+00:00\" \/>\n<meta name=\"twitter:card\" content=\"summary_large_image\" \/>\n<meta name=\"twitter:label1\" content=\"Dur\u00e9e de lecture estim\u00e9e\" \/>\n\t<meta name=\"twitter:data1\" content=\"5 minutes\" \/>\n<script type=\"application\/ld+json\" class=\"yoast-schema-graph\">{\"@context\":\"https:\\\/\\\/schema.org\",\"@graph\":[{\"@type\":\"WebPage\",\"@id\":\"https:\\\/\\\/leroy-et-fils.fr\\\/dijonelectricite\\\/electricien-a-dijon\\\/\",\"url\":\"https:\\\/\\\/leroy-et-fils.fr\\\/dijonelectricite\\\/electricien-a-dijon\\\/\",\"name\":\"Electricien \u00e0 Dijon j'interviens 24h\\\/24 7 j\\\/7 \u00e0 Dijon et p\u00e9riph\u00e9rie\",\"isPartOf\":{\"@id\":\"https:\\\/\\\/leroy-et-fils.fr\\\/dijonelectricite\\\/#website\"},\"datePublished\":\"2016-07-27T20:44:20+00:00\",\"dateModified\":\"2020-12-13T19:07:36+00:00\",\"description\":\"Electricein \u00e0 Dijon qui intervient 24h\\\/24 7 j\\\/7 \u00e0 Dijon et p\u00e9riph\u00e9rie. Depannage, sos, urgence, plombs, tableau \u00e9lectrique, prise\",\"breadcrumb\":{\"@id\":\"https:\\\/\\\/leroy-et-fils.fr\\\/dijonelectricite\\\/electricien-a-dijon\\\/#breadcrumb\"},\"inLanguage\":\"fr-FR\",\"potentialAction\":[{\"@type\":\"ReadAction\",\"target\":[\"https:\\\/\\\/leroy-et-fils.fr\\\/dijonelectricite\\\/electricien-a-dijon\\\/\"]}]},{\"@type\":\"BreadcrumbList\",\"@id\":\"https:\\\/\\\/leroy-et-fils.fr\\\/dijonelectricite\\\/electricien-a-dijon\\\/#breadcrumb\",\"itemListElement\":[{\"@type\":\"ListItem\",\"position\":1,\"name\":\"Accueil\",\"item\":\"https:\\\/\\\/leroy-et-fils.fr\\\/dijonelectricite\\\/\"},{\"@type\":\"ListItem\",\"position\":2,\"name\":\"Electricien \u00e0 Dijon\"}]},{\"@type\":\"WebSite\",\"@id\":\"https:\\\/\\\/leroy-et-fils.fr\\\/dijonelectricite\\\/#website\",\"url\":\"https:\\\/\\\/leroy-et-fils.fr\\\/dijonelectricite\\\/\",\"name\":\"Electricien \u00e0 dijon\",\"description\":\"Electricien \u00e0 dijon disponible 24h24 7j\\\/7\",\"potentialAction\":[{\"@type\":\"SearchAction\",\"target\":{\"@type\":\"EntryPoint\",\"urlTemplate\":\"https:\\\/\\\/leroy-et-fils.fr\\\/dijonelectricite\\\/?s={search_term_string}\"},\"query-input\":{\"@type\":\"PropertyValueSpecification\",\"valueRequired\":true,\"valueName\":\"search_term_string\"}}],\"inLanguage\":\"fr-FR\"}]}<\/script>\n<!-- \/ Yoast SEO plugin. -->","yoast_head_json":{"title":"Electricien \u00e0 Dijon j'interviens 24h\/24 7 j\/7 \u00e0 Dijon et p\u00e9riph\u00e9rie","description":"Electricein \u00e0 Dijon qui intervient 24h\/24 7 j\/7 \u00e0 Dijon et p\u00e9riph\u00e9rie. Depannage, sos, urgence, plombs, tableau \u00e9lectrique, prise","robots":{"index":"index","follow":"follow","max-snippet":"max-snippet:-1","max-image-preview":"max-image-preview:large","max-video-preview":"max-video-preview:-1"},"canonical":"https:\/\/leroy-et-fils.fr\/dijonelectricite\/electricien-a-dijon\/","og_locale":"fr_FR","og_type":"article","og_title":"Electricien \u00e0 Dijon j'interviens 24h\/24 7 j\/7 \u00e0 Dijon et p\u00e9riph\u00e9rie","og_description":"Electricein \u00e0 Dijon qui intervient 24h\/24 7 j\/7 \u00e0 Dijon et p\u00e9riph\u00e9rie. Depannage, sos, urgence, plombs, tableau \u00e9lectrique, prise","og_url":"https:\/\/leroy-et-fils.fr\/dijonelectricite\/electricien-a-dijon\/","og_site_name":"Electricien \u00e0 dijon","article_modified_time":"2020-12-13T19:07:36+00:00","twitter_card":"summary_large_image","twitter_misc":{"Dur\u00e9e de lecture estim\u00e9e":"5 minutes"},"schema":{"@context":"https:\/\/schema.org","@graph":[{"@type":"WebPage","@id":"https:\/\/leroy-et-fils.fr\/dijonelectricite\/electricien-a-dijon\/","url":"https:\/\/leroy-et-fils.fr\/dijonelectricite\/electricien-a-dijon\/","name":"Electricien \u00e0 Dijon j'interviens 24h\/24 7 j\/7 \u00e0 Dijon et p\u00e9riph\u00e9rie","isPartOf":{"@id":"https:\/\/leroy-et-fils.fr\/dijonelectricite\/#website"},"datePublished":"2016-07-27T20:44:20+00:00","dateModified":"2020-12-13T19:07:36+00:00","description":"Electricein \u00e0 Dijon qui intervient 24h\/24 7 j\/7 \u00e0 Dijon et p\u00e9riph\u00e9rie. Depannage, sos, urgence, plombs, tableau \u00e9lectrique, prise","breadcrumb":{"@id":"https:\/\/leroy-et-fils.fr\/dijonelectricite\/electricien-a-dijon\/#breadcrumb"},"inLanguage":"fr-FR","potentialAction":[{"@type":"ReadAction","target":["https:\/\/leroy-et-fils.fr\/dijonelectricite\/electricien-a-dijon\/"]}]},{"@type":"BreadcrumbList","@id":"https:\/\/leroy-et-fils.fr\/dijonelectricite\/electricien-a-dijon\/#breadcrumb","itemListElement":[{"@type":"ListItem","position":1,"name":"Accueil","item":"https:\/\/leroy-et-fils.fr\/dijonelectricite\/"},{"@type":"ListItem","position":2,"name":"Electricien \u00e0 Dijon"}]},{"@type":"WebSite","@id":"https:\/\/leroy-et-fils.fr\/dijonelectricite\/#website","url":"https:\/\/leroy-et-fils.fr\/dijonelectricite\/","name":"Electricien \u00e0 dijon","description":"Electricien \u00e0 dijon disponible 24h24 7j\/7","potentialAction":[{"@type":"SearchAction","target":{"@type":"EntryPoint","urlTemplate":"https:\/\/leroy-et-fils.fr\/dijonelectricite\/?s={search_term_string}"},"query-input":{"@type":"PropertyValueSpecification","valueRequired":true,"valueName":"search_term_string"}}],"inLanguage":"fr-FR"}]}},"_links":{"self":[{"href":"https:\/\/leroy-et-fils.fr\/dijonelectricite\/wp-json\/wp\/v2\/pages\/515","targetHints":{"allow":["GET"]}}],"collection":[{"href":"https:\/\/leroy-et-fils.fr\/dijonelectricite\/wp-json\/wp\/v2\/pages"}],"about":[{"href":"https:\/\/leroy-et-fils.fr\/dijonelectricite\/wp-json\/wp\/v2\/types\/page"}],"author":[{"embeddable":true,"href":"https:\/\/leroy-et-fils.fr\/dijonelectricite\/wp-json\/wp\/v2\/users\/1"}],"replies":[{"embeddable":true,"href":"https:\/\/leroy-et-fils.fr\/dijonelectricite\/wp-json\/wp\/v2\/comments?post=515"}],"version-history":[{"count":21,"href":"https:\/\/leroy-et-fils.fr\/dijonelectricite\/wp-json\/wp\/v2\/pages\/515\/revisions"}],"predecessor-version":[{"id":651,"href":"https:\/\/leroy-et-fils.fr\/dijonelectricite\/wp-json\/wp\/v2\/pages\/515\/revisions\/651"}],"wp:attachment":[{"href":"https:\/\/leroy-et-fils.fr\/dijonelectricite\/wp-json\/wp\/v2\/media?parent=515"}],"curies":[{"name":"wp","href":"https:\/\/api.w.org\/{rel}","templated":true}]}}