{"id":517,"date":"2016-07-27T22:44:20","date_gmt":"2016-07-27T20:44:20","guid":{"rendered":"http:\/\/leroy-et-fils.fr\/leroy-et-fils-3\/?page_id=8"},"modified":"2016-07-27T22:44:20","modified_gmt":"2016-07-27T20:44:20","slug":"chauffagiste-2","status":"publish","type":"page","link":"https:\/\/leroy-et-fils.fr\/couvreurdijon\/chauffagiste-2\/","title":{"rendered":"Chauffagiste Dijon"},"content":{"rendered":"<p>[vc_row][vc_column width=&#8221;1\/4&#8243;][\/vc_column][vc_column width=&#8221;1\/2&#8243;][vc_single_image image=&#8221;342&#8243; img_size=&#8221;large&#8221;][\/vc_column][\/vc_row][vc_row][vc_column width=&#8221;1\/2&#8243;][vc_custom_heading text=&#8221;Chauffagiste \u00e0 Limoges&#8221; font_container=&#8221;tag:h2|text_align:center|color:%23ffffff&#8221; google_fonts=&#8221;font_family:Coda%3Aregular%2C800|font_style:400%20regular%3A400%3Anormal&#8221; css=&#8221;.vc_custom_1518285077017{padding-top: 10px !important;padding-right: 10px !important;padding-bottom: 10px !important;padding-left: 10px !important;background-color: #5aa1e3 !important;}&#8221;][vc_column_text][av_iconlist position=&#8217;left&#8217;]<br \/>\n[av_iconlist_item title=&#8217;Panne de chaudi\u00e8re&#8217; link=&#8221; linktarget=&#8217;no&#8217; linkelement=&#8221; icon=&#8217;43&#8217;]<br \/>\nGrace \u00e0 notre exp\u00e9rience, nous d\u00e9tectons et r\u00e9parons tous les pannes de chaudi\u00e8re (gaz, fioul).<br \/>\n[\/av_iconlist_item]<br \/>\n[av_iconlist_item title=&#8217;Entretien de chaudi\u00e8re&#8217; link=&#8221; linktarget=&#8217;no&#8217; linkelement=&#8221; icon=&#8217;43&#8217;]<br \/>\nNous r\u00e9alisons les entretiens de chaudi\u00e8re de toutes marques.<br \/>\n[\/av_iconlist_item]<\/p>\n<p>[av_iconlist_item title=&#8217;Changement de chaudi\u00e8re&#8217; link=&#8221; linktarget=&#8217;no&#8217; linkelement=&#8221; icon=&#8217;43&#8217;]<br \/>\nNous vous accompagnons et nous vous conseillons dans le choix de votre nouvelle chaudi\u00e8re.<br \/>\n[\/av_iconlist_item]<br \/>\n[\/av_iconlist][\/vc_column_text][\/vc_column][vc_column width=&#8221;1\/2&#8243;][vc_single_image image=&#8221;403&#8243; img_size=&#8221;full&#8221; alignment=&#8221;center&#8221;][\/vc_column][\/vc_row][vc_row][vc_column width=&#8221;1\/3&#8243;][vc_icon type=&#8221;entypo&#8221; icon_entypo=&#8221;entypo-icon entypo-icon-gauge&#8221; color=&#8221;white&#8221; background_style=&#8221;boxed&#8221; background_color=&#8221;sky&#8221; size=&#8221;lg&#8221; align=&#8221;center&#8221;][vc_custom_heading text=&#8221;R\u00e9activit\u00e9&#8221; font_container=&#8221;tag:h4|text_align:center&#8221; use_theme_fonts=&#8221;yes&#8221;][vc_column_text]<\/p>\n<p style=\"text-align: center\">Nous nous engageons\u00a0\u00e0 intervenir chez vous dans les\u00a02 heures\u00a0qui suivent votre appel t\u00e9l\u00e9phonique 24h24 7\/7<\/p>\n<p>[\/vc_column_text][\/vc_column][vc_column width=&#8221;1\/3&#8243;][vc_icon icon_fontawesome=&#8221;fa fa-thumbs-o-up&#8221; color=&#8221;white&#8221; background_style=&#8221;boxed&#8221; background_color=&#8221;sky&#8221; size=&#8221;lg&#8221; align=&#8221;center&#8221;][vc_custom_heading text=&#8221;Tarif parmi les plus bas du march\u00e9&#8221; font_container=&#8221;tag:h4|text_align:center&#8221; use_theme_fonts=&#8221;yes&#8221;][vc_column_text]<\/p>\n<p style=\"text-align: center\">Entretien Chaudi\u00e8re : 80\u20ac TTC<\/p>\n<p>[\/vc_column_text][\/vc_column][vc_column width=&#8221;1\/3&#8243;][vc_icon type=&#8221;entypo&#8221; icon_entypo=&#8221;entypo-icon entypo-icon-check&#8221; color=&#8221;white&#8221; background_style=&#8221;boxed&#8221; background_color=&#8221;sky&#8221; size=&#8221;lg&#8221; align=&#8221;center&#8221;][vc_custom_heading text=&#8221;Artisan Responsable&#8221; font_container=&#8221;tag:h4|text_align:center&#8221; use_theme_fonts=&#8221;yes&#8221;][vc_column_text css_animation=&#8221;none&#8221;]<\/p>\n<p style=\"text-align: center\">Garantie d\u00e9cennale, Assurance Responsabilit\u00e9 professionnelle<\/p>\n<p>[\/vc_column_text][\/vc_column][\/vc_row][vc_row][vc_column][vc_empty_space][\/vc_column][\/vc_row][vc_row][vc_column width=&#8221;1\/2&#8243;][vc_single_image image=&#8221;168&#8243; img_size=&#8221;full&#8221;][vc_column_text]Avec\u00a0Nous, pas de mauvaise surprise :<\/p>\n<ol>\n<li>Dans un premier temps\u00a0notre standardiste \u00e9value avec vous la situation<\/li>\n<li>Il vous indique ensuite le d\u00e9lai estim\u00e9 d&#8217;intervention ainsi qu&#8217;une premi\u00e8re fourchette de prix quand cela est possible.<\/li>\n<li>Un technicien se rend sur place et r\u00e9alise les travaux apr\u00e8s acceptation du devis.<\/li>\n<\/ol>\n<p>[\/vc_column_text][\/vc_column][vc_column width=&#8221;1\/2&#8243;][vc_custom_heading text=&#8221;HMA &#8211; Un chauffagiste de proximit\u00e9 \u00e0 Limoges&#8221; font_container=&#8221;tag:h2|text_align:center|color:%23ffffff&#8221; google_fonts=&#8221;font_family:Coda%3Aregular%2C800|font_style:400%20regular%3A400%3Anormal&#8221; css=&#8221;.vc_custom_1518285130840{padding-top: 10px !important;padding-right: 10px !important;padding-bottom: 10px !important;padding-left: 10px !important;background-color: #5aa1e3 !important;}&#8221;][vc_column_text]Depuis 2000,\u00a0nous intervenons\u00a0 \u00e0 Limoges pour tous vos probl\u00e8mes de chauffage et de chaudi\u00e8re.<\/p>\n<p>Nous allors chez les particuliers comme les entreprises sur des interventions de \u00a0tous niveaux de complexit\u00e9:<\/p>\n<ul>\n<li>Panne de chaudi\u00e8re (gaz, fioul)<\/li>\n<li>Fuite sur une canalisation de chauffage<\/li>\n<li>R\u00e9paration de chaudi\u00e8re<\/li>\n<li>Installation de chaudi\u00e8re<\/li>\n<li>Installation et changement de radiateur<\/li>\n<\/ul>\n<p>Nous travaillons\u00a0chez les particuliers comme les entreprise.[\/vc_column_text][\/vc_column][\/vc_row][vc_row][vc_column width=&#8221;5\/12&#8243; el_class=&#8221;Carte&#8221;][vc_single_image image=&#8221;312&#8243; img_size=&#8221;medium&#8221;][vc_toggle title=&#8221;Pr\u00e9sents partout \u00e0 Limoges et p\u00e9riph\u00e9rie&#8221; el_id=&#8221;1479576329044-740e134c-4e90&#8243;]Besoin d&#8217;un chauffagiste \u00e0 LImoges ? Pas de panique notre entreprise peut se d\u00e9placer\u00a0dans la demi-heure\u00a0en cas d&#8217;urgence.<\/p>\n<ul>\n<li>Limoges<\/li>\n<li>Aureil<\/li>\n<li>Boisseuil,<\/li>\n<li>Bonnac-la-C\u00f4te<\/li>\n<li>\u00a0Chaptelat<\/li>\n<li>Condat-sur-Vienne<\/li>\n<li>Couzeix<\/li>\n<li>Eyjeaux<\/li>\n<li>Feytiat, Isle<\/li>\n<li>Le Palais-sur-Vienne<\/li>\n<li>Le Vigen<\/li>\n<li>Panazol<\/li>\n<li>Peyrilhac<\/li>\n<li>Rilhac-Rancon<\/li>\n<li>Saint-Gence,<\/li>\n<li>Saint-Just-le-Martel<\/li>\n<li>Solignac<\/li>\n<li>Verneuil-sur-Vienne<\/li>\n<li>Veyrac<\/li>\n<li><\/li>\n<\/ul>\n<p>[\/vc_toggle][\/vc_column][vc_column width=&#8221;7\/12&#8243;][vc_custom_heading text=&#8221;Entretien de votre chaudi\u00e8re&#8221; font_container=&#8221;tag:h2|text_align:center|color:%23ffffff&#8221; google_fonts=&#8221;font_family:Coda%3Aregular%2C800|font_style:400%20regular%3A400%3Anormal&#8221; css=&#8221;.vc_custom_1518126564813{padding-top: 10px !important;padding-right: 10px !important;padding-bottom: 10px !important;padding-left: 10px !important;background-color: #5aa1e3 !important;}&#8221;][vc_column_text]Notre soci\u00e9t\u00e9 intervient \u00e0 Limoges pour l&#8217;entretien de votre chaudi\u00e8re.<\/p>\n<p><span style=\"color: #ff0000\"><strong>Faire contr\u00f4ler sa chaudi\u00e8re une fois par an est obligatoire.<\/strong><\/span><\/p>\n<ul>\n<li>Entretien chaudi\u00e8re Murale : 80 \u20ac<\/li>\n<li>Entretien chaudi\u00e8re au sol: 80 \u20ac<\/li>\n<\/ul>\n<p>Une fois la r\u00e9vision faite, vous recevez une attestation d\u2019entretien, accompagn\u00e9e d\u2019\u00e9tude de votre chaudi\u00e8re pr\u00e9cisant les \u00e9ventuelles travaux \u00e0 pr\u00e9voir pour am\u00e9liorer sa performance.<\/p>\n<p>Ce document est \u00e0 conserver deux ans.<\/p>\n<p>En cas d\u2019incendie, l\u2019assureur peut refuser de couvrir le sinistre s\u2019il n\u2019obtient pas la preuve que la r\u00e9vision a \u00e9t\u00e9 effectu\u00e9e. De plus, un appareil bien entretenu permet d\u2019\u00e9viter la production de monoxyde de carbone, l\u2019une des principales causes des accidents domestiques.<\/p>\n<p>Nous ma\u00eetrisons et connaissons toutes les marques de chaudi\u00e8re les plus fr\u00e9quentes, gr\u00e2ce \u00e0 une formations continue des techniciens.<\/p>\n<p>DE DIETRICH<\/p>\n<p>E.L.M LEBLANC<\/p>\n<p>SAUNIER DUVAL<\/p>\n<p>CHAFFOTEA<\/p>\n<p>CHAPE[\/vc_column_text][vc_toggle title=&#8221;Nos tarifs&#8221; el_id=&#8221;1479576919306-12263916-af6a&#8221;]Du lundi au vendredi \u00a0de 8h \u00e0 18h:<\/p>\n<ul>\n<li>Forfait recherche de Fuite : 80 \u20ac TTC<\/li>\n<li>Forfait r\u00e9paration de Fuite : 80 \u20ac TTC<\/li>\n<li>Forfait recherche de panne Chaudi\u00e8re : 110 \u20ac TTC<\/li>\n<li>Forfait D\u00e9gorgement domestique 140 \u20ac TTC<\/li>\n<li>Contrat abonnement Chaudi\u00e8re GAZ : 120 \u20ac TTC<\/li>\n<li>Entretien chaudi\u00e8re :\u00a0\u00a0120 \u20ac TTC<\/li>\n<li>D\u00e9placement :\u00a035 \u20ac TTC<\/li>\n<li>Main d&#8217;\u0153uvre : 55 \u20ac TTC<\/li>\n<\/ul>\n<p>Ces tarifs sont soumis \u00e0 majoration de 30% les samedi, dimanches et jours f\u00e9ri\u00e9s ainsi qu&#8217;en soir\u00e9e.[\/vc_toggle][\/vc_column][\/vc_row]<\/p>\n","protected":false},"excerpt":{"rendered":"<p>[vc_row][vc_column width=&#8221;1\/4&#8243;][\/vc_column][vc_column width=&#8221;1\/2&#8243;][vc_single_image image=&#8221;342&#8243; img_size=&#8221;large&#8221;][\/vc_column][\/vc_row][vc_row][vc_column width=&#8221;1\/2&#8243;][vc_custom_heading text=&#8221;Chauffagiste \u00e0 Limoges&#8221; font_container=&#8221;tag:h2|text_align:center|color:%23ffffff&#8221; google_fonts=&#8221;font_family:Coda%3Aregular%2C800|font_style:400%20regular%3A400%3Anormal&#8221; css=&#8221;.vc_custom_1518285077017{padding-top: 10px !important;padding-right: 10px !important;padding-bottom: 10px !important;padding-left: 10px !important;background-color: [&hellip;]<\/p>\n","protected":false},"author":1,"featured_media":0,"parent":0,"menu_order":0,"comment_status":"closed","ping_status":"closed","template":"","meta":{"site-sidebar-layout":"default","site-content-layout":"","ast-site-content-layout":"default","site-content-style":"default","site-sidebar-style":"default","ast-global-header-display":"","ast-banner-title-visibility":"","ast-main-header-display":"","ast-hfb-above-header-display":"","ast-hfb-below-header-display":"","ast-hfb-mobile-header-display":"","site-post-title":"","ast-breadcrumbs-content":"","ast-featured-img":"","footer-sml-layout":"","theme-transparent-header-meta":"","adv-header-id-meta":"","stick-header-meta":"","header-above-stick-meta":"","header-main-stick-meta":"","header-below-stick-meta":"","astra-migrate-meta-layouts":"default","ast-page-background-enabled":"default","ast-page-background-meta":{"desktop":{"background-color":"var(--ast-global-color-5)","background-image":"","background-repeat":"repeat","background-position":"center center","background-size":"auto","background-attachment":"scroll","background-type":"","background-media":"","overlay-type":"","overlay-color":"","overlay-opacity":"","overlay-gradient":""},"tablet":{"background-color":"","background-image":"","background-repeat":"repeat","background-position":"center center","background-size":"auto","background-attachment":"scroll","background-type":"","background-media":"","overlay-type":"","overlay-color":"","overlay-opacity":"","overlay-gradient":""},"mobile":{"background-color":"","background-image":"","background-repeat":"repeat","background-position":"center center","background-size":"auto","background-attachment":"scroll","background-type":"","background-media":"","overlay-type":"","overlay-color":"","overlay-opacity":"","overlay-gradient":""}},"ast-content-background-meta":{"desktop":{"background-color":"var(--ast-global-color-4)","background-image":"","background-repeat":"repeat","background-position":"center center","background-size":"auto","background-attachment":"scroll","background-type":"","background-media":"","overlay-type":"","overlay-color":"","overlay-opacity":"","overlay-gradient":""},"tablet":{"background-color":"var(--ast-global-color-4)","background-image":"","background-repeat":"repeat","background-position":"center center","background-size":"auto","background-attachment":"scroll","background-type":"","background-media":"","overlay-type":"","overlay-color":"","overlay-opacity":"","overlay-gradient":""},"mobile":{"background-color":"var(--ast-global-color-4)","background-image":"","background-repeat":"repeat","background-position":"center center","background-size":"auto","background-attachment":"scroll","background-type":"","background-media":"","overlay-type":"","overlay-color":"","overlay-opacity":"","overlay-gradient":""}},"footnotes":""},"class_list":["post-517","page","type-page","status-publish","hentry"],"yoast_head":"<!-- This site is optimized with the Yoast SEO plugin v27.5 - https:\/\/yoast.com\/product\/yoast-seo-wordpress\/ -->\n<title>AAD49 Plombier \u00e0 Angers disponible 24h24 7\/7 0252350896<\/title>\n<meta name=\"description\" content=\"Plombier \u00e0 Angers disponible 24h\/24 7j\/7 pour tous vos probl\u00e8mes de plomberie et chauffage. Urgence, d\u00e9pannage \u00e0 Angers et p\u00e9riph\u00e9rie\" \/>\n<meta name=\"robots\" content=\"index, follow, max-snippet:-1, max-image-preview:large, max-video-preview:-1\" \/>\n<link rel=\"canonical\" href=\"https:\/\/leroy-et-fils.fr\/couvreurdijon\/chauffagiste-2\/\" \/>\n<meta property=\"og:locale\" content=\"fr_FR\" \/>\n<meta property=\"og:type\" content=\"article\" \/>\n<meta property=\"og:title\" content=\"AAD49 Plombier \u00e0 Angers disponible 24h24 7\/7 0252350896\" \/>\n<meta property=\"og:description\" content=\"Plombier \u00e0 Angers disponible 24h\/24 7j\/7 pour tous vos probl\u00e8mes de plomberie et chauffage. Urgence, d\u00e9pannage \u00e0 Angers et p\u00e9riph\u00e9rie\" \/>\n<meta property=\"og:url\" content=\"https:\/\/leroy-et-fils.fr\/couvreurdijon\/chauffagiste-2\/\" \/>\n<meta property=\"og:site_name\" content=\"couvreurdijon\" \/>\n<meta name=\"twitter:card\" content=\"summary_large_image\" \/>\n<meta name=\"twitter:label1\" content=\"Dur\u00e9e de lecture estim\u00e9e\" \/>\n\t<meta name=\"twitter:data1\" content=\"5 minutes\" \/>\n<script type=\"application\/ld+json\" class=\"yoast-schema-graph\">{\"@context\":\"https:\\\/\\\/schema.org\",\"@graph\":[{\"@type\":\"WebPage\",\"@id\":\"https:\\\/\\\/leroy-et-fils.fr\\\/couvreurdijon\\\/chauffagiste-2\\\/\",\"url\":\"https:\\\/\\\/leroy-et-fils.fr\\\/couvreurdijon\\\/chauffagiste-2\\\/\",\"name\":\"AAD49 Plombier \u00e0 Angers disponible 24h24 7\\\/7 0252350896\",\"isPartOf\":{\"@id\":\"https:\\\/\\\/leroy-et-fils.fr\\\/couvreurdijon\\\/#website\"},\"datePublished\":\"2016-07-27T20:44:20+00:00\",\"description\":\"Plombier \u00e0 Angers disponible 24h\\\/24 7j\\\/7 pour tous vos probl\u00e8mes de plomberie et chauffage. Urgence, d\u00e9pannage \u00e0 Angers et p\u00e9riph\u00e9rie\",\"breadcrumb\":{\"@id\":\"https:\\\/\\\/leroy-et-fils.fr\\\/couvreurdijon\\\/chauffagiste-2\\\/#breadcrumb\"},\"inLanguage\":\"fr-FR\",\"potentialAction\":[{\"@type\":\"ReadAction\",\"target\":[\"https:\\\/\\\/leroy-et-fils.fr\\\/couvreurdijon\\\/chauffagiste-2\\\/\"]}]},{\"@type\":\"BreadcrumbList\",\"@id\":\"https:\\\/\\\/leroy-et-fils.fr\\\/couvreurdijon\\\/chauffagiste-2\\\/#breadcrumb\",\"itemListElement\":[{\"@type\":\"ListItem\",\"position\":1,\"name\":\"Accueil\",\"item\":\"https:\\\/\\\/leroy-et-fils.fr\\\/couvreurdijon\\\/\"},{\"@type\":\"ListItem\",\"position\":2,\"name\":\"Chauffagiste Dijon\"}]},{\"@type\":\"WebSite\",\"@id\":\"https:\\\/\\\/leroy-et-fils.fr\\\/couvreurdijon\\\/#website\",\"url\":\"https:\\\/\\\/leroy-et-fils.fr\\\/couvreurdijon\\\/\",\"name\":\"couvreurdijon\",\"description\":\"couvreur \u00e0 Dijon disponible 24h24 7j\\\/7\",\"potentialAction\":[{\"@type\":\"SearchAction\",\"target\":{\"@type\":\"EntryPoint\",\"urlTemplate\":\"https:\\\/\\\/leroy-et-fils.fr\\\/couvreurdijon\\\/?s={search_term_string}\"},\"query-input\":{\"@type\":\"PropertyValueSpecification\",\"valueRequired\":true,\"valueName\":\"search_term_string\"}}],\"inLanguage\":\"fr-FR\"}]}<\/script>\n<!-- \/ Yoast SEO plugin. -->","yoast_head_json":{"title":"AAD49 Plombier \u00e0 Angers disponible 24h24 7\/7 0252350896","description":"Plombier \u00e0 Angers disponible 24h\/24 7j\/7 pour tous vos probl\u00e8mes de plomberie et chauffage. Urgence, d\u00e9pannage \u00e0 Angers et p\u00e9riph\u00e9rie","robots":{"index":"index","follow":"follow","max-snippet":"max-snippet:-1","max-image-preview":"max-image-preview:large","max-video-preview":"max-video-preview:-1"},"canonical":"https:\/\/leroy-et-fils.fr\/couvreurdijon\/chauffagiste-2\/","og_locale":"fr_FR","og_type":"article","og_title":"AAD49 Plombier \u00e0 Angers disponible 24h24 7\/7 0252350896","og_description":"Plombier \u00e0 Angers disponible 24h\/24 7j\/7 pour tous vos probl\u00e8mes de plomberie et chauffage. Urgence, d\u00e9pannage \u00e0 Angers et p\u00e9riph\u00e9rie","og_url":"https:\/\/leroy-et-fils.fr\/couvreurdijon\/chauffagiste-2\/","og_site_name":"couvreurdijon","twitter_card":"summary_large_image","twitter_misc":{"Dur\u00e9e de lecture estim\u00e9e":"5 minutes"},"schema":{"@context":"https:\/\/schema.org","@graph":[{"@type":"WebPage","@id":"https:\/\/leroy-et-fils.fr\/couvreurdijon\/chauffagiste-2\/","url":"https:\/\/leroy-et-fils.fr\/couvreurdijon\/chauffagiste-2\/","name":"AAD49 Plombier \u00e0 Angers disponible 24h24 7\/7 0252350896","isPartOf":{"@id":"https:\/\/leroy-et-fils.fr\/couvreurdijon\/#website"},"datePublished":"2016-07-27T20:44:20+00:00","description":"Plombier \u00e0 Angers disponible 24h\/24 7j\/7 pour tous vos probl\u00e8mes de plomberie et chauffage. Urgence, d\u00e9pannage \u00e0 Angers et p\u00e9riph\u00e9rie","breadcrumb":{"@id":"https:\/\/leroy-et-fils.fr\/couvreurdijon\/chauffagiste-2\/#breadcrumb"},"inLanguage":"fr-FR","potentialAction":[{"@type":"ReadAction","target":["https:\/\/leroy-et-fils.fr\/couvreurdijon\/chauffagiste-2\/"]}]},{"@type":"BreadcrumbList","@id":"https:\/\/leroy-et-fils.fr\/couvreurdijon\/chauffagiste-2\/#breadcrumb","itemListElement":[{"@type":"ListItem","position":1,"name":"Accueil","item":"https:\/\/leroy-et-fils.fr\/couvreurdijon\/"},{"@type":"ListItem","position":2,"name":"Chauffagiste Dijon"}]},{"@type":"WebSite","@id":"https:\/\/leroy-et-fils.fr\/couvreurdijon\/#website","url":"https:\/\/leroy-et-fils.fr\/couvreurdijon\/","name":"couvreurdijon","description":"couvreur \u00e0 Dijon disponible 24h24 7j\/7","potentialAction":[{"@type":"SearchAction","target":{"@type":"EntryPoint","urlTemplate":"https:\/\/leroy-et-fils.fr\/couvreurdijon\/?s={search_term_string}"},"query-input":{"@type":"PropertyValueSpecification","valueRequired":true,"valueName":"search_term_string"}}],"inLanguage":"fr-FR"}]}},"_links":{"self":[{"href":"https:\/\/leroy-et-fils.fr\/couvreurdijon\/wp-json\/wp\/v2\/pages\/517","targetHints":{"allow":["GET"]}}],"collection":[{"href":"https:\/\/leroy-et-fils.fr\/couvreurdijon\/wp-json\/wp\/v2\/pages"}],"about":[{"href":"https:\/\/leroy-et-fils.fr\/couvreurdijon\/wp-json\/wp\/v2\/types\/page"}],"author":[{"embeddable":true,"href":"https:\/\/leroy-et-fils.fr\/couvreurdijon\/wp-json\/wp\/v2\/users\/1"}],"replies":[{"embeddable":true,"href":"https:\/\/leroy-et-fils.fr\/couvreurdijon\/wp-json\/wp\/v2\/comments?post=517"}],"version-history":[{"count":0,"href":"https:\/\/leroy-et-fils.fr\/couvreurdijon\/wp-json\/wp\/v2\/pages\/517\/revisions"}],"wp:attachment":[{"href":"https:\/\/leroy-et-fils.fr\/couvreurdijon\/wp-json\/wp\/v2\/media?parent=517"}],"curies":[{"name":"wp","href":"https:\/\/api.w.org\/{rel}","templated":true}]}}