{"id":516,"date":"2016-07-27T22:44:20","date_gmt":"2016-07-27T20:44:20","guid":{"rendered":"http:\/\/leroy-et-fils.fr\/leroy-et-fils-3\/?page_id=8"},"modified":"2020-09-25T19:53:45","modified_gmt":"2020-09-25T17:53:45","slug":"couvreur-dijon","status":"publish","type":"page","link":"https:\/\/leroy-et-fils.fr\/couvreurdijon\/couvreur-dijon\/","title":{"rendered":"Couvreur Dijon"},"content":{"rendered":"<p>[vc_row][vc_column][vc_column_text]<img decoding=\"async\" class=\"size-medium wp-image-136 aligncenter\" src=\"http:\/\/leroy-et-fils.fr\/couvreurdijon\/wp-content\/uploads\/sites\/172\/2016\/07\/serruriertourstelephone2-300x39.png\" alt=\"\" width=\"300\" height=\"39\" \/>[\/vc_column_text][\/vc_column][\/vc_row][vc_row][vc_column width=&#8221;1\/3&#8243;][vc_icon type=&#8221;entypo&#8221; icon_entypo=&#8221;entypo-icon entypo-icon-back-in-time&#8221; color=&#8221;white&#8221; background_style=&#8221;boxed&#8221; background_color=&#8221;juicy_pink&#8221; size=&#8221;lg&#8221; align=&#8221;center&#8221;][vc_custom_heading text=&#8221;Intervention en 30 minutes&#8221; font_container=&#8221;tag:h4|text_align:center&#8221; use_theme_fonts=&#8221;yes&#8221;][vc_column_text]<\/p>\n<p style=\"text-align: center;\">Chez vous en moins de 30 minutes de jour comme de nuit sur\u00a0Dijon et son agglom\u00e9ration pour g\u00e9rer toutes vos urgences (fuite dans la toiture&#8230;)<\/p>\n<p>[\/vc_column_text][\/vc_column][vc_column width=&#8221;1\/3&#8243;][vc_icon type=&#8221;entypo&#8221; icon_entypo=&#8221;entypo-icon entypo-icon-key&#8221; color=&#8221;white&#8221; background_style=&#8221;boxed&#8221; background_color=&#8221;juicy_pink&#8221; size=&#8221;lg&#8221; align=&#8221;center&#8221;][vc_custom_heading text=&#8221;Forfait d\u00e9pannage toiture 80\u20ac TTC&#8221; font_container=&#8221;tag:h4|text_align:center&#8221; use_theme_fonts=&#8221;yes&#8221;][vc_column_text]<\/p>\n<p style=\"text-align: center;\">Nous intervenons\u00a0sur tout type de probl\u00e8me de toiture. Nous effectuons les recherches de fuites et r\u00e9parons en urgence\u00a0 les ardoises cass\u00e9es.<\/p>\n<p>[\/vc_column_text][\/vc_column][vc_column width=&#8221;1\/3&#8243;][vc_icon type=&#8221;entypo&#8221; icon_entypo=&#8221;entypo-icon entypo-icon-phone&#8221; color=&#8221;white&#8221; background_style=&#8221;boxed&#8221; background_color=&#8221;juicy_pink&#8221; size=&#8221;lg&#8221; align=&#8221;center&#8221;][vc_custom_heading text=&#8221;Joignables 24h\/24, 365j par an&#8221; font_container=&#8221;tag:h4|text_align:center&#8221; use_theme_fonts=&#8221;yes&#8221;][vc_column_text]<\/p>\n<p style=\"text-align: center;\">Nous sommes disponible\u00a024h\/24 tous les jours de l&#8217;ann\u00e9e. Vous pouvez donc \u00e9galement nous contacter les weekend et jours f\u00e9ri\u00e9s.<\/p>\n<p>[\/vc_column_text][\/vc_column][\/vc_row][vc_row][vc_column width=&#8221;1\/2&#8243;][vc_custom_heading text=&#8221;Nos interventions &#8221; font_container=&#8221;tag:h2|text_align:center|color:%23ffffff&#8221; google_fonts=&#8221;font_family:Coda%3Aregular%2C800|font_style:400%20regular%3A400%3Anormal&#8221; css=&#8221;.vc_custom_1539359269074{padding-top: 10px !important;padding-right: 10px !important;padding-bottom: 10px !important;padding-left: 10px !important;background-color: #f4524d !important;}&#8221;][vc_column_text][av_iconlist position=&#8217;left&#8217;]<br \/>\n[av_iconlist_item title=&#8217;R\u00e9paration de toiture&#8217; link=&#8221; linktarget=&#8221; linkelement=&#8221; icon=&#8217;ue812&#8242; font=&#8217;entypo-fontello&#8217;]<br \/>\nRecherche de fuite, remplacement d&#8217;ardoises, crochets, fuite goutti\u00e8re, chati\u00e8re.<br \/>\n[\/av_iconlist_item]<br \/>\n[av_iconlist_item title=&#8217;Couverture&#8217; link=&#8221; linktarget=&#8221; linkelement=&#8221; icon=&#8217;ue812&#8242; font=&#8217;entypo-fontello&#8217;]<br \/>\nTravaux de couverture sur ardoise et zinc, aussi bien en neuf qu&#8217;en renovation.<br \/>\n[\/av_iconlist_item]<br \/>\n[av_iconlist_item title=&#8217;Pose de velux&#8217; link=&#8221; linktarget=&#8221; linkelement=&#8221; icon=&#8217;ue812&#8242; font=&#8217;entypo-fontello&#8217;]<br \/>\nForfait montage Velux 200 \u20ac TTC.<br \/>\n[\/av_iconlist_item]<br \/>\n[\/av_iconlist][\/vc_column_text][\/vc_column][vc_column width=&#8221;1\/2&#8243;][vc_single_image image=&#8221;542&#8243; img_size=&#8221;full&#8221;][\/vc_column][\/vc_row][vc_row][vc_column][vc_empty_space][\/vc_column][\/vc_row][vc_row][vc_column width=&#8221;1\/2&#8243;][vc_single_image image=&#8221;546&#8243; img_size=&#8221;full&#8221; alignment=&#8221;center&#8221;][\/vc_column][vc_column width=&#8221;1\/2&#8243;][vc_custom_heading text=&#8221;Les zones desservies&#8221; font_container=&#8221;tag:h2|text_align:center|color:%23ffffff&#8221; google_fonts=&#8221;font_family:Coda%3Aregular%2C800|font_style:400%20regular%3A400%3Anormal&#8221; css=&#8221;.vc_custom_1469902171895{padding-top: 10px !important;padding-right: 10px !important;padding-bottom: 10px !important;padding-left: 10px !important;background-color: #f4524d !important;}&#8221;][vc_column_text]Nous intervenons\u00a0\u00e0\u00a0Dijon et la petite couronne (30 Km autour de Dijon) pour g\u00e9rer tous vos travaux de toiture:<\/p>\n<ul>\n<li>recherche de fuite et r\u00e9paration<\/li>\n<li>remplacement d\u2019ardoise<\/li>\n<li>pose et r\u00e9paration de goutti\u00e8re<\/li>\n<li>installation de VELUX : nous sommes partenaire VELUX et avons le label Velux installateur Conseil<\/li>\n<li>traitement de d\u00e9moussage<\/li>\n<\/ul>\n<p>[\/vc_column_text][\/vc_column][\/vc_row][vc_row][vc_column width=&#8221;1\/2&#8243;][vc_custom_heading text=&#8221;DKB: Une entreprise familiale&#8221; font_container=&#8221;tag:h2|text_align:center|color:%23ffffff&#8221; google_fonts=&#8221;font_family:Coda%3Aregular%2C800|font_style:400%20regular%3A400%3Anormal&#8221; css=&#8221;.vc_custom_1601056377500{padding-top: 10px !important;padding-right: 10px !important;padding-bottom: 10px !important;padding-left: 10px !important;background-color: #f4524d !important;}&#8221;][vc_column_text]Depuis 1996, DKB\u00a0 intervient \u00e0\u00a0Dijon et son agglom\u00e9ration pour g\u00e9rer toutes vos travaux en couverture et VELUX.. Notre fa\u00e7on de proc\u00e9der est simple :<\/p>\n<ol>\n<li>Vous appelez notre standard et lui indiquez votre probl\u00e8me et vos coordonn\u00e9es<\/li>\n<li>Notre couvreur le plus proche vous rappelle et se rend chez vous<\/li>\n<li>Votre probl\u00e8me est r\u00e9solu<\/li>\n<\/ol>\n<p>Toutes les interventions\u00a0 sont r\u00e9alis\u00e9es par des techniciens dipl\u00f4m\u00e9s.<\/p>\n<div class=\"copy-paste-block\"><\/div>\n<div class=\"copy-paste-block\">\u00a0Nos tarifs:<\/div>\n<div>Forfait installation Velux : 200 euros TTC<\/div>\n<div>Forfait d\u00e9pannage Fuite Toiture = 80 euros TTC<\/div>\n<div><\/div>\n<div class=\"copy-paste-block\">D\u00e9placement: 30 euros TTC<\/div>\n<div class=\"copy-paste-block\">1 Heure de main d\u2019\u0153uvre: 50 euros TTC<\/div>\n<div class=\"copy-paste-block\">Nos tarifs sont major\u00e9s de 100% \u00e0 partir de 20h et le week end.<\/div>\n<div class=\"copy-paste-block\"><\/div>\n<p>[\/vc_column_text][\/vc_column][vc_column width=&#8221;1\/2&#8243;][vc_single_image image=&#8221;123&#8243; img_size=&#8221;full&#8221;][\/vc_column][\/vc_row]<\/p>\n","protected":false},"excerpt":{"rendered":"<p>[vc_row][vc_column][vc_column_text][\/vc_column_text][\/vc_column][\/vc_row][vc_row][vc_column width=&#8221;1\/3&#8243;][vc_icon type=&#8221;entypo&#8221; icon_entypo=&#8221;entypo-icon entypo-icon-back-in-time&#8221; color=&#8221;white&#8221; background_style=&#8221;boxed&#8221; background_color=&#8221;juicy_pink&#8221; size=&#8221;lg&#8221; align=&#8221;center&#8221;][vc_custom_heading text=&#8221;Intervention en 30 minutes&#8221; font_container=&#8221;tag:h4|text_align:center&#8221; use_theme_fonts=&#8221;yes&#8221;][vc_column_text] Chez vous en moins [&hellip;]<\/p>\n","protected":false},"author":1,"featured_media":0,"parent":0,"menu_order":0,"comment_status":"closed","ping_status":"closed","template":"","meta":{"site-sidebar-layout":"default","site-content-layout":"","ast-site-content-layout":"default","site-content-style":"default","site-sidebar-style":"default","ast-global-header-display":"","ast-banner-title-visibility":"","ast-main-header-display":"","ast-hfb-above-header-display":"","ast-hfb-below-header-display":"","ast-hfb-mobile-header-display":"","site-post-title":"","ast-breadcrumbs-content":"","ast-featured-img":"","footer-sml-layout":"","theme-transparent-header-meta":"","adv-header-id-meta":"","stick-header-meta":"","header-above-stick-meta":"","header-main-stick-meta":"","header-below-stick-meta":"","astra-migrate-meta-layouts":"default","ast-page-background-enabled":"default","ast-page-background-meta":{"desktop":{"background-color":"var(--ast-global-color-5)","background-image":"","background-repeat":"repeat","background-position":"center center","background-size":"auto","background-attachment":"scroll","background-type":"","background-media":"","overlay-type":"","overlay-color":"","overlay-opacity":"","overlay-gradient":""},"tablet":{"background-color":"","background-image":"","background-repeat":"repeat","background-position":"center center","background-size":"auto","background-attachment":"scroll","background-type":"","background-media":"","overlay-type":"","overlay-color":"","overlay-opacity":"","overlay-gradient":""},"mobile":{"background-color":"","background-image":"","background-repeat":"repeat","background-position":"center center","background-size":"auto","background-attachment":"scroll","background-type":"","background-media":"","overlay-type":"","overlay-color":"","overlay-opacity":"","overlay-gradient":""}},"ast-content-background-meta":{"desktop":{"background-color":"var(--ast-global-color-4)","background-image":"","background-repeat":"repeat","background-position":"center center","background-size":"auto","background-attachment":"scroll","background-type":"","background-media":"","overlay-type":"","overlay-color":"","overlay-opacity":"","overlay-gradient":""},"tablet":{"background-color":"var(--ast-global-color-4)","background-image":"","background-repeat":"repeat","background-position":"center center","background-size":"auto","background-attachment":"scroll","background-type":"","background-media":"","overlay-type":"","overlay-color":"","overlay-opacity":"","overlay-gradient":""},"mobile":{"background-color":"var(--ast-global-color-4)","background-image":"","background-repeat":"repeat","background-position":"center center","background-size":"auto","background-attachment":"scroll","background-type":"","background-media":"","overlay-type":"","overlay-color":"","overlay-opacity":"","overlay-gradient":""}},"footnotes":""},"class_list":["post-516","page","type-page","status-publish","hentry"],"yoast_head":"<!-- This site is optimized with the Yoast SEO plugin v27.5 - https:\/\/yoast.com\/product\/yoast-seo-wordpress\/ -->\n<title>Couvreur Dijon<\/title>\n<meta name=\"description\" content=\"Intervention 24h\/24 7j\/7\" \/>\n<meta name=\"robots\" content=\"index, follow, max-snippet:-1, max-image-preview:large, max-video-preview:-1\" \/>\n<link rel=\"canonical\" href=\"https:\/\/leroy-et-fils.fr\/couvreurdijon\/\" \/>\n<meta property=\"og:locale\" content=\"fr_FR\" \/>\n<meta property=\"og:type\" content=\"article\" \/>\n<meta property=\"og:title\" content=\"Couvreur Dijon\" \/>\n<meta property=\"og:description\" content=\"Intervention 24h\/24 7j\/7\" \/>\n<meta property=\"og:url\" content=\"https:\/\/leroy-et-fils.fr\/couvreurdijon\/\" \/>\n<meta property=\"og:site_name\" content=\"couvreurdijon\" \/>\n<meta property=\"article:modified_time\" content=\"2020-09-25T17:53:45+00:00\" \/>\n<meta property=\"og:image\" content=\"http:\/\/leroy-et-fils.fr\/couvreurdijon\/wp-content\/uploads\/sites\/172\/2016\/07\/serruriertourstelephone2-300x39.png\" \/>\n<meta name=\"twitter:card\" content=\"summary_large_image\" \/>\n<meta name=\"twitter:label1\" content=\"Dur\u00e9e de lecture estim\u00e9e\" \/>\n\t<meta name=\"twitter:data1\" content=\"4 minutes\" \/>\n<script type=\"application\/ld+json\" class=\"yoast-schema-graph\">{\"@context\":\"https:\\\/\\\/schema.org\",\"@graph\":[{\"@type\":\"WebPage\",\"@id\":\"https:\\\/\\\/leroy-et-fils.fr\\\/couvreurdijon\\\/\",\"url\":\"https:\\\/\\\/leroy-et-fils.fr\\\/couvreurdijon\\\/\",\"name\":\"Couvreur Dijon\",\"isPartOf\":{\"@id\":\"https:\\\/\\\/leroy-et-fils.fr\\\/couvreurdijon\\\/#website\"},\"primaryImageOfPage\":{\"@id\":\"https:\\\/\\\/leroy-et-fils.fr\\\/couvreurdijon\\\/#primaryimage\"},\"image\":{\"@id\":\"https:\\\/\\\/leroy-et-fils.fr\\\/couvreurdijon\\\/#primaryimage\"},\"thumbnailUrl\":\"http:\\\/\\\/leroy-et-fils.fr\\\/couvreurdijon\\\/wp-content\\\/uploads\\\/sites\\\/172\\\/2016\\\/07\\\/serruriertourstelephone2-300x39.png\",\"datePublished\":\"2016-07-27T20:44:20+00:00\",\"dateModified\":\"2020-09-25T17:53:45+00:00\",\"description\":\"Intervention 24h\\\/24 7j\\\/7\",\"breadcrumb\":{\"@id\":\"https:\\\/\\\/leroy-et-fils.fr\\\/couvreurdijon\\\/#breadcrumb\"},\"inLanguage\":\"fr-FR\",\"potentialAction\":[{\"@type\":\"ReadAction\",\"target\":[\"https:\\\/\\\/leroy-et-fils.fr\\\/couvreurdijon\\\/\"]}]},{\"@type\":\"ImageObject\",\"inLanguage\":\"fr-FR\",\"@id\":\"https:\\\/\\\/leroy-et-fils.fr\\\/couvreurdijon\\\/#primaryimage\",\"url\":\"http:\\\/\\\/leroy-et-fils.fr\\\/couvreurdijon\\\/wp-content\\\/uploads\\\/sites\\\/172\\\/2016\\\/07\\\/serruriertourstelephone2-300x39.png\",\"contentUrl\":\"http:\\\/\\\/leroy-et-fils.fr\\\/couvreurdijon\\\/wp-content\\\/uploads\\\/sites\\\/172\\\/2016\\\/07\\\/serruriertourstelephone2-300x39.png\"},{\"@type\":\"BreadcrumbList\",\"@id\":\"https:\\\/\\\/leroy-et-fils.fr\\\/couvreurdijon\\\/#breadcrumb\",\"itemListElement\":[{\"@type\":\"ListItem\",\"position\":1,\"name\":\"Accueil\",\"item\":\"https:\\\/\\\/leroy-et-fils.fr\\\/couvreurdijon\\\/\"},{\"@type\":\"ListItem\",\"position\":2,\"name\":\"Couvreur Dijon\"}]},{\"@type\":\"WebSite\",\"@id\":\"https:\\\/\\\/leroy-et-fils.fr\\\/couvreurdijon\\\/#website\",\"url\":\"https:\\\/\\\/leroy-et-fils.fr\\\/couvreurdijon\\\/\",\"name\":\"couvreurdijon\",\"description\":\"couvreur \u00e0 Dijon disponible 24h24 7j\\\/7\",\"potentialAction\":[{\"@type\":\"SearchAction\",\"target\":{\"@type\":\"EntryPoint\",\"urlTemplate\":\"https:\\\/\\\/leroy-et-fils.fr\\\/couvreurdijon\\\/?s={search_term_string}\"},\"query-input\":{\"@type\":\"PropertyValueSpecification\",\"valueRequired\":true,\"valueName\":\"search_term_string\"}}],\"inLanguage\":\"fr-FR\"}]}<\/script>\n<!-- \/ Yoast SEO plugin. -->","yoast_head_json":{"title":"Couvreur Dijon","description":"Intervention 24h\/24 7j\/7","robots":{"index":"index","follow":"follow","max-snippet":"max-snippet:-1","max-image-preview":"max-image-preview:large","max-video-preview":"max-video-preview:-1"},"canonical":"https:\/\/leroy-et-fils.fr\/couvreurdijon\/","og_locale":"fr_FR","og_type":"article","og_title":"Couvreur Dijon","og_description":"Intervention 24h\/24 7j\/7","og_url":"https:\/\/leroy-et-fils.fr\/couvreurdijon\/","og_site_name":"couvreurdijon","article_modified_time":"2020-09-25T17:53:45+00:00","og_image":[{"url":"http:\/\/leroy-et-fils.fr\/couvreurdijon\/wp-content\/uploads\/sites\/172\/2016\/07\/serruriertourstelephone2-300x39.png","type":"","width":"","height":""}],"twitter_card":"summary_large_image","twitter_misc":{"Dur\u00e9e de lecture estim\u00e9e":"4 minutes"},"schema":{"@context":"https:\/\/schema.org","@graph":[{"@type":"WebPage","@id":"https:\/\/leroy-et-fils.fr\/couvreurdijon\/","url":"https:\/\/leroy-et-fils.fr\/couvreurdijon\/","name":"Couvreur Dijon","isPartOf":{"@id":"https:\/\/leroy-et-fils.fr\/couvreurdijon\/#website"},"primaryImageOfPage":{"@id":"https:\/\/leroy-et-fils.fr\/couvreurdijon\/#primaryimage"},"image":{"@id":"https:\/\/leroy-et-fils.fr\/couvreurdijon\/#primaryimage"},"thumbnailUrl":"http:\/\/leroy-et-fils.fr\/couvreurdijon\/wp-content\/uploads\/sites\/172\/2016\/07\/serruriertourstelephone2-300x39.png","datePublished":"2016-07-27T20:44:20+00:00","dateModified":"2020-09-25T17:53:45+00:00","description":"Intervention 24h\/24 7j\/7","breadcrumb":{"@id":"https:\/\/leroy-et-fils.fr\/couvreurdijon\/#breadcrumb"},"inLanguage":"fr-FR","potentialAction":[{"@type":"ReadAction","target":["https:\/\/leroy-et-fils.fr\/couvreurdijon\/"]}]},{"@type":"ImageObject","inLanguage":"fr-FR","@id":"https:\/\/leroy-et-fils.fr\/couvreurdijon\/#primaryimage","url":"http:\/\/leroy-et-fils.fr\/couvreurdijon\/wp-content\/uploads\/sites\/172\/2016\/07\/serruriertourstelephone2-300x39.png","contentUrl":"http:\/\/leroy-et-fils.fr\/couvreurdijon\/wp-content\/uploads\/sites\/172\/2016\/07\/serruriertourstelephone2-300x39.png"},{"@type":"BreadcrumbList","@id":"https:\/\/leroy-et-fils.fr\/couvreurdijon\/#breadcrumb","itemListElement":[{"@type":"ListItem","position":1,"name":"Accueil","item":"https:\/\/leroy-et-fils.fr\/couvreurdijon\/"},{"@type":"ListItem","position":2,"name":"Couvreur Dijon"}]},{"@type":"WebSite","@id":"https:\/\/leroy-et-fils.fr\/couvreurdijon\/#website","url":"https:\/\/leroy-et-fils.fr\/couvreurdijon\/","name":"couvreurdijon","description":"couvreur \u00e0 Dijon disponible 24h24 7j\/7","potentialAction":[{"@type":"SearchAction","target":{"@type":"EntryPoint","urlTemplate":"https:\/\/leroy-et-fils.fr\/couvreurdijon\/?s={search_term_string}"},"query-input":{"@type":"PropertyValueSpecification","valueRequired":true,"valueName":"search_term_string"}}],"inLanguage":"fr-FR"}]}},"_links":{"self":[{"href":"https:\/\/leroy-et-fils.fr\/couvreurdijon\/wp-json\/wp\/v2\/pages\/516","targetHints":{"allow":["GET"]}}],"collection":[{"href":"https:\/\/leroy-et-fils.fr\/couvreurdijon\/wp-json\/wp\/v2\/pages"}],"about":[{"href":"https:\/\/leroy-et-fils.fr\/couvreurdijon\/wp-json\/wp\/v2\/types\/page"}],"author":[{"embeddable":true,"href":"https:\/\/leroy-et-fils.fr\/couvreurdijon\/wp-json\/wp\/v2\/users\/1"}],"replies":[{"embeddable":true,"href":"https:\/\/leroy-et-fils.fr\/couvreurdijon\/wp-json\/wp\/v2\/comments?post=516"}],"version-history":[{"count":11,"href":"https:\/\/leroy-et-fils.fr\/couvreurdijon\/wp-json\/wp\/v2\/pages\/516\/revisions"}],"predecessor-version":[{"id":631,"href":"https:\/\/leroy-et-fils.fr\/couvreurdijon\/wp-json\/wp\/v2\/pages\/516\/revisions\/631"}],"wp:attachment":[{"href":"https:\/\/leroy-et-fils.fr\/couvreurdijon\/wp-json\/wp\/v2\/media?parent=516"}],"curies":[{"name":"wp","href":"https:\/\/api.w.org\/{rel}","templated":true}]}}