{"id":406,"date":"2016-07-27T22:44:20","date_gmt":"2016-07-27T20:44:20","guid":{"rendered":"http:\/\/leroy-et-fils.fr\/leroy-et-fils-3\/?page_id=8"},"modified":"2018-10-12T17:47:53","modified_gmt":"2018-10-12T15:47:53","slug":"serrurier-dijon","status":"publish","type":"page","link":"https:\/\/leroy-et-fils.fr\/couvreurdijon\/serrurier-dijon\/","title":{"rendered":"Serrurier Dijon"},"content":{"rendered":"<p>[vc_row][vc_column][vc_column_text]<img decoding=\"async\" class=\"size-medium wp-image-136 aligncenter\" src=\"http:\/\/leroy-et-fils.fr\/couvreurdijon\/wp-content\/uploads\/sites\/172\/2016\/07\/serruriertourstelephone2-300x39.png\" alt=\"\" width=\"300\" height=\"39\" \/>[\/vc_column_text][\/vc_column][\/vc_row][vc_row][vc_column width=&#8221;1\/3&#8243;][vc_icon type=&#8221;entypo&#8221; icon_entypo=&#8221;entypo-icon entypo-icon-back-in-time&#8221; color=&#8221;white&#8221; background_style=&#8221;boxed&#8221; background_color=&#8221;juicy_pink&#8221; size=&#8221;lg&#8221; align=&#8221;center&#8221;][vc_custom_heading text=&#8221;Intervention en 30 minutes&#8221; font_container=&#8221;tag:h4|text_align:center&#8221; use_theme_fonts=&#8221;yes&#8221;][vc_column_text]<\/p>\n<p style=\"text-align: center;\">Chez vous en moins de 30 minutes de jour comme de nuit sur\u00a0Dijon et son agglom\u00e9ration. Serrurier urgence, sos serrurier, d\u00e9pannage serrurier, d\u00e9pannage serrurerie<\/p>\n<p>[\/vc_column_text][\/vc_column][vc_column width=&#8221;1\/3&#8243;][vc_icon type=&#8221;entypo&#8221; icon_entypo=&#8221;entypo-icon entypo-icon-key&#8221; color=&#8221;white&#8221; background_style=&#8221;boxed&#8221; background_color=&#8221;juicy_pink&#8221; size=&#8221;lg&#8221; align=&#8221;center&#8221;][vc_custom_heading text=&#8221;Forfait ouverture de porte 75\u20ac TTC&#8221; font_container=&#8221;tag:h4|text_align:center&#8221; use_theme_fonts=&#8221;yes&#8221;][vc_column_text]<\/p>\n<p style=\"text-align: center;\">Nous intervenons\u00a0sur tout type de probl\u00e8me de serrure. Nous effectuons des ouvertures de portes claqu\u00e9es mais \u00e9galement des changements de serrures.<\/p>\n<p>[\/vc_column_text][\/vc_column][vc_column width=&#8221;1\/3&#8243;][vc_icon type=&#8221;entypo&#8221; icon_entypo=&#8221;entypo-icon entypo-icon-phone&#8221; color=&#8221;white&#8221; background_style=&#8221;boxed&#8221; background_color=&#8221;juicy_pink&#8221; size=&#8221;lg&#8221; align=&#8221;center&#8221;][vc_custom_heading text=&#8221;Joignables 24h\/24, 365j par an&#8221; font_container=&#8221;tag:h4|text_align:center&#8221; use_theme_fonts=&#8221;yes&#8221;][vc_column_text]<\/p>\n<p style=\"text-align: center;\">Nous sommes disponible\u00a024h\/24 tous les jours de l&#8217;ann\u00e9e. Vous pouvez donc \u00e9galement nous contacter les weekend et jours f\u00e9ri\u00e9s.<\/p>\n<p>[\/vc_column_text][\/vc_column][\/vc_row][vc_row][vc_column width=&#8221;1\/2&#8243;][vc_custom_heading text=&#8221;Nos interventions &#8221; font_container=&#8221;tag:h2|text_align:center|color:%23ffffff&#8221; google_fonts=&#8221;font_family:Coda%3Aregular%2C800|font_style:400%20regular%3A400%3Anormal&#8221; css=&#8221;.vc_custom_1539359269074{padding-top: 10px !important;padding-right: 10px !important;padding-bottom: 10px !important;padding-left: 10px !important;background-color: #f4524d !important;}&#8221;][vc_column_text][av_iconlist position=&#8217;left&#8217;]<br \/>\n[av_iconlist_item title=&#8217;Ouverture de porte bloqu\u00e9e ou claqu\u00e9e&#8217; link=&#8221; linktarget=&#8221; linkelement=&#8221; icon=&#8217;ue812&#8242; font=&#8217;entypo-fontello&#8217;]<br \/>\nNous vous\u00a0proposons un forfait \u00e0 75 euros pour un ouverture de porte simple en journ\u00e9e.<br \/>\n[\/av_iconlist_item]<br \/>\n[av_iconlist_item title=&#8217;Changement de serrure&#8217; link=&#8221; linktarget=&#8221; linkelement=&#8221; icon=&#8217;ue812&#8242; font=&#8217;entypo-fontello&#8217;]<br \/>\nLe changement de serrure peut se faire d\u00e8s acceptation du devis (Gratuit).<br \/>\n[\/av_iconlist_item]<br \/>\n[av_iconlist_item title=&#8217;R\u00e9paration apr\u00e8s cambriolage&#8217; link=&#8221; linktarget=&#8221; linkelement=&#8221; icon=&#8217;ue812&#8242; font=&#8217;entypo-fontello&#8217;]<br \/>\nNous rempla\u00e7ons et\u00a0rempla\u00e7ons votre serrure le jour m\u00eame.<br \/>\n[\/av_iconlist_item]<br \/>\n[\/av_iconlist][\/vc_column_text][\/vc_column][vc_column width=&#8221;1\/2&#8243;][vc_single_image image=&#8221;450&#8243; img_size=&#8221;full&#8221;][\/vc_column][\/vc_row][vc_row][vc_column][vc_empty_space][\/vc_column][\/vc_row][vc_row][vc_column width=&#8221;1\/2&#8243;][vc_single_image image=&#8221;428&#8243; img_size=&#8221;full&#8221; alignment=&#8221;center&#8221;][\/vc_column][vc_column width=&#8221;1\/2&#8243;][vc_custom_heading text=&#8221;Les zones desservies&#8221; font_container=&#8221;tag:h2|text_align:center|color:%23ffffff&#8221; google_fonts=&#8221;font_family:Coda%3Aregular%2C800|font_style:400%20regular%3A400%3Anormal&#8221; css=&#8221;.vc_custom_1469902171895{padding-top: 10px !important;padding-right: 10px !important;padding-bottom: 10px !important;padding-left: 10px !important;background-color: #f4524d !important;}&#8221;][vc_column_text]Nous intervenons\u00a0\u00e0\u00a0Dijon et la petite couronne (20 Km autour de Dijon).<\/p>\n<p>Il est \u00e0 noter que nous sommes principalement amen\u00e9s \u00e0 intervenir sur des urgences serrurerie, il n&#8217;est donc pas n\u00e9cessaire de nous contacter si vous voulez faire le double de vos cl\u00e9s ou encore changer la serrure d&#8217;une boite aux lettres. Nos techniciens priorisent les urgences serrurier mais peuvent tout \u00e0 fait vous diriger vers des artisans serruriers comp\u00e9tents pour tout autre probl\u00e8me.<\/p>\n<p>Avec\u00a0nous, vous avez donc affaire \u00e0 des professionnels r\u00e9actifs qui ont conscience de la n\u00e9cessite d&#8217;intervenir rapidement et sont en mesure de proposer une prestation de serrurerie d&#8217;urgence du fait d&#8217;une faible zone g\u00e9ographique \u00e0 couvrir.<\/p>\n<p>Nous intervenons \u00e0 Dijon[\/vc_column_text][\/vc_column][\/vc_row][vc_row][vc_column width=&#8221;1\/2&#8243;][vc_custom_heading text=&#8221;DTDM : Une entreprise familiale&#8221; font_container=&#8221;tag:h2|text_align:center|color:%23ffffff&#8221; google_fonts=&#8221;font_family:Coda%3Aregular%2C800|font_style:400%20regular%3A400%3Anormal&#8221; css=&#8221;.vc_custom_1539359170965{padding-top: 10px !important;padding-right: 10px !important;padding-bottom: 10px !important;padding-left: 10px !important;background-color: #f4524d !important;}&#8221;][vc_column_text]Depuis 1996, serrurier urgence intervient \u00e0\u00a0Dijon et son agglom\u00e9ration pour g\u00e9rer tous vos probl\u00e8me de serrure. Notre fa\u00e7on de proc\u00e9der est simple :<\/p>\n<ol>\n<li>Vous appelez notre standard et lui indiquez votre probl\u00e8me et vos coordonn\u00e9es<\/li>\n<li>Notre serrurier\u00a0le plus proche vous rappelle et se rend chez vous<\/li>\n<li>Votre probl\u00e8me est r\u00e9solu<\/li>\n<\/ol>\n<p>Toutes les interventions de serrurerie sont r\u00e9alis\u00e9es par la soci\u00e9t\u00e9 DTDM.<\/p>\n<div class=\"copy-paste-block\"><\/div>\n<div class=\"copy-paste-block\">\u00a0Nos tarifs:<\/div>\n<div class=\"copy-paste-block\">D\u00e9placement: 30 euros TTC<\/div>\n<div class=\"copy-paste-block\">1 Heure de main d\u2019\u0153uvre: 50 euros TTC<\/div>\n<div class=\"copy-paste-block\">Nos tarifs sont major\u00e9s de 100% \u00e0 partir de 20h et le week end.<\/div>\n<div class=\"copy-paste-block\"><\/div>\n<p>[\/vc_column_text][\/vc_column][vc_column width=&#8221;1\/2&#8243;][vc_single_image image=&#8221;123&#8243; img_size=&#8221;full&#8221;][\/vc_column][\/vc_row]<\/p>\n","protected":false},"excerpt":{"rendered":"<p>[vc_row][vc_column][vc_column_text][\/vc_column_text][\/vc_column][\/vc_row][vc_row][vc_column width=&#8221;1\/3&#8243;][vc_icon type=&#8221;entypo&#8221; icon_entypo=&#8221;entypo-icon entypo-icon-back-in-time&#8221; color=&#8221;white&#8221; background_style=&#8221;boxed&#8221; background_color=&#8221;juicy_pink&#8221; size=&#8221;lg&#8221; align=&#8221;center&#8221;][vc_custom_heading text=&#8221;Intervention en 30 minutes&#8221; font_container=&#8221;tag:h4|text_align:center&#8221; use_theme_fonts=&#8221;yes&#8221;][vc_column_text] Chez vous en moins [&hellip;]<\/p>\n","protected":false},"author":1,"featured_media":0,"parent":0,"menu_order":0,"comment_status":"closed","ping_status":"closed","template":"","meta":{"site-sidebar-layout":"default","site-content-layout":"","ast-site-content-layout":"default","site-content-style":"default","site-sidebar-style":"default","ast-global-header-display":"","ast-banner-title-visibility":"","ast-main-header-display":"","ast-hfb-above-header-display":"","ast-hfb-below-header-display":"","ast-hfb-mobile-header-display":"","site-post-title":"","ast-breadcrumbs-content":"","ast-featured-img":"","footer-sml-layout":"","theme-transparent-header-meta":"","adv-header-id-meta":"","stick-header-meta":"","header-above-stick-meta":"","header-main-stick-meta":"","header-below-stick-meta":"","astra-migrate-meta-layouts":"default","ast-page-background-enabled":"default","ast-page-background-meta":{"desktop":{"background-color":"var(--ast-global-color-5)","background-image":"","background-repeat":"repeat","background-position":"center center","background-size":"auto","background-attachment":"scroll","background-type":"","background-media":"","overlay-type":"","overlay-color":"","overlay-opacity":"","overlay-gradient":""},"tablet":{"background-color":"","background-image":"","background-repeat":"repeat","background-position":"center center","background-size":"auto","background-attachment":"scroll","background-type":"","background-media":"","overlay-type":"","overlay-color":"","overlay-opacity":"","overlay-gradient":""},"mobile":{"background-color":"","background-image":"","background-repeat":"repeat","background-position":"center center","background-size":"auto","background-attachment":"scroll","background-type":"","background-media":"","overlay-type":"","overlay-color":"","overlay-opacity":"","overlay-gradient":""}},"ast-content-background-meta":{"desktop":{"background-color":"var(--ast-global-color-4)","background-image":"","background-repeat":"repeat","background-position":"center center","background-size":"auto","background-attachment":"scroll","background-type":"","background-media":"","overlay-type":"","overlay-color":"","overlay-opacity":"","overlay-gradient":""},"tablet":{"background-color":"var(--ast-global-color-4)","background-image":"","background-repeat":"repeat","background-position":"center center","background-size":"auto","background-attachment":"scroll","background-type":"","background-media":"","overlay-type":"","overlay-color":"","overlay-opacity":"","overlay-gradient":""},"mobile":{"background-color":"var(--ast-global-color-4)","background-image":"","background-repeat":"repeat","background-position":"center center","background-size":"auto","background-attachment":"scroll","background-type":"","background-media":"","overlay-type":"","overlay-color":"","overlay-opacity":"","overlay-gradient":""}},"footnotes":""},"class_list":["post-406","page","type-page","status-publish","hentry"],"yoast_head":"<!-- This site is optimized with the Yoast SEO plugin v27.5 - https:\/\/yoast.com\/product\/yoast-seo-wordpress\/ -->\n<title>Serrurier Dijon<\/title>\n<meta name=\"description\" content=\"Intervention 24h\/24 7j\/7\" \/>\n<meta name=\"robots\" content=\"index, follow, max-snippet:-1, max-image-preview:large, max-video-preview:-1\" \/>\n<link rel=\"canonical\" href=\"https:\/\/leroy-et-fils.fr\/couvreurdijon\/serrurier-dijon\/\" \/>\n<meta property=\"og:locale\" content=\"fr_FR\" \/>\n<meta property=\"og:type\" content=\"article\" \/>\n<meta property=\"og:title\" content=\"Serrurier Dijon\" \/>\n<meta property=\"og:description\" content=\"Intervention 24h\/24 7j\/7\" \/>\n<meta property=\"og:url\" content=\"https:\/\/leroy-et-fils.fr\/couvreurdijon\/serrurier-dijon\/\" \/>\n<meta property=\"og:site_name\" content=\"couvreurdijon\" \/>\n<meta property=\"article:modified_time\" content=\"2018-10-12T15:47:53+00:00\" \/>\n<meta property=\"og:image\" content=\"http:\/\/leroy-et-fils.fr\/couvreurdijon\/wp-content\/uploads\/sites\/172\/2016\/07\/serruriertourstelephone2-300x39.png\" \/>\n<meta name=\"twitter:card\" content=\"summary_large_image\" \/>\n<meta name=\"twitter:label1\" content=\"Dur\u00e9e de lecture estim\u00e9e\" \/>\n\t<meta name=\"twitter:data1\" content=\"4 minutes\" \/>\n<script type=\"application\/ld+json\" class=\"yoast-schema-graph\">{\"@context\":\"https:\\\/\\\/schema.org\",\"@graph\":[{\"@type\":\"WebPage\",\"@id\":\"https:\\\/\\\/leroy-et-fils.fr\\\/couvreurdijon\\\/serrurier-dijon\\\/\",\"url\":\"https:\\\/\\\/leroy-et-fils.fr\\\/couvreurdijon\\\/serrurier-dijon\\\/\",\"name\":\"Serrurier Dijon\",\"isPartOf\":{\"@id\":\"https:\\\/\\\/leroy-et-fils.fr\\\/couvreurdijon\\\/#website\"},\"primaryImageOfPage\":{\"@id\":\"https:\\\/\\\/leroy-et-fils.fr\\\/couvreurdijon\\\/serrurier-dijon\\\/#primaryimage\"},\"image\":{\"@id\":\"https:\\\/\\\/leroy-et-fils.fr\\\/couvreurdijon\\\/serrurier-dijon\\\/#primaryimage\"},\"thumbnailUrl\":\"http:\\\/\\\/leroy-et-fils.fr\\\/couvreurdijon\\\/wp-content\\\/uploads\\\/sites\\\/172\\\/2016\\\/07\\\/serruriertourstelephone2-300x39.png\",\"datePublished\":\"2016-07-27T20:44:20+00:00\",\"dateModified\":\"2018-10-12T15:47:53+00:00\",\"description\":\"Intervention 24h\\\/24 7j\\\/7\",\"breadcrumb\":{\"@id\":\"https:\\\/\\\/leroy-et-fils.fr\\\/couvreurdijon\\\/serrurier-dijon\\\/#breadcrumb\"},\"inLanguage\":\"fr-FR\",\"potentialAction\":[{\"@type\":\"ReadAction\",\"target\":[\"https:\\\/\\\/leroy-et-fils.fr\\\/couvreurdijon\\\/serrurier-dijon\\\/\"]}]},{\"@type\":\"ImageObject\",\"inLanguage\":\"fr-FR\",\"@id\":\"https:\\\/\\\/leroy-et-fils.fr\\\/couvreurdijon\\\/serrurier-dijon\\\/#primaryimage\",\"url\":\"http:\\\/\\\/leroy-et-fils.fr\\\/couvreurdijon\\\/wp-content\\\/uploads\\\/sites\\\/172\\\/2016\\\/07\\\/serruriertourstelephone2-300x39.png\",\"contentUrl\":\"http:\\\/\\\/leroy-et-fils.fr\\\/couvreurdijon\\\/wp-content\\\/uploads\\\/sites\\\/172\\\/2016\\\/07\\\/serruriertourstelephone2-300x39.png\"},{\"@type\":\"BreadcrumbList\",\"@id\":\"https:\\\/\\\/leroy-et-fils.fr\\\/couvreurdijon\\\/serrurier-dijon\\\/#breadcrumb\",\"itemListElement\":[{\"@type\":\"ListItem\",\"position\":1,\"name\":\"Accueil\",\"item\":\"https:\\\/\\\/leroy-et-fils.fr\\\/couvreurdijon\\\/\"},{\"@type\":\"ListItem\",\"position\":2,\"name\":\"Serrurier Dijon\"}]},{\"@type\":\"WebSite\",\"@id\":\"https:\\\/\\\/leroy-et-fils.fr\\\/couvreurdijon\\\/#website\",\"url\":\"https:\\\/\\\/leroy-et-fils.fr\\\/couvreurdijon\\\/\",\"name\":\"couvreurdijon\",\"description\":\"couvreur \u00e0 Dijon disponible 24h24 7j\\\/7\",\"potentialAction\":[{\"@type\":\"SearchAction\",\"target\":{\"@type\":\"EntryPoint\",\"urlTemplate\":\"https:\\\/\\\/leroy-et-fils.fr\\\/couvreurdijon\\\/?s={search_term_string}\"},\"query-input\":{\"@type\":\"PropertyValueSpecification\",\"valueRequired\":true,\"valueName\":\"search_term_string\"}}],\"inLanguage\":\"fr-FR\"}]}<\/script>\n<!-- \/ Yoast SEO plugin. -->","yoast_head_json":{"title":"Serrurier Dijon","description":"Intervention 24h\/24 7j\/7","robots":{"index":"index","follow":"follow","max-snippet":"max-snippet:-1","max-image-preview":"max-image-preview:large","max-video-preview":"max-video-preview:-1"},"canonical":"https:\/\/leroy-et-fils.fr\/couvreurdijon\/serrurier-dijon\/","og_locale":"fr_FR","og_type":"article","og_title":"Serrurier Dijon","og_description":"Intervention 24h\/24 7j\/7","og_url":"https:\/\/leroy-et-fils.fr\/couvreurdijon\/serrurier-dijon\/","og_site_name":"couvreurdijon","article_modified_time":"2018-10-12T15:47:53+00:00","og_image":[{"url":"http:\/\/leroy-et-fils.fr\/couvreurdijon\/wp-content\/uploads\/sites\/172\/2016\/07\/serruriertourstelephone2-300x39.png","type":"","width":"","height":""}],"twitter_card":"summary_large_image","twitter_misc":{"Dur\u00e9e de lecture estim\u00e9e":"4 minutes"},"schema":{"@context":"https:\/\/schema.org","@graph":[{"@type":"WebPage","@id":"https:\/\/leroy-et-fils.fr\/couvreurdijon\/serrurier-dijon\/","url":"https:\/\/leroy-et-fils.fr\/couvreurdijon\/serrurier-dijon\/","name":"Serrurier Dijon","isPartOf":{"@id":"https:\/\/leroy-et-fils.fr\/couvreurdijon\/#website"},"primaryImageOfPage":{"@id":"https:\/\/leroy-et-fils.fr\/couvreurdijon\/serrurier-dijon\/#primaryimage"},"image":{"@id":"https:\/\/leroy-et-fils.fr\/couvreurdijon\/serrurier-dijon\/#primaryimage"},"thumbnailUrl":"http:\/\/leroy-et-fils.fr\/couvreurdijon\/wp-content\/uploads\/sites\/172\/2016\/07\/serruriertourstelephone2-300x39.png","datePublished":"2016-07-27T20:44:20+00:00","dateModified":"2018-10-12T15:47:53+00:00","description":"Intervention 24h\/24 7j\/7","breadcrumb":{"@id":"https:\/\/leroy-et-fils.fr\/couvreurdijon\/serrurier-dijon\/#breadcrumb"},"inLanguage":"fr-FR","potentialAction":[{"@type":"ReadAction","target":["https:\/\/leroy-et-fils.fr\/couvreurdijon\/serrurier-dijon\/"]}]},{"@type":"ImageObject","inLanguage":"fr-FR","@id":"https:\/\/leroy-et-fils.fr\/couvreurdijon\/serrurier-dijon\/#primaryimage","url":"http:\/\/leroy-et-fils.fr\/couvreurdijon\/wp-content\/uploads\/sites\/172\/2016\/07\/serruriertourstelephone2-300x39.png","contentUrl":"http:\/\/leroy-et-fils.fr\/couvreurdijon\/wp-content\/uploads\/sites\/172\/2016\/07\/serruriertourstelephone2-300x39.png"},{"@type":"BreadcrumbList","@id":"https:\/\/leroy-et-fils.fr\/couvreurdijon\/serrurier-dijon\/#breadcrumb","itemListElement":[{"@type":"ListItem","position":1,"name":"Accueil","item":"https:\/\/leroy-et-fils.fr\/couvreurdijon\/"},{"@type":"ListItem","position":2,"name":"Serrurier Dijon"}]},{"@type":"WebSite","@id":"https:\/\/leroy-et-fils.fr\/couvreurdijon\/#website","url":"https:\/\/leroy-et-fils.fr\/couvreurdijon\/","name":"couvreurdijon","description":"couvreur \u00e0 Dijon disponible 24h24 7j\/7","potentialAction":[{"@type":"SearchAction","target":{"@type":"EntryPoint","urlTemplate":"https:\/\/leroy-et-fils.fr\/couvreurdijon\/?s={search_term_string}"},"query-input":{"@type":"PropertyValueSpecification","valueRequired":true,"valueName":"search_term_string"}}],"inLanguage":"fr-FR"}]}},"_links":{"self":[{"href":"https:\/\/leroy-et-fils.fr\/couvreurdijon\/wp-json\/wp\/v2\/pages\/406","targetHints":{"allow":["GET"]}}],"collection":[{"href":"https:\/\/leroy-et-fils.fr\/couvreurdijon\/wp-json\/wp\/v2\/pages"}],"about":[{"href":"https:\/\/leroy-et-fils.fr\/couvreurdijon\/wp-json\/wp\/v2\/types\/page"}],"author":[{"embeddable":true,"href":"https:\/\/leroy-et-fils.fr\/couvreurdijon\/wp-json\/wp\/v2\/users\/1"}],"replies":[{"embeddable":true,"href":"https:\/\/leroy-et-fils.fr\/couvreurdijon\/wp-json\/wp\/v2\/comments?post=406"}],"version-history":[{"count":6,"href":"https:\/\/leroy-et-fils.fr\/couvreurdijon\/wp-json\/wp\/v2\/pages\/406\/revisions"}],"predecessor-version":[{"id":474,"href":"https:\/\/leroy-et-fils.fr\/couvreurdijon\/wp-json\/wp\/v2\/pages\/406\/revisions\/474"}],"wp:attachment":[{"href":"https:\/\/leroy-et-fils.fr\/couvreurdijon\/wp-json\/wp\/v2\/media?parent=406"}],"curies":[{"name":"wp","href":"https:\/\/api.w.org\/{rel}","templated":true}]}}