{"id":40,"date":"2014-04-24T16:27:06","date_gmt":"2014-04-24T14:27:06","guid":{"rendered":"http:\/\/leroy-et-fils.fr\/leroy-et-fils-3\/?page_id=40"},"modified":"2026-01-09T22:22:29","modified_gmt":"2026-01-09T21:22:29","slug":"depannage-urgence-24h-24-7j-7","status":"publish","type":"page","link":"https:\/\/leroy-et-fils.fr\/bayonne\/?page_id=40","title":{"rendered":"D\u00e9pannage Urgence plomberie (24h\/24   7J\/7)"},"content":{"rendered":"\t\t<div data-elementor-type=\"wp-page\" data-elementor-id=\"40\" class=\"elementor elementor-40\">\n\t\t\t\t\t\t<section class=\"elementor-section elementor-top-section elementor-element elementor-element-2004fba8 elementor-section-boxed elementor-section-height-default elementor-section-height-default\" data-id=\"2004fba8\" data-element_type=\"section\" data-e-type=\"section\">\n\t\t\t\t\t\t<div class=\"elementor-container elementor-column-gap-default\">\n\t\t\t\t\t<div class=\"elementor-column elementor-col-100 elementor-top-column elementor-element elementor-element-2d49bcba\" data-id=\"2d49bcba\" data-element_type=\"column\" data-e-type=\"column\">\n\t\t\t<div class=\"elementor-widget-wrap elementor-element-populated\">\n\t\t\t\t\t\t<div class=\"elementor-element elementor-element-5d50cc7b elementor-widget elementor-widget-text-editor\" data-id=\"5d50cc7b\" data-element_type=\"widget\" data-e-type=\"widget\" data-widget_type=\"text-editor.default\">\n\t\t\t\t<div class=\"elementor-widget-container\">\n\t\t\t\t\t\t\t\t\t<div>\u00a0<\/div><h1 data-start=\"193\" data-end=\"255\">D\u00e9pannage de plomberie \u00e0 Bayonne \u2013 Plombier local en urgence<\/h1><p data-start=\"257\" data-end=\"608\">Vous recherchez un <strong data-start=\"276\" data-end=\"335\">plombier local pour un d\u00e9pannage de plomberie \u00e0 Bayonne<\/strong> ? Notre entreprise intervient rapidement dans tous les <strong data-start=\"391\" data-end=\"415\">quartiers de Bayonne<\/strong> pour r\u00e9soudre vos urgences : fuite d\u2019eau, canalisation bouch\u00e9e, WC en panne ou chauffe-eau d\u00e9fectueux. Gr\u00e2ce \u00e0 notre proximit\u00e9, nous assurons un <strong data-start=\"561\" data-end=\"601\">d\u00e9pannage plomberie rapide \u00e0 Bayonne<\/strong>, 7j\/7.<\/p><h2 data-start=\"610\" data-end=\"670\">Plombier \u00e0 Bayonne \u2013 Intervention dans tous les quartiers<\/h2><p data-start=\"672\" data-end=\"743\">Nous nous d\u00e9pla\u00e7ons dans l\u2019ensemble de la ville de Bayonne, notamment :<\/p><ul data-start=\"744\" data-end=\"830\"><li data-start=\"744\" data-end=\"761\"><p data-start=\"746\" data-end=\"761\">Grand Bayonne<\/p><\/li><li data-start=\"762\" data-end=\"779\"><p data-start=\"764\" data-end=\"779\">Petit Bayonne<\/p><\/li><li data-start=\"780\" data-end=\"796\"><p data-start=\"782\" data-end=\"796\">Saint-Esprit<\/p><\/li><li data-start=\"797\" data-end=\"808\"><p data-start=\"799\" data-end=\"808\">Marracq<\/p><\/li><li data-start=\"809\" data-end=\"819\"><p data-start=\"811\" data-end=\"819\">Ar\u00e8nes<\/p><\/li><li data-start=\"820\" data-end=\"830\"><p data-start=\"822\" data-end=\"830\">Beyris<\/p><\/li><\/ul><p data-start=\"832\" data-end=\"1037\">Cette pr\u00e9sence locale nous permet de r\u00e9duire les d\u00e9lais d\u2019intervention et de garantir un <strong data-start=\"921\" data-end=\"968\">service de plomberie de proximit\u00e9 \u00e0 Bayonne<\/strong>, aussi bien pour les particuliers que pour les commerces et syndics.<\/p><h2 data-start=\"1039\" data-end=\"1095\">D\u00e9pannage plomberie en urgence \u00e0 Bayonne et alentours<\/h2><p data-start=\"1097\" data-end=\"1296\">Une fuite ou une canalisation bouch\u00e9e ne peut pas attendre. Notre <strong data-start=\"1163\" data-end=\"1185\">plombier \u00e0 Bayonne<\/strong> intervient en urgence pour limiter les d\u00e9g\u00e2ts et remettre vos installations en \u00e9tat dans les meilleurs d\u00e9lais.<\/p><h3 data-start=\"1298\" data-end=\"1350\">Nos prestations de d\u00e9pannage plomberie \u00e0 Bayonne<\/h3><p data-start=\"1351\" data-end=\"1377\">Nous r\u00e9alisons notamment :<\/p><ul data-start=\"1378\" data-end=\"1655\"><li data-start=\"1378\" data-end=\"1430\"><p data-start=\"1380\" data-end=\"1430\">Recherche et r\u00e9paration de fuite d\u2019eau \u00e0 Bayonne<\/p><\/li><li data-start=\"1431\" data-end=\"1482\"><p data-start=\"1433\" data-end=\"1482\">D\u00e9bouchage de canalisations (\u00e9vier, douche, WC)<\/p><\/li><li data-start=\"1483\" data-end=\"1519\"><p data-start=\"1485\" data-end=\"1519\">R\u00e9paration de WC et chasse d\u2019eau<\/p><\/li><li data-start=\"1520\" data-end=\"1571\"><p data-start=\"1522\" data-end=\"1571\">D\u00e9pannage de chauffe-eau et ballon d\u2019eau chaude<\/p><\/li><li data-start=\"1572\" data-end=\"1604\"><p data-start=\"1574\" data-end=\"1604\">Remplacement de robinetterie<\/p><\/li><li data-start=\"1605\" data-end=\"1655\"><p data-start=\"1607\" data-end=\"1655\">Probl\u00e8mes de pression ou d\u2019alimentation en eau<\/p><\/li><\/ul><p data-start=\"1657\" data-end=\"1765\">Chaque <strong data-start=\"1664\" data-end=\"1700\">d\u00e9pannage de plomberie \u00e0 Bayonne<\/strong> fait l\u2019objet d\u2019un diagnostic pr\u00e9cis pour une r\u00e9paration durable.<\/p><h2 data-start=\"1767\" data-end=\"1819\">Intervention rapide \u00e0 Bayonne, Anglet et Biarritz<\/h2><p data-start=\"1821\" data-end=\"1915\">Situ\u00e9s \u00e0 proximit\u00e9 imm\u00e9diate, nous intervenons \u00e9galement pour tout <strong data-start=\"1888\" data-end=\"1911\">d\u00e9pannage plomberie<\/strong> \u00e0 :<\/p><ul data-start=\"1916\" data-end=\"1986\"><li data-start=\"1916\" data-end=\"1926\"><p data-start=\"1918\" data-end=\"1926\">Anglet<\/p><\/li><li data-start=\"1927\" data-end=\"1939\"><p data-start=\"1929\" data-end=\"1939\">Biarritz<\/p><\/li><li data-start=\"1940\" data-end=\"1950\"><p data-start=\"1942\" data-end=\"1950\">Boucau<\/p><\/li><li data-start=\"1951\" data-end=\"1961\"><p data-start=\"1953\" data-end=\"1961\">Tarnos<\/p><\/li><li data-start=\"1962\" data-end=\"1986\"><p data-start=\"1964\" data-end=\"1986\">Saint-Pierre-d\u2019Irube<\/p><\/li><\/ul><p data-start=\"1988\" data-end=\"2117\">Cette zone d\u2019intervention locale renforce notre r\u00e9activit\u00e9 et notre connaissance des installations courantes dans le Pays Basque.<\/p><h2 data-start=\"2119\" data-end=\"2182\">D\u00e9pannage plomberie \u00e0 Bayonne : devis clair et sans surprise<\/h2><p data-start=\"2184\" data-end=\"2427\">Nos tarifs de <strong data-start=\"2198\" data-end=\"2231\">d\u00e9pannage plomberie \u00e0 Bayonne<\/strong> sont transparents. Un devis est syst\u00e9matiquement propos\u00e9 avant intervention, que ce soit pour une urgence ou un d\u00e9pannage planifi\u00e9. Vous b\u00e9n\u00e9ficiez ainsi d\u2019un service professionnel au juste prix.<\/p><h2 data-start=\"2429\" data-end=\"2478\">Pourquoi choisir un plombier local \u00e0 Bayonne ?<\/h2><ul data-start=\"2480\" data-end=\"2723\"><li data-start=\"2480\" data-end=\"2538\"><p data-start=\"2482\" data-end=\"2538\">Intervention rapide dans tous les quartiers de Bayonne<\/p><\/li><li data-start=\"2539\" data-end=\"2588\"><p data-start=\"2541\" data-end=\"2588\">Connaissance des b\u00e2timents anciens et r\u00e9cents<\/p><\/li><li data-start=\"2589\" data-end=\"2639\"><p data-start=\"2591\" data-end=\"2639\">Disponibilit\u00e9 7j\/7 pour les urgences plomberie<\/p><\/li><li data-start=\"2640\" data-end=\"2676\"><p data-start=\"2642\" data-end=\"2676\">Plombier qualifi\u00e9 et exp\u00e9riment\u00e9<\/p><\/li><li data-start=\"2677\" data-end=\"2723\"><p data-start=\"2679\" data-end=\"2723\">Service de proximit\u00e9 et suivi personnalis\u00e9<\/p><\/li><\/ul><p data-start=\"2725\" data-end=\"2856\">Faire appel \u00e0 un <strong data-start=\"2742\" data-end=\"2770\">plombier local \u00e0 Bayonne<\/strong>, c\u2019est choisir la r\u00e9activit\u00e9, la confiance et un savoir-faire adapt\u00e9 \u00e0 votre secteur.<\/p><h2 data-start=\"2858\" data-end=\"2913\">Contactez votre plombier pour un d\u00e9pannage \u00e0 Bayonne<\/h2><p data-start=\"2915\" data-end=\"3117\">Besoin d\u2019un <strong data-start=\"2927\" data-end=\"2963\">d\u00e9pannage de plomberie \u00e0 Bayonne<\/strong> en urgence ou sur rendez-vous ? Contactez d\u00e8s maintenant votre <strong data-start=\"3027\" data-end=\"3055\">plombier local \u00e0 Bayonne<\/strong> pour une intervention rapide et efficace dans votre quartier.<\/p>\t\t\t\t\t\t\t\t<\/div>\n\t\t\t\t<\/div>\n\t\t\t\t\t<\/div>\n\t\t<\/div>\n\t\t\t\t\t<\/div>\n\t\t<\/section>\n\t\t\t\t<\/div>\n\t\t","protected":false},"excerpt":{"rendered":"<p>\u00a0 D\u00e9pannage de plomberie \u00e0 Bayonne \u2013 Plombier local en urgence Vous recherchez un plombier local pour un d\u00e9pannage de [&hellip;]<\/p>\n","protected":false},"author":1,"featured_media":0,"parent":0,"menu_order":0,"comment_status":"open","ping_status":"closed","template":"","meta":{"site-sidebar-layout":"default","site-content-layout":"","ast-site-content-layout":"default","site-content-style":"default","site-sidebar-style":"default","ast-global-header-display":"","ast-banner-title-visibility":"","ast-main-header-display":"","ast-hfb-above-header-display":"","ast-hfb-below-header-display":"","ast-hfb-mobile-header-display":"","site-post-title":"","ast-breadcrumbs-content":"","ast-featured-img":"","footer-sml-layout":"","theme-transparent-header-meta":"","adv-header-id-meta":"","stick-header-meta":"","header-above-stick-meta":"","header-main-stick-meta":"","header-below-stick-meta":"","astra-migrate-meta-layouts":"default","ast-page-background-enabled":"default","ast-page-background-meta":{"desktop":{"background-color":"var(--ast-global-color-5)","background-image":"","background-repeat":"repeat","background-position":"center center","background-size":"auto","background-attachment":"scroll","background-type":"","background-media":"","overlay-type":"","overlay-color":"","overlay-opacity":"","overlay-gradient":""},"tablet":{"background-color":"","background-image":"","background-repeat":"repeat","background-position":"center center","background-size":"auto","background-attachment":"scroll","background-type":"","background-media":"","overlay-type":"","overlay-color":"","overlay-opacity":"","overlay-gradient":""},"mobile":{"background-color":"","background-image":"","background-repeat":"repeat","background-position":"center center","background-size":"auto","background-attachment":"scroll","background-type":"","background-media":"","overlay-type":"","overlay-color":"","overlay-opacity":"","overlay-gradient":""}},"ast-content-background-meta":{"desktop":{"background-color":"var(--ast-global-color-4)","background-image":"","background-repeat":"repeat","background-position":"center center","background-size":"auto","background-attachment":"scroll","background-type":"","background-media":"","overlay-type":"","overlay-color":"","overlay-opacity":"","overlay-gradient":""},"tablet":{"background-color":"var(--ast-global-color-4)","background-image":"","background-repeat":"repeat","background-position":"center center","background-size":"auto","background-attachment":"scroll","background-type":"","background-media":"","overlay-type":"","overlay-color":"","overlay-opacity":"","overlay-gradient":""},"mobile":{"background-color":"var(--ast-global-color-4)","background-image":"","background-repeat":"repeat","background-position":"center center","background-size":"auto","background-attachment":"scroll","background-type":"","background-media":"","overlay-type":"","overlay-color":"","overlay-opacity":"","overlay-gradient":""}},"footnotes":""},"class_list":["post-40","page","type-page","status-publish","hentry"],"yoast_head":"<!-- This site is optimized with the Yoast SEO plugin v27.4 - https:\/\/yoast.com\/product\/yoast-seo-wordpress\/ -->\n<title>D\u00e9pannage Urgence 24h24 7\/7<\/title>\n<meta name=\"description\" content=\"Plombier Bayonne 07 65 18 19 82 D\u00e9pannage Urgence (24h\/24 7J\/7) \u00e0 Bayonne, Biarritz, Anglet. Fuite d&#039;eau d&#039;eau, canalisation bouch\u00e9e, robinet\" \/>\n<meta name=\"robots\" content=\"index, follow, max-snippet:-1, max-image-preview:large, max-video-preview:-1\" \/>\n<link rel=\"canonical\" href=\"https:\/\/leroy-et-fils.fr\/bayonne\/?page_id=40\" \/>\n<meta property=\"og:locale\" content=\"fr_FR\" \/>\n<meta property=\"og:type\" content=\"article\" \/>\n<meta property=\"og:title\" content=\"D\u00e9pannage Urgence 24h24 7\/7\" \/>\n<meta property=\"og:description\" content=\"Plombier Bayonne 07 65 18 19 82 D\u00e9pannage Urgence (24h\/24 7J\/7) \u00e0 Bayonne, Biarritz, Anglet. Fuite d&#039;eau d&#039;eau, canalisation bouch\u00e9e, robinet\" \/>\n<meta property=\"og:url\" content=\"https:\/\/leroy-et-fils.fr\/bayonne\/?page_id=40\" \/>\n<meta property=\"og:site_name\" content=\"PLombier Bayonne\" \/>\n<meta property=\"article:modified_time\" content=\"2026-01-09T21:22:29+00:00\" \/>\n<meta name=\"twitter:label1\" content=\"Dur\u00e9e de lecture estim\u00e9e\" \/>\n\t<meta name=\"twitter:data1\" content=\"3 minutes\" \/>\n<script type=\"application\/ld+json\" class=\"yoast-schema-graph\">{\"@context\":\"https:\\\/\\\/schema.org\",\"@graph\":[{\"@type\":\"WebPage\",\"@id\":\"https:\\\/\\\/leroy-et-fils.fr\\\/bayonne\\\/?page_id=40\",\"url\":\"https:\\\/\\\/leroy-et-fils.fr\\\/bayonne\\\/?page_id=40\",\"name\":\"D\u00e9pannage Urgence 24h24 7\\\/7\",\"isPartOf\":{\"@id\":\"https:\\\/\\\/leroy-et-fils.fr\\\/bayonne\\\/#website\"},\"datePublished\":\"2014-04-24T14:27:06+00:00\",\"dateModified\":\"2026-01-09T21:22:29+00:00\",\"description\":\"Plombier Bayonne 07 65 18 19 82 D\u00e9pannage Urgence (24h\\\/24 7J\\\/7) \u00e0 Bayonne, Biarritz, Anglet. Fuite d'eau d'eau, canalisation bouch\u00e9e, robinet\",\"breadcrumb\":{\"@id\":\"https:\\\/\\\/leroy-et-fils.fr\\\/bayonne\\\/?page_id=40#breadcrumb\"},\"inLanguage\":\"fr-FR\",\"potentialAction\":[{\"@type\":\"ReadAction\",\"target\":[\"https:\\\/\\\/leroy-et-fils.fr\\\/bayonne\\\/?page_id=40\"]}]},{\"@type\":\"BreadcrumbList\",\"@id\":\"https:\\\/\\\/leroy-et-fils.fr\\\/bayonne\\\/?page_id=40#breadcrumb\",\"itemListElement\":[{\"@type\":\"ListItem\",\"position\":1,\"name\":\"Accueil\",\"item\":\"https:\\\/\\\/leroy-et-fils.fr\\\/bayonne\\\/\"},{\"@type\":\"ListItem\",\"position\":2,\"name\":\"D\u00e9pannage Urgence plomberie (24h\\\/24 7J\\\/7)\"}]},{\"@type\":\"WebSite\",\"@id\":\"https:\\\/\\\/leroy-et-fils.fr\\\/bayonne\\\/#website\",\"url\":\"https:\\\/\\\/leroy-et-fils.fr\\\/bayonne\\\/\",\"name\":\"PLombier Bayonne\",\"description\":\"\",\"publisher\":{\"@id\":\"https:\\\/\\\/leroy-et-fils.fr\\\/bayonne\\\/#organization\"},\"potentialAction\":[{\"@type\":\"SearchAction\",\"target\":{\"@type\":\"EntryPoint\",\"urlTemplate\":\"https:\\\/\\\/leroy-et-fils.fr\\\/bayonne\\\/?s={search_term_string}\"},\"query-input\":{\"@type\":\"PropertyValueSpecification\",\"valueRequired\":true,\"valueName\":\"search_term_string\"}}],\"inLanguage\":\"fr-FR\"},{\"@type\":\"Organization\",\"@id\":\"https:\\\/\\\/leroy-et-fils.fr\\\/bayonne\\\/#organization\",\"name\":\"Leroy et Fils Plombier Bayonne\",\"url\":\"https:\\\/\\\/leroy-et-fils.fr\\\/bayonne\\\/\",\"logo\":{\"@type\":\"ImageObject\",\"inLanguage\":\"fr-FR\",\"@id\":\"https:\\\/\\\/leroy-et-fils.fr\\\/bayonne\\\/#\\\/schema\\\/logo\\\/image\\\/\",\"url\":\"https:\\\/\\\/leroy-et-fils.fr\\\/bayonne\\\/wp-content\\\/uploads\\\/sites\\\/185\\\/2021\\\/01\\\/leroyetfils-logo.png\",\"contentUrl\":\"https:\\\/\\\/leroy-et-fils.fr\\\/bayonne\\\/wp-content\\\/uploads\\\/sites\\\/185\\\/2021\\\/01\\\/leroyetfils-logo.png\",\"width\":500,\"height\":113,\"caption\":\"Leroy et Fils Plombier Bayonne\"},\"image\":{\"@id\":\"https:\\\/\\\/leroy-et-fils.fr\\\/bayonne\\\/#\\\/schema\\\/logo\\\/image\\\/\"}}]}<\/script>\n<!-- \/ Yoast SEO plugin. -->","yoast_head_json":{"title":"D\u00e9pannage Urgence 24h24 7\/7","description":"Plombier Bayonne 07 65 18 19 82 D\u00e9pannage Urgence (24h\/24 7J\/7) \u00e0 Bayonne, Biarritz, Anglet. Fuite d'eau d'eau, canalisation bouch\u00e9e, robinet","robots":{"index":"index","follow":"follow","max-snippet":"max-snippet:-1","max-image-preview":"max-image-preview:large","max-video-preview":"max-video-preview:-1"},"canonical":"https:\/\/leroy-et-fils.fr\/bayonne\/?page_id=40","og_locale":"fr_FR","og_type":"article","og_title":"D\u00e9pannage Urgence 24h24 7\/7","og_description":"Plombier Bayonne 07 65 18 19 82 D\u00e9pannage Urgence (24h\/24 7J\/7) \u00e0 Bayonne, Biarritz, Anglet. Fuite d'eau d'eau, canalisation bouch\u00e9e, robinet","og_url":"https:\/\/leroy-et-fils.fr\/bayonne\/?page_id=40","og_site_name":"PLombier Bayonne","article_modified_time":"2026-01-09T21:22:29+00:00","twitter_misc":{"Dur\u00e9e de lecture estim\u00e9e":"3 minutes"},"schema":{"@context":"https:\/\/schema.org","@graph":[{"@type":"WebPage","@id":"https:\/\/leroy-et-fils.fr\/bayonne\/?page_id=40","url":"https:\/\/leroy-et-fils.fr\/bayonne\/?page_id=40","name":"D\u00e9pannage Urgence 24h24 7\/7","isPartOf":{"@id":"https:\/\/leroy-et-fils.fr\/bayonne\/#website"},"datePublished":"2014-04-24T14:27:06+00:00","dateModified":"2026-01-09T21:22:29+00:00","description":"Plombier Bayonne 07 65 18 19 82 D\u00e9pannage Urgence (24h\/24 7J\/7) \u00e0 Bayonne, Biarritz, Anglet. Fuite d'eau d'eau, canalisation bouch\u00e9e, robinet","breadcrumb":{"@id":"https:\/\/leroy-et-fils.fr\/bayonne\/?page_id=40#breadcrumb"},"inLanguage":"fr-FR","potentialAction":[{"@type":"ReadAction","target":["https:\/\/leroy-et-fils.fr\/bayonne\/?page_id=40"]}]},{"@type":"BreadcrumbList","@id":"https:\/\/leroy-et-fils.fr\/bayonne\/?page_id=40#breadcrumb","itemListElement":[{"@type":"ListItem","position":1,"name":"Accueil","item":"https:\/\/leroy-et-fils.fr\/bayonne\/"},{"@type":"ListItem","position":2,"name":"D\u00e9pannage Urgence plomberie (24h\/24 7J\/7)"}]},{"@type":"WebSite","@id":"https:\/\/leroy-et-fils.fr\/bayonne\/#website","url":"https:\/\/leroy-et-fils.fr\/bayonne\/","name":"PLombier Bayonne","description":"","publisher":{"@id":"https:\/\/leroy-et-fils.fr\/bayonne\/#organization"},"potentialAction":[{"@type":"SearchAction","target":{"@type":"EntryPoint","urlTemplate":"https:\/\/leroy-et-fils.fr\/bayonne\/?s={search_term_string}"},"query-input":{"@type":"PropertyValueSpecification","valueRequired":true,"valueName":"search_term_string"}}],"inLanguage":"fr-FR"},{"@type":"Organization","@id":"https:\/\/leroy-et-fils.fr\/bayonne\/#organization","name":"Leroy et Fils Plombier Bayonne","url":"https:\/\/leroy-et-fils.fr\/bayonne\/","logo":{"@type":"ImageObject","inLanguage":"fr-FR","@id":"https:\/\/leroy-et-fils.fr\/bayonne\/#\/schema\/logo\/image\/","url":"https:\/\/leroy-et-fils.fr\/bayonne\/wp-content\/uploads\/sites\/185\/2021\/01\/leroyetfils-logo.png","contentUrl":"https:\/\/leroy-et-fils.fr\/bayonne\/wp-content\/uploads\/sites\/185\/2021\/01\/leroyetfils-logo.png","width":500,"height":113,"caption":"Leroy et Fils Plombier Bayonne"},"image":{"@id":"https:\/\/leroy-et-fils.fr\/bayonne\/#\/schema\/logo\/image\/"}}]}},"_links":{"self":[{"href":"https:\/\/leroy-et-fils.fr\/bayonne\/index.php?rest_route=\/wp\/v2\/pages\/40","targetHints":{"allow":["GET"]}}],"collection":[{"href":"https:\/\/leroy-et-fils.fr\/bayonne\/index.php?rest_route=\/wp\/v2\/pages"}],"about":[{"href":"https:\/\/leroy-et-fils.fr\/bayonne\/index.php?rest_route=\/wp\/v2\/types\/page"}],"author":[{"embeddable":true,"href":"https:\/\/leroy-et-fils.fr\/bayonne\/index.php?rest_route=\/wp\/v2\/users\/1"}],"replies":[{"embeddable":true,"href":"https:\/\/leroy-et-fils.fr\/bayonne\/index.php?rest_route=%2Fwp%2Fv2%2Fcomments&post=40"}],"version-history":[{"count":66,"href":"https:\/\/leroy-et-fils.fr\/bayonne\/index.php?rest_route=\/wp\/v2\/pages\/40\/revisions"}],"predecessor-version":[{"id":624,"href":"https:\/\/leroy-et-fils.fr\/bayonne\/index.php?rest_route=\/wp\/v2\/pages\/40\/revisions\/624"}],"wp:attachment":[{"href":"https:\/\/leroy-et-fils.fr\/bayonne\/index.php?rest_route=%2Fwp%2Fv2%2Fmedia&parent=40"}],"curies":[{"name":"wp","href":"https:\/\/api.w.org\/{rel}","templated":true}]}}