{"id":2,"date":"2014-03-16T10:34:09","date_gmt":"2014-03-16T09:34:09","guid":{"rendered":"http:\/\/leroy-et-fils.fr\/leroy-et-fils-3\/\/?page_id=2"},"modified":"2026-01-12T14:15:35","modified_gmt":"2026-01-12T13:15:35","slug":"plombier-bayonne","status":"publish","type":"page","link":"https:\/\/leroy-et-fils.fr\/bayonne\/","title":{"rendered":"Plombier bayonne"},"content":{"rendered":"\t\t<div data-elementor-type=\"wp-page\" data-elementor-id=\"2\" class=\"elementor elementor-2\">\n\t\t\t\t\t\t<section class=\"elementor-section elementor-top-section elementor-element elementor-element-d7d8d43 elementor-section-boxed elementor-section-height-default elementor-section-height-default\" data-id=\"d7d8d43\" data-element_type=\"section\" data-e-type=\"section\">\n\t\t\t\t\t\t<div class=\"elementor-container elementor-column-gap-default\">\n\t\t\t\t\t<div class=\"elementor-column elementor-col-100 elementor-top-column elementor-element elementor-element-ac4de9a\" data-id=\"ac4de9a\" data-element_type=\"column\" data-e-type=\"column\">\n\t\t\t<div class=\"elementor-widget-wrap elementor-element-populated\">\n\t\t\t\t\t\t<div class=\"elementor-element elementor-element-88982fe elementor-widget elementor-widget-image\" data-id=\"88982fe\" data-element_type=\"widget\" data-e-type=\"widget\" data-widget_type=\"image.default\">\n\t\t\t\t<div class=\"elementor-widget-container\">\n\t\t\t\t\t\t\t\t\t\t\t\t\t\t\t<img fetchpriority=\"high\" decoding=\"async\" width=\"1024\" height=\"683\" src=\"https:\/\/leroy-et-fils.fr\/bayonne\/wp-content\/uploads\/sites\/185\/2025\/11\/depannage-plomberie-V5-1024x683.jpg\" class=\"attachment-large size-large wp-image-574\" alt=\"\" srcset=\"https:\/\/leroy-et-fils.fr\/bayonne\/wp-content\/uploads\/sites\/185\/2025\/11\/depannage-plomberie-V5-1024x683.jpg 1024w, https:\/\/leroy-et-fils.fr\/bayonne\/wp-content\/uploads\/sites\/185\/2025\/11\/depannage-plomberie-V5-300x200.jpg 300w, https:\/\/leroy-et-fils.fr\/bayonne\/wp-content\/uploads\/sites\/185\/2025\/11\/depannage-plomberie-V5-768x512.jpg 768w, https:\/\/leroy-et-fils.fr\/bayonne\/wp-content\/uploads\/sites\/185\/2025\/11\/depannage-plomberie-V5.jpg 1536w\" sizes=\"(max-width: 1024px) 100vw, 1024px\" \/>\t\t\t\t\t\t\t\t\t\t\t\t\t\t\t<\/div>\n\t\t\t\t<\/div>\n\t\t\t\t\t<\/div>\n\t\t<\/div>\n\t\t\t\t\t<\/div>\n\t\t<\/section>\n\t\t\t\t<section class=\"elementor-section elementor-top-section elementor-element elementor-element-f906edb elementor-section-boxed elementor-section-height-default elementor-section-height-default\" data-id=\"f906edb\" data-element_type=\"section\" data-e-type=\"section\">\n\t\t\t\t\t\t<div class=\"elementor-container elementor-column-gap-default\">\n\t\t\t\t\t<div class=\"elementor-column elementor-col-100 elementor-top-column elementor-element elementor-element-187a3717\" data-id=\"187a3717\" data-element_type=\"column\" data-e-type=\"column\">\n\t\t\t<div class=\"elementor-widget-wrap elementor-element-populated\">\n\t\t\t\t\t\t<div class=\"elementor-element elementor-element-1d6914ba elementor-widget-tablet_extra__width-initial elementor-widget elementor-widget-text-editor\" data-id=\"1d6914ba\" data-element_type=\"widget\" data-e-type=\"widget\" data-widget_type=\"text-editor.default\">\n\t\t\t\t<div class=\"elementor-widget-container\">\n\t\t\t\t\t\t\t\t\t<h1>Plombier \u00e0 Bayonne : d\u00e9pannage rapide, installation et r\u00e9novation de plomberie<\/h1><h4 style=\"text-align: center;\"><span style=\"color: #ff0000;\">Forfait D\u00e9pannage 80 \u20ac<br \/><\/span><\/h4><h5 style=\"text-align: center;\"><span style=\"color: #000000;\">\u2713frais de d\u00e9placement,<\/span><\/h5><h5 style=\"text-align: center;\"><span style=\"color: #000000;\">\u2713jusqu\u2019\u00e0 1h de main-d\u2019\u0153uvre,<\/span><\/h5><h5 style=\"text-align: center;\"><span style=\"color: #000000;\">\u2713jusqu\u2019\u00e0 10\u20ac de pi\u00e8ces.<\/span><\/h5><h5>\u00a0<\/h5><h2>Besoin d\u2019un plombier? Intervention rapide 24\/7 \u2013 Appelez-nous maintenant au 05 64 11 62 05<\/h2><h5><span style=\"color: #808080;\">Notre entreprise de plombier Bayonne ouverte 24\/24\u00a0\u00a07j\/7 depuis 20 ans, intervient\u00a0 chez vous sur rendez-vous\u00a0 pour tous vos travaux de plomberie sur Bayonne, Anglet et Biarritz. Les interventions de plombier Bayonne que nous assurons sont:<\/span><\/h5><ul><li><h5><span style=\"color: #808080;\">D\u00e9pannages de plomberie<\/span><\/h5><\/li><li><h5><span style=\"color: #808080;\">D\u00e9bouchage WC<\/span><\/h5><\/li><li><h5><span style=\"color: #808080;\">Fuite d&#8217;eau<\/span><\/h5><\/li><li><h5><span style=\"color: #808080;\">D\u00e9pannages urgents<\/span><\/h5><\/li><li><h5><span style=\"color: #808080;\">Canalisation Bouch\u00e9e<\/span><\/h5><\/li><li><h5><span style=\"color: #808080;\">D\u00e9bouchage Canalisation<\/span><\/h5><\/li><li><h5><span style=\"color: #808080;\">Recherche et r\u00e9paration de fuite<\/span><\/h5><\/li><li><h5><span style=\"color: #808080;\">Installation de chaudi\u00e8re<\/span><\/h5><\/li><li><h5><span style=\"color: #808080;\">Mise en place de syst\u00e8me d\u2019entr\u00e9e et d\u2019\u00e9vacuation d\u2019eau<\/span><\/h5><\/li><li><h5><span style=\"color: #808080;\">D\u00e9bouchage de canalisations<\/span><\/h5><\/li><li><h5><span style=\"color: #808080;\">R\u00e9paration et pose de chasse d&#8217;eau<\/span><\/h5><\/li><li><h5><span style=\"color: #808080;\">Installation de robinet<\/span><\/h5><\/li><li><h5><span style=\"color: #808080;\">Pose de ballon d&#8217;eau chaude<\/span><\/h5><\/li><li><h5><span style=\"color: #808080;\">Colmatage de fuite<\/span><\/h5><\/li><li><h5><span style=\"color: #808080;\">R\u00e9paration de chauffage<\/span><\/h5><\/li><li><h5><span style=\"color: #808080;\">Audit de conformit\u00e9 de vos installations<\/span><\/h5><\/li><li><h5><span style=\"color: #808080;\">Pose de WC sanibroyeurs<\/span><\/h5><\/li><\/ul><div><span style=\"color: #808080;\">\u00a0<\/span><\/div><h2><span style=\"color: #ff0000;\">Nos engagements en tant que plombier responsable\u00a0<\/span><\/h2><ul><li><h5><span style=\"color: #999999;\">Des tarifs responsables et comp\u00e9titifs<\/span><\/h5><\/li><li><h5><span style=\"color: #999999;\">Des plombiers qualifi\u00e9s et certifi\u00e9s<\/span><\/h5><\/li><li><h5><span style=\"color: #999999;\">Assurance responsabilit\u00e9 civile et une assurance d\u00e9cennale<\/span><\/h5><\/li><li><h5><span style=\"color: #999999;\">Un travail soign\u00e9 qui assurera le bon fonctionnement de vos installations dans la dur\u00e9e<\/span><\/h5><\/li><li><h5><span style=\"color: #999999;\">Un respect des d\u00e9lais d\u2019interventions<\/span><\/h5><\/li><li><h5><span style=\"color: #999999;\">Des travaux respectant les derni\u00e8res normes \u00e9nerg\u00e9tiques et environnementales.<\/span><\/h5><\/li><\/ul><h5>Nos villes d&#8217;intervention sont les suivantes:<\/h5><ul><li><h5><a href=\"https:\/\/www.bayonne.fr\/\">Bayonne<\/a><\/h5><\/li><li><h5><a href=\"https:\/\/www.biarritz.fr\/\">Biarritz<\/a><\/h5><\/li><li><h5>Anglet<\/h5><\/li><li><h5>Bidart<\/h5><\/li><li><h5>Boucau<\/h5><\/li><li><h5>Arbonne<\/h5><\/li><li><h5>Guethary<\/h5><\/li><li><h5>Cuxac-d&#8217;Aude<\/h5><\/li><li><h5>Saint Jean<\/h5><\/li><\/ul><h2><span style=\"color: #ff0000;\">Nos partenaires plombier<\/span><\/h2><h5><span style=\"color: #999999;\">Nous sommes partenaires des plus grandes marques de plomberie, robinets, chasse d&#8217;eau, chauffe eau<br \/><\/span><\/h5><ul><li><h5>Grohe.<\/h5><\/li><li><h5>Hansgrohe.<\/h5><\/li><li><h5>Geberit.<\/h5><\/li><li><h5>Ideal Standard.<\/h5><\/li><li><h5>Villeroy &amp; Bosch.<\/h5><\/li><li><h5>Hansa.<\/h5><\/li><li><h5>Jacob Delafon.<\/h5><\/li><li><h5>Porcher.<\/h5><\/li><\/ul><p><span style=\"color: #999999;\"> Nous pouvons ainsi vous proposer les tarifs les plus int\u00e9ressants du march\u00e9. 99% de nos clients nous recommandent \u00e0 leurs amis pour leurs d\u00e9pannages ou urgences en plomberie \u00e0 Bayonne.<br \/><\/span><\/p><h5><a href=\"https:\/\/leroy-et-fils.fr\/bayonne\/devis-plombier\/\">Nos devis sont gratuits. Contactez Nous!<\/a><\/h5><p><a href=\"http:\/\/leroy-et-fils.fr\/bayonne\/wp-content\/uploads\/sites\/90\/2020\/11\/marque-plomberie.png\"><img decoding=\"async\" src=\"http:\/\/leroy-et-fils.fr\/bayonne\/wp-content\/uploads\/sites\/90\/2020\/11\/marque-plomberie.png\" alt=\"\" width=\"512\" height=\"266\" \/><\/a><\/p><h2><span style=\"color: #ff0000;\">Nos partenaires assureurs en d\u00e9pannage plomberie<br \/><\/span><\/h2><h5><span style=\"color: #999999;\">Plombier Bayonne est reconnus et r\u00e9f\u00e9renc\u00e9s\u00a0 par tous les assureurs. Envoyez leur notre facture pour obtenir votre remboursement.<\/span><\/h5><p><a href=\"https:\/\/leroy-et-fils.fr\/bayonne\/wp-content\/uploads\/sites\/90\/2021\/10\/agrees-assurances-plombier-bayonne.png\"><img decoding=\"async\" src=\"https:\/\/leroy-et-fils.fr\/bayonne\/wp-content\/uploads\/sites\/90\/2021\/10\/agrees-assurances-plombier-bayonne.png\" alt=\"\" width=\"285\" height=\"110\" \/><\/a><\/p><h2>\u00a0<\/h2><h2><span style=\"color: #ff0000;\">Plombier Bayonne &#8211; Votre Plombier \u00e0 Bayonne<\/span><\/h2><h5><span style=\"color: #999999;\">Pr\u00e9sent \u00e0 Bayonne depuis plus de 20 ans, nous assurons les d\u00e9pannages et les urgences en plomberie tous les jours de la semaine, y compris le weekend end. Une majoration de 50% est alors demand\u00e9e.<\/span><\/h5><h5><span style=\"color: #999999;\">Ne laissez pas une fuite d&#8217;eau ou un probl\u00e8me de plomberie perturber votre quotidien. Faites appel \u00e0 Plombier Bayonne d\u00e8s maintenant et b\u00e9n\u00e9ficiez d&#8217;une intervention rapide et professionnelle.<\/span><\/h5><div><div><div><div><div data-testid=\"conversation-turn-13\"><div><div><div><div><div><div data-message-author-role=\"assistant\" data-message-id=\"1b0e5712-58aa-4d44-834e-02cbe8d06af8\"><div><h5><span style=\"color: #999999;\">Si vous avez besoin d&#8217;un plombier fiable et professionnel \u00e0 Bayonne, ne cherchez pas plus loin que Plombier Bayonne. Avec notre expertise, notre d\u00e9vouement et notre service client exceptionnel, nous sommes l\u00e0 pour r\u00e9pondre \u00e0 tous vos besoins en plomberie. Contactez-nous d\u00e8s aujourd&#8217;hui pour planifier un rendez-vous ou pour obtenir de l&#8217;aide en cas d&#8217;urgence. Nous sommes l\u00e0 pour vous aider avec tous vos probl\u00e8mes de plomberie \u00e0 Bayonne et ses environs.<\/span><\/h5><div><span style=\"color: #999999;\">\u00a0<\/span><\/div><h3>Fuite, canalisation bouch\u00e9e, chauffe-eau en panne ? Ne laissez pas le probl\u00e8me s&#8217;aggraver, contactez-nous d\u00e8s maintenant au <span style=\"color: #ff0000;\">05 64 11 62 05<\/span><\/h3><h3>Travaux de plomberie sans stress : qualit\u00e9, rapidit\u00e9 et prix justes ! Demandez votre devis gratuit !&#8221;<a href=\"https:\/\/leroy-et-fils.fr\/bayonne\/devis-plombier\/\">Demande de devis<\/a><\/h3><\/div><\/div><\/div><div><div><div>\u00a0<\/div><div>\u00a0<\/div><\/div><\/div><\/div><div><div>\u00a0<\/div><\/div><\/div><\/div><\/div><\/div><\/div><\/div><\/div><\/div><div><form><div><div>\u00a0<\/div><\/div><\/form><\/div><div>\u00a0<\/div>\t\t\t\t\t\t\t\t<\/div>\n\t\t\t\t<\/div>\n\t\t\t\t\t<\/div>\n\t\t<\/div>\n\t\t\t\t\t<\/div>\n\t\t<\/section>\n\t\t\t\t<\/div>\n\t\t","protected":false},"excerpt":{"rendered":"<p>Plombier \u00e0 Bayonne : d\u00e9pannage rapide, installation et r\u00e9novation de plomberie Forfait D\u00e9pannage 80 \u20ac \u2713frais de d\u00e9placement, \u2713jusqu\u2019\u00e0 1h [&hellip;]<\/p>\n","protected":false},"author":1,"featured_media":0,"parent":0,"menu_order":0,"comment_status":"open","ping_status":"closed","template":"","meta":{"site-sidebar-layout":"default","site-content-layout":"","ast-site-content-layout":"default","site-content-style":"default","site-sidebar-style":"default","ast-global-header-display":"","ast-banner-title-visibility":"","ast-main-header-display":"","ast-hfb-above-header-display":"","ast-hfb-below-header-display":"","ast-hfb-mobile-header-display":"","site-post-title":"","ast-breadcrumbs-content":"","ast-featured-img":"","footer-sml-layout":"","theme-transparent-header-meta":"","adv-header-id-meta":"","stick-header-meta":"","header-above-stick-meta":"","header-main-stick-meta":"","header-below-stick-meta":"","astra-migrate-meta-layouts":"default","ast-page-background-enabled":"default","ast-page-background-meta":{"desktop":{"background-color":"var(--ast-global-color-5)","background-image":"","background-repeat":"repeat","background-position":"center center","background-size":"auto","background-attachment":"scroll","background-type":"","background-media":"","overlay-type":"","overlay-color":"","overlay-opacity":"","overlay-gradient":""},"tablet":{"background-color":"","background-image":"","background-repeat":"repeat","background-position":"center center","background-size":"auto","background-attachment":"scroll","background-type":"","background-media":"","overlay-type":"","overlay-color":"","overlay-opacity":"","overlay-gradient":""},"mobile":{"background-color":"","background-image":"","background-repeat":"repeat","background-position":"center center","background-size":"auto","background-attachment":"scroll","background-type":"","background-media":"","overlay-type":"","overlay-color":"","overlay-opacity":"","overlay-gradient":""}},"ast-content-background-meta":{"desktop":{"background-color":"var(--ast-global-color-4)","background-image":"","background-repeat":"repeat","background-position":"center center","background-size":"auto","background-attachment":"scroll","background-type":"","background-media":"","overlay-type":"","overlay-color":"","overlay-opacity":"","overlay-gradient":""},"tablet":{"background-color":"var(--ast-global-color-4)","background-image":"","background-repeat":"repeat","background-position":"center center","background-size":"auto","background-attachment":"scroll","background-type":"","background-media":"","overlay-type":"","overlay-color":"","overlay-opacity":"","overlay-gradient":""},"mobile":{"background-color":"var(--ast-global-color-4)","background-image":"","background-repeat":"repeat","background-position":"center center","background-size":"auto","background-attachment":"scroll","background-type":"","background-media":"","overlay-type":"","overlay-color":"","overlay-opacity":"","overlay-gradient":""}},"footnotes":""},"class_list":["post-2","page","type-page","status-publish","hentry"],"yoast_head":"<!-- This site is optimized with the Yoast SEO plugin v27.4 - https:\/\/yoast.com\/product\/yoast-seo-wordpress\/ -->\n<title>plombier Bayonne et Biarritz 05 64 11 62 05 intervention 24h24 7j\/7<\/title>\n<meta name=\"description\" content=\"plombier Bayonne et Biarritz et Anglet et Biarritz, intervention 24h24 7j\/7 05 64 11 62 05 , canalisation bouch\u00e9e, fuite d&#039;au, WC bouch\u00e9\" \/>\n<meta name=\"robots\" content=\"index, follow, max-snippet:-1, max-image-preview:large, max-video-preview:-1\" \/>\n<link rel=\"canonical\" href=\"https:\/\/leroy-et-fils.fr\/bayonne\/\" \/>\n<meta property=\"og:locale\" content=\"fr_FR\" \/>\n<meta property=\"og:type\" content=\"article\" \/>\n<meta property=\"og:title\" content=\"plombier Bayonne et Biarritz 05 64 11 62 05 intervention 24h24 7j\/7\" \/>\n<meta property=\"og:description\" content=\"plombier Bayonne et Biarritz et Anglet et Biarritz, intervention 24h24 7j\/7 05 64 11 62 05 , canalisation bouch\u00e9e, fuite d&#039;au, WC bouch\u00e9\" \/>\n<meta property=\"og:url\" content=\"https:\/\/leroy-et-fils.fr\/bayonne\/\" \/>\n<meta property=\"og:site_name\" content=\"PLombier Bayonne\" \/>\n<meta property=\"article:modified_time\" content=\"2026-01-12T13:15:35+00:00\" \/>\n<meta property=\"og:image\" content=\"https:\/\/leroy-et-fils.fr\/bayonne\/wp-content\/uploads\/sites\/185\/2025\/11\/depannage-plomberie-V5.jpg\" \/>\n\t<meta property=\"og:image:width\" content=\"1536\" \/>\n\t<meta property=\"og:image:height\" content=\"1024\" \/>\n\t<meta property=\"og:image:type\" content=\"image\/jpeg\" \/>\n<meta name=\"twitter:label1\" content=\"Dur\u00e9e de lecture estim\u00e9e\" \/>\n\t<meta name=\"twitter:data1\" content=\"4 minutes\" \/>\n<script type=\"application\/ld+json\" class=\"yoast-schema-graph\">{\"@context\":\"https:\\\/\\\/schema.org\",\"@graph\":[{\"@type\":\"WebPage\",\"@id\":\"https:\\\/\\\/leroy-et-fils.fr\\\/bayonne\\\/\",\"url\":\"https:\\\/\\\/leroy-et-fils.fr\\\/bayonne\\\/\",\"name\":\"plombier Bayonne et Biarritz 05 64 11 62 05 intervention 24h24 7j\\\/7\",\"isPartOf\":{\"@id\":\"https:\\\/\\\/leroy-et-fils.fr\\\/bayonne\\\/#website\"},\"primaryImageOfPage\":{\"@id\":\"https:\\\/\\\/leroy-et-fils.fr\\\/bayonne\\\/#primaryimage\"},\"image\":{\"@id\":\"https:\\\/\\\/leroy-et-fils.fr\\\/bayonne\\\/#primaryimage\"},\"thumbnailUrl\":\"https:\\\/\\\/leroy-et-fils.fr\\\/bayonne\\\/wp-content\\\/uploads\\\/sites\\\/185\\\/2025\\\/11\\\/depannage-plomberie-V5-1024x683.jpg\",\"datePublished\":\"2014-03-16T09:34:09+00:00\",\"dateModified\":\"2026-01-12T13:15:35+00:00\",\"description\":\"plombier Bayonne et Biarritz et Anglet et Biarritz, intervention 24h24 7j\\\/7 05 64 11 62 05 , canalisation bouch\u00e9e, fuite d'au, WC bouch\u00e9\",\"breadcrumb\":{\"@id\":\"https:\\\/\\\/leroy-et-fils.fr\\\/bayonne\\\/#breadcrumb\"},\"inLanguage\":\"fr-FR\",\"potentialAction\":[{\"@type\":\"ReadAction\",\"target\":[\"https:\\\/\\\/leroy-et-fils.fr\\\/bayonne\\\/\"]}]},{\"@type\":\"ImageObject\",\"inLanguage\":\"fr-FR\",\"@id\":\"https:\\\/\\\/leroy-et-fils.fr\\\/bayonne\\\/#primaryimage\",\"url\":\"https:\\\/\\\/leroy-et-fils.fr\\\/bayonne\\\/wp-content\\\/uploads\\\/sites\\\/185\\\/2025\\\/11\\\/depannage-plomberie-V5.jpg\",\"contentUrl\":\"https:\\\/\\\/leroy-et-fils.fr\\\/bayonne\\\/wp-content\\\/uploads\\\/sites\\\/185\\\/2025\\\/11\\\/depannage-plomberie-V5.jpg\",\"width\":1536,\"height\":1024},{\"@type\":\"BreadcrumbList\",\"@id\":\"https:\\\/\\\/leroy-et-fils.fr\\\/bayonne\\\/#breadcrumb\",\"itemListElement\":[{\"@type\":\"ListItem\",\"position\":1,\"name\":\"Accueil\",\"item\":\"https:\\\/\\\/leroy-et-fils.fr\\\/bayonne\\\/\"},{\"@type\":\"ListItem\",\"position\":2,\"name\":\"Plombier bayonne\"}]},{\"@type\":\"WebSite\",\"@id\":\"https:\\\/\\\/leroy-et-fils.fr\\\/bayonne\\\/#website\",\"url\":\"https:\\\/\\\/leroy-et-fils.fr\\\/bayonne\\\/\",\"name\":\"PLombier Bayonne\",\"description\":\"\",\"publisher\":{\"@id\":\"https:\\\/\\\/leroy-et-fils.fr\\\/bayonne\\\/#organization\"},\"potentialAction\":[{\"@type\":\"SearchAction\",\"target\":{\"@type\":\"EntryPoint\",\"urlTemplate\":\"https:\\\/\\\/leroy-et-fils.fr\\\/bayonne\\\/?s={search_term_string}\"},\"query-input\":{\"@type\":\"PropertyValueSpecification\",\"valueRequired\":true,\"valueName\":\"search_term_string\"}}],\"inLanguage\":\"fr-FR\"},{\"@type\":\"Organization\",\"@id\":\"https:\\\/\\\/leroy-et-fils.fr\\\/bayonne\\\/#organization\",\"name\":\"Leroy et Fils Plombier Bayonne\",\"url\":\"https:\\\/\\\/leroy-et-fils.fr\\\/bayonne\\\/\",\"logo\":{\"@type\":\"ImageObject\",\"inLanguage\":\"fr-FR\",\"@id\":\"https:\\\/\\\/leroy-et-fils.fr\\\/bayonne\\\/#\\\/schema\\\/logo\\\/image\\\/\",\"url\":\"https:\\\/\\\/leroy-et-fils.fr\\\/bayonne\\\/wp-content\\\/uploads\\\/sites\\\/185\\\/2021\\\/01\\\/leroyetfils-logo.png\",\"contentUrl\":\"https:\\\/\\\/leroy-et-fils.fr\\\/bayonne\\\/wp-content\\\/uploads\\\/sites\\\/185\\\/2021\\\/01\\\/leroyetfils-logo.png\",\"width\":500,\"height\":113,\"caption\":\"Leroy et Fils Plombier Bayonne\"},\"image\":{\"@id\":\"https:\\\/\\\/leroy-et-fils.fr\\\/bayonne\\\/#\\\/schema\\\/logo\\\/image\\\/\"}}]}<\/script>\n<!-- \/ Yoast SEO plugin. -->","yoast_head_json":{"title":"plombier Bayonne et Biarritz 05 64 11 62 05 intervention 24h24 7j\/7","description":"plombier Bayonne et Biarritz et Anglet et Biarritz, intervention 24h24 7j\/7 05 64 11 62 05 , canalisation bouch\u00e9e, fuite d'au, WC bouch\u00e9","robots":{"index":"index","follow":"follow","max-snippet":"max-snippet:-1","max-image-preview":"max-image-preview:large","max-video-preview":"max-video-preview:-1"},"canonical":"https:\/\/leroy-et-fils.fr\/bayonne\/","og_locale":"fr_FR","og_type":"article","og_title":"plombier Bayonne et Biarritz 05 64 11 62 05 intervention 24h24 7j\/7","og_description":"plombier Bayonne et Biarritz et Anglet et Biarritz, intervention 24h24 7j\/7 05 64 11 62 05 , canalisation bouch\u00e9e, fuite d'au, WC bouch\u00e9","og_url":"https:\/\/leroy-et-fils.fr\/bayonne\/","og_site_name":"PLombier Bayonne","article_modified_time":"2026-01-12T13:15:35+00:00","og_image":[{"width":1536,"height":1024,"url":"https:\/\/leroy-et-fils.fr\/bayonne\/wp-content\/uploads\/sites\/185\/2025\/11\/depannage-plomberie-V5.jpg","type":"image\/jpeg"}],"twitter_misc":{"Dur\u00e9e de lecture estim\u00e9e":"4 minutes"},"schema":{"@context":"https:\/\/schema.org","@graph":[{"@type":"WebPage","@id":"https:\/\/leroy-et-fils.fr\/bayonne\/","url":"https:\/\/leroy-et-fils.fr\/bayonne\/","name":"plombier Bayonne et Biarritz 05 64 11 62 05 intervention 24h24 7j\/7","isPartOf":{"@id":"https:\/\/leroy-et-fils.fr\/bayonne\/#website"},"primaryImageOfPage":{"@id":"https:\/\/leroy-et-fils.fr\/bayonne\/#primaryimage"},"image":{"@id":"https:\/\/leroy-et-fils.fr\/bayonne\/#primaryimage"},"thumbnailUrl":"https:\/\/leroy-et-fils.fr\/bayonne\/wp-content\/uploads\/sites\/185\/2025\/11\/depannage-plomberie-V5-1024x683.jpg","datePublished":"2014-03-16T09:34:09+00:00","dateModified":"2026-01-12T13:15:35+00:00","description":"plombier Bayonne et Biarritz et Anglet et Biarritz, intervention 24h24 7j\/7 05 64 11 62 05 , canalisation bouch\u00e9e, fuite d'au, WC bouch\u00e9","breadcrumb":{"@id":"https:\/\/leroy-et-fils.fr\/bayonne\/#breadcrumb"},"inLanguage":"fr-FR","potentialAction":[{"@type":"ReadAction","target":["https:\/\/leroy-et-fils.fr\/bayonne\/"]}]},{"@type":"ImageObject","inLanguage":"fr-FR","@id":"https:\/\/leroy-et-fils.fr\/bayonne\/#primaryimage","url":"https:\/\/leroy-et-fils.fr\/bayonne\/wp-content\/uploads\/sites\/185\/2025\/11\/depannage-plomberie-V5.jpg","contentUrl":"https:\/\/leroy-et-fils.fr\/bayonne\/wp-content\/uploads\/sites\/185\/2025\/11\/depannage-plomberie-V5.jpg","width":1536,"height":1024},{"@type":"BreadcrumbList","@id":"https:\/\/leroy-et-fils.fr\/bayonne\/#breadcrumb","itemListElement":[{"@type":"ListItem","position":1,"name":"Accueil","item":"https:\/\/leroy-et-fils.fr\/bayonne\/"},{"@type":"ListItem","position":2,"name":"Plombier bayonne"}]},{"@type":"WebSite","@id":"https:\/\/leroy-et-fils.fr\/bayonne\/#website","url":"https:\/\/leroy-et-fils.fr\/bayonne\/","name":"PLombier Bayonne","description":"","publisher":{"@id":"https:\/\/leroy-et-fils.fr\/bayonne\/#organization"},"potentialAction":[{"@type":"SearchAction","target":{"@type":"EntryPoint","urlTemplate":"https:\/\/leroy-et-fils.fr\/bayonne\/?s={search_term_string}"},"query-input":{"@type":"PropertyValueSpecification","valueRequired":true,"valueName":"search_term_string"}}],"inLanguage":"fr-FR"},{"@type":"Organization","@id":"https:\/\/leroy-et-fils.fr\/bayonne\/#organization","name":"Leroy et Fils Plombier Bayonne","url":"https:\/\/leroy-et-fils.fr\/bayonne\/","logo":{"@type":"ImageObject","inLanguage":"fr-FR","@id":"https:\/\/leroy-et-fils.fr\/bayonne\/#\/schema\/logo\/image\/","url":"https:\/\/leroy-et-fils.fr\/bayonne\/wp-content\/uploads\/sites\/185\/2021\/01\/leroyetfils-logo.png","contentUrl":"https:\/\/leroy-et-fils.fr\/bayonne\/wp-content\/uploads\/sites\/185\/2021\/01\/leroyetfils-logo.png","width":500,"height":113,"caption":"Leroy et Fils Plombier Bayonne"},"image":{"@id":"https:\/\/leroy-et-fils.fr\/bayonne\/#\/schema\/logo\/image\/"}}]}},"_links":{"self":[{"href":"https:\/\/leroy-et-fils.fr\/bayonne\/index.php?rest_route=\/wp\/v2\/pages\/2","targetHints":{"allow":["GET"]}}],"collection":[{"href":"https:\/\/leroy-et-fils.fr\/bayonne\/index.php?rest_route=\/wp\/v2\/pages"}],"about":[{"href":"https:\/\/leroy-et-fils.fr\/bayonne\/index.php?rest_route=\/wp\/v2\/types\/page"}],"author":[{"embeddable":true,"href":"https:\/\/leroy-et-fils.fr\/bayonne\/index.php?rest_route=\/wp\/v2\/users\/1"}],"replies":[{"embeddable":true,"href":"https:\/\/leroy-et-fils.fr\/bayonne\/index.php?rest_route=%2Fwp%2Fv2%2Fcomments&post=2"}],"version-history":[{"count":192,"href":"https:\/\/leroy-et-fils.fr\/bayonne\/index.php?rest_route=\/wp\/v2\/pages\/2\/revisions"}],"predecessor-version":[{"id":632,"href":"https:\/\/leroy-et-fils.fr\/bayonne\/index.php?rest_route=\/wp\/v2\/pages\/2\/revisions\/632"}],"wp:attachment":[{"href":"https:\/\/leroy-et-fils.fr\/bayonne\/index.php?rest_route=%2Fwp%2Fv2%2Fmedia&parent=2"}],"curies":[{"name":"wp","href":"https:\/\/api.w.org\/{rel}","templated":true}]}}